
{"id":33241,"date":"2022-06-21T16:56:04","date_gmt":"2022-06-21T14:56:04","guid":{"rendered":"https:\/\/stonehouse.se\/produkt\/zebra-zc100-plastic-card-printer-with-usb-single-sided\/"},"modified":"2026-04-08T16:33:54","modified_gmt":"2026-04-08T14:33:54","slug":"kortskrivare-zebra-zc100","status":"publish","type":"product","link":"https:\/\/stonehouse.se\/en\/product\/kortskrivare-zebra-zc100\/","title":{"rendered":"Card Printer Zebra ZC100 \u2013 ID Card Printer (Single-Sided)"},"content":{"rendered":"<p><strong>Anv\u00e4ndarv\u00e4nlig och effektiv ID-kortsutskrift med Zebra ZC100:<\/strong> Zebra ZC100 \u00e4r designad f\u00f6r att erbjuda enkelhet och kvalitet i en kompakt design.<\/p>\n<p>Den \u00e4r perfekt f\u00f6r olika till\u00e4mpningar, inklusive anst\u00e4lld ID-kort, medlemskort och evenemangskort.<\/p>\n<p><strong>Features and Benefits:<\/strong><\/p>\n<ul>\n<li><strong>Snabb utskrift:<\/strong> Kan skriva ut upp till 150 f\u00e4rgkort per timme och hela 700 kort per timme i svartvitt, vilket g\u00f6r den mycket effektiv.<\/li>\n<li><strong>Intuitiv anv\u00e4ndning:<\/strong> Utrustad med en grafisk LCD-display och anv\u00e4ndarv\u00e4nliga kontroller f\u00f6r l\u00e4tt navigering.<\/li>\n<li><strong>Flexibel anslutning:<\/strong> USB 2.0 standardanslutning med m\u00f6jlighet till Ethernet och Wi-Fi f\u00f6r enkel integration i befintliga system.<\/li>\n<li><strong>Kostnadseffektiv:<\/strong> Utskrift av b\u00e5de fullf\u00e4rgs- och svartvita kort till ett budgetv\u00e4nligt pris.<\/li>\n<\/ul>\n<p><strong>Technical Specification:<\/strong><\/p>\n<ul>\n<li><strong>Utskriftshastighet:<\/strong> Upp till 150 kort per timme (f\u00e4rgutskrift, enkel-sidig) och 700 kort per timme (monokrom).<\/li>\n<li><strong>Capacity:<\/strong> 100 kort i inmatningstr\u00e5get och 100 kort i utmatningstr\u00e5get.<\/li>\n<li><strong>Korttyp:<\/strong> ISO 7810-format, CR80, ID-1-storlek, kompatibel med PVC och kompositkort.<\/li>\n<li><strong>Anslutningar:<\/strong> USB 2.0, med valfri Ethernet- och Wi-Fi-funktion.<\/li>\n<\/ul>\n<p>Zebra ZC100 \u00e4r en utm\u00e4rkt l\u00f6sning f\u00f6r f\u00f6retag som s\u00f6ker en kostnadseffektiv och l\u00e4ttanv\u00e4nd ID-kortsutskriftsl\u00f6sning.<\/p>","protected":false},"excerpt":{"rendered":"<p>The Zebra ZC100 ID card printer offers a simple and cost-effective solution for printing single-sided ID cards.<\/p>\n<p>It is easy to install and use, with the capacity to print both color and black and white cards.<\/p>\n<p>With a two-year warranty and included EasyBadge Lite software, this is a reliable choice for businesses that need high-quality ID cards.<\/p>","protected":false},"featured_media":83974,"template":"","meta":{"_acf_changed":false},"product_brand":[],"product_cat":[544,2659],"product_tag":[2192,3726,2508,2672],"class_list":{"0":"post-33241","1":"product","2":"type-product","3":"status-publish","4":"has-post-thumbnail","6":"product_cat-kortskrivare","7":"product_cat-zebra-kortskrivare","8":"product_tag-kortprinter-direct-to-card","9":"product_tag-pf","10":"product_tag-trade-produkt","11":"product_tag-zebra","12":"product_shipping_class-tunga-paket","13":"pa_brands-zebra","14":"pa_fabrikat-kortskrivare-zebra","15":"tm-no-options","17":"first","18":"instock","19":"sale","20":"taxable","21":"shipping-taxable","22":"product-type-simple"},"acf":[],"_links":{"self":[{"href":"https:\/\/stonehouse.se\/en\/wp-json\/wp\/v2\/product\/33241","targetHints":{"allow":["GET"]}}],"collection":[{"href":"https:\/\/stonehouse.se\/en\/wp-json\/wp\/v2\/product"}],"about":[{"href":"https:\/\/stonehouse.se\/en\/wp-json\/wp\/v2\/types\/product"}],"wp:featuredmedia":[{"embeddable":true,"href":"https:\/\/stonehouse.se\/en\/wp-json\/wp\/v2\/media\/83974"}],"wp:attachment":[{"href":"https:\/\/stonehouse.se\/en\/wp-json\/wp\/v2\/media?parent=33241"}],"wp:term":[{"taxonomy":"product_brand","embeddable":true,"href":"https:\/\/stonehouse.se\/en\/wp-json\/wp\/v2\/product_brand?post=33241"},{"taxonomy":"product_cat","embeddable":true,"href":"https:\/\/stonehouse.se\/en\/wp-json\/wp\/v2\/product_cat?post=33241"},{"taxonomy":"product_tag","embeddable":true,"href":"https:\/\/stonehouse.se\/en\/wp-json\/wp\/v2\/product_tag?post=33241"}],"curies":[{"name":"wp","href":"https:\/\/api.w.org\/{rel}","templated":true}]}}