
{"id":33247,"date":"2022-06-21T16:55:34","date_gmt":"2022-06-21T14:55:34","guid":{"rendered":"https:\/\/stonehouse.se\/produkt\/evolis-zenius-classic-id-card-printer-single-sided\/"},"modified":"2026-04-08T16:45:10","modified_gmt":"2026-04-08T14:45:10","slug":"kortskrivare-evolis-zenius-classic","status":"publish","type":"product","link":"https:\/\/stonehouse.se\/en\/product\/kortskrivare-evolis-zenius-classic\/","title":{"rendered":"Card Printer Evolis Zenius Classic \u2013 ID Card Printer (Single-Sided)"},"content":{"rendered":"<p><strong>Flexibel och effektiv ID-kortsutskrift med Evolis Zenius Classic:<\/strong> Evolis Zenius Classic \u00e4r en p\u00e5litlig l\u00f6sning f\u00f6r f\u00f6retag som beh\u00f6ver snabbt och enkelt producera ID-kort.<\/p>\n<p>Den \u00e4r s\u00e4rskilt l\u00e4mpad f\u00f6r sm\u00e5 till medelstora utskriftsvolymer och erbjuder anv\u00e4ndarv\u00e4nlighet och h\u00f6g kvalitet.<\/p>\n<p><strong>Features and Benefits:<\/strong><\/p>\n<ul>\n<li><strong>Snabb utskrift:<\/strong> Kan skriva ut upp till 150 f\u00e4rgkort per timme, vilket \u00f6kar produktiviteten och minskar v\u00e4ntetiderna.<\/li>\n<li><strong>Kompakt design:<\/strong> Zenius \u00e4r designad f\u00f6r att vara kompakt och passar l\u00e4tt i olika milj\u00f6er, fr\u00e5n kontor till receptionsdiskar.<\/li>\n<li><strong>Enkel anv\u00e4ndning:<\/strong> Utrustad med Evolis Premium Suite\u00ae mjukvara f\u00f6r enkel installation och anv\u00e4ndning. Den har ocks\u00e5 ett grafiskt gr\u00e4nssnitt som ger anv\u00e4ndarna visuell feedback om skrivaren.<\/li>\n<li><strong>Flera korttyper:<\/strong> Kompatibel med PVC, PET och kompositkort, vilket ger flexibilitet i anv\u00e4ndningen.<\/li>\n<\/ul>\n<p><strong>Technical Specification:<\/strong><\/p>\n<ul>\n<li><strong>Utskriftshastighet:<\/strong> Upp till 150 kort per timme (f\u00e4rgutskrift).<\/li>\n<li><strong>Capacity:<\/strong> 50 kort i inmatningstr\u00e5get och 30 kort i utmatningstr\u00e5get.<\/li>\n<li><strong>Korttyp:<\/strong> ISO 7810-format, CR80, ID-1-storlek, kompatibel med PVC, PET och kompositkort.<\/li>\n<li><strong>Anslutningar:<\/strong> USB 2.0 och Ethernet.<\/li>\n<\/ul>\n<p>Zenius Classic \u00e4r en kostnadseffektiv och m\u00e5ngsidig ID-kortsutskriftsl\u00f6sning, idealisk f\u00f6r f\u00f6retag som v\u00e4rdes\u00e4tter kvalitet och effektivitet.<\/p>","protected":false},"excerpt":{"rendered":"<p>The Evolis Zenius Classic ID card printer is perfect for producing high-quality plastic ID cards in small to medium volumes.<\/p>\n<p>It prints both color and black and white cards at a speed of up to 150 cards per hour.<\/p>\n<p>With its compact design, it fits easily into most environments and is compatible with both Mac and Windows operating systems.<\/p>","protected":false},"featured_media":83944,"template":"","meta":{"_acf_changed":false},"product_brand":[],"product_cat":[544,2652],"product_tag":[2192,2663,3726,2508],"class_list":{"0":"post-33247","1":"product","2":"type-product","3":"status-publish","4":"has-post-thumbnail","6":"product_cat-kortskrivare","7":"product_cat-evolis-kortskrivare","8":"product_tag-kortprinter-direct-to-card","9":"product_tag-evolis","10":"product_tag-pf","11":"product_tag-trade-produkt","12":"product_shipping_class-tunga-paket","13":"pa_brands-evolis","14":"pa_fabrikat-kortskrivare-evolis","15":"tm-no-options","17":"first","18":"instock","19":"sale","20":"taxable","21":"shipping-taxable","22":"product-type-simple"},"acf":[],"_links":{"self":[{"href":"https:\/\/stonehouse.se\/en\/wp-json\/wp\/v2\/product\/33247","targetHints":{"allow":["GET"]}}],"collection":[{"href":"https:\/\/stonehouse.se\/en\/wp-json\/wp\/v2\/product"}],"about":[{"href":"https:\/\/stonehouse.se\/en\/wp-json\/wp\/v2\/types\/product"}],"wp:featuredmedia":[{"embeddable":true,"href":"https:\/\/stonehouse.se\/en\/wp-json\/wp\/v2\/media\/83944"}],"wp:attachment":[{"href":"https:\/\/stonehouse.se\/en\/wp-json\/wp\/v2\/media?parent=33247"}],"wp:term":[{"taxonomy":"product_brand","embeddable":true,"href":"https:\/\/stonehouse.se\/en\/wp-json\/wp\/v2\/product_brand?post=33247"},{"taxonomy":"product_cat","embeddable":true,"href":"https:\/\/stonehouse.se\/en\/wp-json\/wp\/v2\/product_cat?post=33247"},{"taxonomy":"product_tag","embeddable":true,"href":"https:\/\/stonehouse.se\/en\/wp-json\/wp\/v2\/product_tag?post=33247"}],"curies":[{"name":"wp","href":"https:\/\/api.w.org\/{rel}","templated":true}]}}