
{"id":33260,"date":"2022-06-21T16:54:47","date_gmt":"2022-06-21T14:54:47","guid":{"rendered":"https:\/\/stonehouse.se\/produkt\/fargo-dtc1250e-plastic-card-printer-single-sided\/"},"modified":"2026-04-08T16:45:35","modified_gmt":"2026-04-08T14:45:35","slug":"kortskrivare-fargo-dtc1250e-enkel-sidig","status":"publish","type":"product","link":"https:\/\/stonehouse.se\/en\/product\/kortskrivare-fargo-dtc1250e-enkel-sidig\/","title":{"rendered":"Card Printer Fargo DTC1250e - ID Card Printer (Single Sided)"},"content":{"rendered":"<p><strong>Effektiv och prisv\u00e4rd ID-kortsutskrift med Fargo DTC1250e:<\/strong> Fargo DTC1250e \u00e4r designad f\u00f6r sm\u00e5 till medelstora f\u00f6retag och erbjuder h\u00f6g kvalitet och anv\u00e4ndarv\u00e4nlighet i en kompakt design.<\/p>\n<p>Den \u00e4r perfekt f\u00f6r att producera allt fr\u00e5n anst\u00e4lld ID-kort till medlemskort.<\/p>\n<p><strong>Features and Benefits:<\/strong><\/p>\n<ul>\n<li><strong>Snabb utskrift:<\/strong> Utskriftskapacitet p\u00e5 16 sekunder f\u00f6r fullf\u00e4rgs kort och 6 sekunder f\u00f6r svartvita kort, vilket minimerar v\u00e4ntetiden.<\/li>\n<li><strong>Anv\u00e4ndarv\u00e4nlighet:<\/strong> Den intuitiva designen g\u00f6r den enkel att installera och anv\u00e4nda, vilket \u00f6kar effektiviteten.<\/li>\n<li><strong>Flexibilitet:<\/strong> Finns i b\u00e5de enkel- och dubbelsidiga modeller med m\u00f6jlighet att skriva ut p\u00e5 standard CR80-kort.<\/li>\n<li><strong>Kostnadseffektiv:<\/strong> Budgetv\u00e4nlig utskrift med allt-i-ett trykkassetter f\u00f6r enklare installation och underh\u00e5ll.<\/li>\n<\/ul>\n<p><strong>Technical Specification:<\/strong><\/p>\n<ul>\n<li><strong>Utskriftshastighet:<\/strong> Upp till 200 f\u00e4rgkort per timme och 1 000 kort per timme i svartvitt.<\/li>\n<li><strong>Capacity:<\/strong> 100 kort i inmatningstr\u00e5get och upp till 30 kort i utmatningstr\u00e5get.<\/li>\n<li><strong>Korttyp:<\/strong> ISO 7810-format, CR80, ID-1-storlek, kompatibel med PVC, PET och kompositkort.<\/li>\n<li><strong>Anslutningar:<\/strong> USB 2.0 och valfri Ethernet.<\/li>\n<\/ul>\n<p>Observera att ingen skrivarribba ing\u00e5r med skrivaren; se till att l\u00e4gga till en till din best\u00e4llning.<\/p>","protected":false},"excerpt":{"rendered":"<p>The Fargo DTC1250e ID Card Printer offers a user-friendly and cost-effective solution for quickly producing ID cards.<\/p>\n<p>With a print time of just 16 seconds for color cards and 6 seconds for black and white cards, it is ideal for schools and membership clubs.<\/p>\n<p>It includes a three-year warranty and free EasyBadge Lite software.<\/p>","protected":false},"featured_media":84083,"template":"","meta":{"_acf_changed":false},"product_brand":[],"product_cat":[544,2653],"product_tag":[2192,2664,3726,2508],"class_list":{"0":"post-33260","1":"product","2":"type-product","3":"status-publish","4":"has-post-thumbnail","6":"product_cat-kortskrivare","7":"product_cat-fargo-kortskrivare","8":"product_tag-kortprinter-direct-to-card","9":"product_tag-fargo","10":"product_tag-pf","11":"product_tag-trade-produkt","12":"product_shipping_class-tunga-paket","13":"pa_brands-fargo","14":"pa_fabrikat-kortskrivare-fargo","15":"tm-no-options","17":"first","18":"instock","19":"sale","20":"taxable","21":"shipping-taxable","22":"product-type-simple"},"acf":[],"_links":{"self":[{"href":"https:\/\/stonehouse.se\/en\/wp-json\/wp\/v2\/product\/33260","targetHints":{"allow":["GET"]}}],"collection":[{"href":"https:\/\/stonehouse.se\/en\/wp-json\/wp\/v2\/product"}],"about":[{"href":"https:\/\/stonehouse.se\/en\/wp-json\/wp\/v2\/types\/product"}],"wp:featuredmedia":[{"embeddable":true,"href":"https:\/\/stonehouse.se\/en\/wp-json\/wp\/v2\/media\/84083"}],"wp:attachment":[{"href":"https:\/\/stonehouse.se\/en\/wp-json\/wp\/v2\/media?parent=33260"}],"wp:term":[{"taxonomy":"product_brand","embeddable":true,"href":"https:\/\/stonehouse.se\/en\/wp-json\/wp\/v2\/product_brand?post=33260"},{"taxonomy":"product_cat","embeddable":true,"href":"https:\/\/stonehouse.se\/en\/wp-json\/wp\/v2\/product_cat?post=33260"},{"taxonomy":"product_tag","embeddable":true,"href":"https:\/\/stonehouse.se\/en\/wp-json\/wp\/v2\/product_tag?post=33260"}],"curies":[{"name":"wp","href":"https:\/\/api.w.org\/{rel}","templated":true}]}}