
{"id":33261,"date":"2022-06-21T17:54:42","date_gmt":"2022-06-21T15:54:42","guid":{"rendered":"https:\/\/stonehouse.se\/produkt\/magicard-600-duo-id-card-printer-dual-sided\/"},"modified":"2026-04-08T17:05:35","modified_gmt":"2026-04-08T15:05:35","slug":"kortskrivare-magicard-600-duo","status":"publish","type":"product","link":"https:\/\/stonehouse.se\/en\/product\/kortskrivare-magicard-600-duo\/","title":{"rendered":"Card Printer Magicard 600 DUO \u2013 ID Card Printer (Double-Sided)"},"content":{"rendered":"<header class=\"attribute-sleeve-header center\"><\/header>\n<div class=\"attribute-features-text\">\n<p><strong>Professionell och s\u00e4ker ID-kortsutskrift med Magicard 600 DUO:<\/strong> Magicard 600 DUO \u00e4r designad f\u00f6r att producera h\u00f6gkvalitativa ID-kort med enast\u00e5ende hastighet och s\u00e4kerhet.<\/p>\n<p>Den \u00e4r perfekt f\u00f6r f\u00f6retag och institutioner som regelbundet utf\u00e4rdar kort, inklusive s\u00e4kerhetskort och medlemskort.<\/p>\n<p><strong>Features and Benefits:<\/strong><\/p>\n<ul>\n<li><strong>H\u00f6guppl\u00f6st utskrift:<\/strong> Utskrifter med en uppl\u00f6sning p\u00e5 600 x 300 dpi f\u00f6r detaljerade och skarpa bilder.<\/li>\n<li><strong>S\u00e4kerhet:<\/strong> Utrustad med HoloKote\u00ae s\u00e4kerhetsvattenst\u00e4mplar som kan anpassas f\u00f6r att motverka f\u00f6rfalskningar.<\/li>\n<li><strong>Snabb utskrift:<\/strong> Kan skriva ut upp till 190 f\u00e4rgkort per timme, vilket g\u00f6r den mycket effektiv f\u00f6r h\u00f6gvolymproduktion.<\/li>\n<li><strong>Flexibilitet:<\/strong> St\u00f6d f\u00f6r b\u00e5de plastkort och smartkort med en kapacitet p\u00e5 100 kort i inmatningstr\u00e5get och 70 kort i utmatningstr\u00e5get.<\/li>\n<\/ul>\n<p><strong>Technical Specification:<\/strong><\/p>\n<ul>\n<li><strong>Utskriftshastighet:<\/strong> Upp till 190 kort per timme (f\u00e4rgutskrift, dubbelsidig).<\/li>\n<li><strong>Korttyp:<\/strong> ISO 7810-format, CR80, ID-1-storlek, kompatibel med PVC och kompositkort.<\/li>\n<li><strong>Anslutningar:<\/strong> USB 2.0, Ethernet, och Wi-Fi via en medf\u00f6ljande dongle.<\/li>\n<\/ul>\n<p>Observera att ingen skrivarribba ing\u00e5r med skrivaren; se till att l\u00e4gga till en till din best\u00e4llning.<\/p>\n<\/div>","protected":false},"excerpt":{"rendered":"<p>The Magicard 600 DUO ID card printer offers high-resolution image quality and fast printing, making it ideal for professional ID card production.<\/p>\n<p>With advanced security features, including custom watermarks, it protects against cloning.<\/p>\n<p>It comes with a three-year MagiCoverPlus warranty and free EasyBadge Lite software.<\/p>","protected":false},"featured_media":84092,"template":"","meta":{"_acf_changed":false},"product_brand":[],"product_cat":[544,2656],"product_tag":[3261,2641,2661,3726,2508],"class_list":{"0":"post-33261","1":"product","2":"type-product","3":"status-publish","4":"has-post-thumbnail","6":"product_cat-kortskrivare","7":"product_cat-magicard-kortskrivare","8":"product_tag-bastsaljare","9":"product_tag-dubbelsidig-dual-side","10":"product_tag-magicard","11":"product_tag-pf","12":"product_tag-trade-produkt","13":"product_shipping_class-tunga-paket","14":"pa_brands-magicard","15":"pa_fabrikat-kortskrivare-magicard","16":"tm-no-options","18":"first","19":"instock","20":"sale","21":"taxable","22":"shipping-taxable","23":"product-type-simple"},"acf":[],"_links":{"self":[{"href":"https:\/\/stonehouse.se\/en\/wp-json\/wp\/v2\/product\/33261","targetHints":{"allow":["GET"]}}],"collection":[{"href":"https:\/\/stonehouse.se\/en\/wp-json\/wp\/v2\/product"}],"about":[{"href":"https:\/\/stonehouse.se\/en\/wp-json\/wp\/v2\/types\/product"}],"wp:featuredmedia":[{"embeddable":true,"href":"https:\/\/stonehouse.se\/en\/wp-json\/wp\/v2\/media\/84092"}],"wp:attachment":[{"href":"https:\/\/stonehouse.se\/en\/wp-json\/wp\/v2\/media?parent=33261"}],"wp:term":[{"taxonomy":"product_brand","embeddable":true,"href":"https:\/\/stonehouse.se\/en\/wp-json\/wp\/v2\/product_brand?post=33261"},{"taxonomy":"product_cat","embeddable":true,"href":"https:\/\/stonehouse.se\/en\/wp-json\/wp\/v2\/product_cat?post=33261"},{"taxonomy":"product_tag","embeddable":true,"href":"https:\/\/stonehouse.se\/en\/wp-json\/wp\/v2\/product_tag?post=33261"}],"curies":[{"name":"wp","href":"https:\/\/api.w.org\/{rel}","templated":true}]}}