
{"id":33263,"date":"2022-06-21T16:54:35","date_gmt":"2022-06-21T14:54:35","guid":{"rendered":"https:\/\/stonehouse.se\/produkt\/magicard-pronto-plastic-card-printer-single-sided\/"},"modified":"2026-04-08T16:45:52","modified_gmt":"2026-04-08T14:45:52","slug":"kortskrivare-magicard-pronto","status":"publish","type":"product","link":"https:\/\/stonehouse.se\/en\/product\/kortskrivare-magicard-pronto\/","title":{"rendered":"Kortskrivare Magicard Pronto &#8211; ID-kortsskrivare (Enkel-Sidig)"},"content":{"rendered":"<header class=\"attribute-sleeve-header center\"><strong>Kompakt och effektiv ID-kortsutskrift med Magicard Pronto:<\/strong> Magicard Pronto \u00e4r designad f\u00f6r att m\u00f6ta behoven hos sm\u00e5 f\u00f6retag och nyb\u00f6rjare.Den \u00e4r l\u00e4tt att anv\u00e4nda och levererar h\u00f6gkvalitativa ID-kort utan att kompromissa med priset.<strong>Features and Benefits:<\/strong><\/p>\n<ul>\n<li><strong>Hastighet:<\/strong> Skriver ut svartvita kort p\u00e5 endast 7 sekunder och f\u00e4rgkort p\u00e5 35 sekunder, vilket g\u00f6r den mycket effektiv f\u00f6r daglig anv\u00e4ndning.<\/li>\n<li><strong>H\u00f6g kvalitet:<\/strong> Utrustad med en standard s\u00e4kerhetsvattenst\u00e4mpel som ger extra skydd mot kloning utan extra kostnad.<\/li>\n<li><strong>Anv\u00e4ndarv\u00e4nlighet:<\/strong> Den kompakta designen g\u00f6r den idealisk f\u00f6r skrivbord och mindre arbetsutrymmen, vilket ger enkel tillg\u00e5ng f\u00f6r anv\u00e4ndarna.<\/li>\n<li><strong>L\u00e5ng garanti:<\/strong> En tv\u00e5\u00e5rig garanti s\u00e4kerst\u00e4ller trygghet och support vid behov.<\/li>\n<\/ul>\n<p><strong>Technical Specification:<\/strong><\/p>\n<ul>\n<li><strong>Utskriftshastighet:<\/strong> Upp till 200 kort per timme (f\u00e4rgutskrift), 766 kort per timme (monokrom).<\/li>\n<li><strong>Capacity:<\/strong> 50 kort i inmatningstr\u00e5get och 50 kort i utmatningstr\u00e5get.<\/li>\n<li><strong>Korttyp:<\/strong> ISO 7810-format, CR80, ID-1-storlek, kompatibel med PVC och kompositkort.<\/li>\n<li><strong>Anslutningar:<\/strong> USB och Ethernet.<\/li>\n<\/ul>\n<p>Observera att ingen skrivarribba ing\u00e5r med skrivaren; se till att l\u00e4gga till en till din best\u00e4llning.<\/p>\n<\/header>","protected":false},"excerpt":{"rendered":"<p>Magicard Pronto ID-kortsskrivare \u00e4r en av v\u00e5ra mest s\u00e5lda skrivare, perfekt f\u00f6r sm\u00e5 f\u00f6retag med l\u00e5ga utskriftsvolymer.<\/p>\n<p>Den \u00e4r kompakt, l\u00e4tt och erbjuder snabba utskriftstider p\u00e5 7 sekunder f\u00f6r svartvita kort och 35 sekunder f\u00f6r f\u00e4rgkort.<\/p>\n<p>Med en tv\u00e5\u00e5rig garanti och gratis EasyBadge Lite programvara \u00e4r detta en p\u00e5litlig och prisv\u00e4rd l\u00f6sning.<\/p>","protected":false},"featured_media":84547,"template":"","meta":{"_acf_changed":false},"product_brand":[],"product_cat":[544,2656],"product_tag":[2192,2661,3726,2508],"class_list":{"0":"post-33263","1":"product","2":"type-product","3":"status-publish","4":"has-post-thumbnail","6":"product_cat-kortskrivare","7":"product_cat-magicard-kortskrivare","8":"product_tag-kortprinter-direct-to-card","9":"product_tag-magicard","10":"product_tag-pf","11":"product_tag-trade-produkt","12":"product_shipping_class-tunga-paket","13":"pa_brands-magicard","14":"pa_fabrikat-kortskrivare-magicard","15":"tm-no-options","17":"first","18":"instock","19":"sale","20":"taxable","21":"shipping-taxable","22":"product-type-simple"},"acf":[],"_links":{"self":[{"href":"https:\/\/stonehouse.se\/en\/wp-json\/wp\/v2\/product\/33263","targetHints":{"allow":["GET"]}}],"collection":[{"href":"https:\/\/stonehouse.se\/en\/wp-json\/wp\/v2\/product"}],"about":[{"href":"https:\/\/stonehouse.se\/en\/wp-json\/wp\/v2\/types\/product"}],"wp:featuredmedia":[{"embeddable":true,"href":"https:\/\/stonehouse.se\/en\/wp-json\/wp\/v2\/media\/84547"}],"wp:attachment":[{"href":"https:\/\/stonehouse.se\/en\/wp-json\/wp\/v2\/media?parent=33263"}],"wp:term":[{"taxonomy":"product_brand","embeddable":true,"href":"https:\/\/stonehouse.se\/en\/wp-json\/wp\/v2\/product_brand?post=33263"},{"taxonomy":"product_cat","embeddable":true,"href":"https:\/\/stonehouse.se\/en\/wp-json\/wp\/v2\/product_cat?post=33263"},{"taxonomy":"product_tag","embeddable":true,"href":"https:\/\/stonehouse.se\/en\/wp-json\/wp\/v2\/product_tag?post=33263"}],"curies":[{"name":"wp","href":"https:\/\/api.w.org\/{rel}","templated":true}]}}