
{"id":33780,"date":"2022-06-17T12:46:27","date_gmt":"2022-06-17T10:46:27","guid":{"rendered":"https:\/\/stonehouse.se\/produkt\/cardcase-strip-med-ck-yoyo-4-art-nr-a0087nf\/"},"modified":"2025-12-31T20:01:18","modified_gmt":"2025-12-31T19:01:18","slug":"cardcase-strip-med-ck-yoyo-4-art-nr-a0087nf","status":"publish","type":"product","link":"https:\/\/stonehouse.se\/en\/product\/cardcase-strip-med-ck-yoyo-4-art-nr-a0087nf\/","title":{"rendered":"CardCase Strip med CK Yoyo 4 Art.nr A0087NF"},"content":{"rendered":"","protected":false},"excerpt":{"rendered":"<p>Korth\u00e5llare med utskjutningsfunktion. Nu med CardKeep Unihook, en \u00e4nnu s\u00e4krare hook med h\u00e4ngselkl\u00e4mma och helt t\u00e4tslutande kortf\u00e4ste.<br \/>\nMonterad Yoyo 4<br \/>\nF\u00e4rg: Svart<br \/>\nFormat: CR80<br \/>\nMaterial: ABS<\/p>","protected":false},"featured_media":84301,"template":"","meta":{"_acf_changed":false},"product_brand":[],"product_cat":[2607,566,568],"product_tag":[2309],"class_list":{"0":"post-33780","1":"product","2":"type-product","3":"status-publish","4":"has-post-thumbnail","6":"product_cat-jojo-yoyo-tillbehor-rfid","7":"product_cat-jojo-yoyo","8":"product_cat-jojo-yoyo-med-korthallare","9":"product_tag-cardkeep-supplier","10":"product_shipping_class-postnord-varubrev","11":"pa_farg-svart","12":"tm-no-options","14":"first","15":"instock","16":"sale","17":"taxable","18":"shipping-taxable","19":"product-type-simple"},"acf":[],"_links":{"self":[{"href":"https:\/\/stonehouse.se\/en\/wp-json\/wp\/v2\/product\/33780","targetHints":{"allow":["GET"]}}],"collection":[{"href":"https:\/\/stonehouse.se\/en\/wp-json\/wp\/v2\/product"}],"about":[{"href":"https:\/\/stonehouse.se\/en\/wp-json\/wp\/v2\/types\/product"}],"wp:featuredmedia":[{"embeddable":true,"href":"https:\/\/stonehouse.se\/en\/wp-json\/wp\/v2\/media\/84301"}],"wp:attachment":[{"href":"https:\/\/stonehouse.se\/en\/wp-json\/wp\/v2\/media?parent=33780"}],"wp:term":[{"taxonomy":"product_brand","embeddable":true,"href":"https:\/\/stonehouse.se\/en\/wp-json\/wp\/v2\/product_brand?post=33780"},{"taxonomy":"product_cat","embeddable":true,"href":"https:\/\/stonehouse.se\/en\/wp-json\/wp\/v2\/product_cat?post=33780"},{"taxonomy":"product_tag","embeddable":true,"href":"https:\/\/stonehouse.se\/en\/wp-json\/wp\/v2\/product_tag?post=33780"}],"curies":[{"name":"wp","href":"https:\/\/api.w.org\/{rel}","templated":true}]}}