
{"id":33785,"date":"2022-06-17T12:46:18","date_gmt":"2022-06-17T10:46:18","guid":{"rendered":"https:\/\/stonehouse.se\/produkt\/cardcase-strip-med-cardkeep-yoyo-4-art-nr-a0069nf\/"},"modified":"2026-03-17T14:06:14","modified_gmt":"2026-03-17T13:06:14","slug":"cardcase-strip-med-cardkeep-yoyo-4-art-nr-a0069nf","status":"publish","type":"product","link":"https:\/\/stonehouse.se\/en\/product\/cardcase-strip-med-cardkeep-yoyo-4-art-nr-a0069nf\/","title":{"rendered":"CardCase Strip med CardKeep Yoyo 4 Art.nr A0069NF"},"content":{"rendered":"","protected":false},"excerpt":{"rendered":"<p>Korth\u00e5llare med utskjutningsfunktion f\u00f6r magnetremsa.<br \/>\nNu med CK Unihook, en \u00e4nnu s\u00e4krare hook med h\u00e4ngselkl\u00e4mma och helt t\u00e4tslutande kortf\u00e4ste.<br \/>\nTumgrepp v\u00e4nster<br \/>\nMonterad CK Yoyo 4<br \/>\nSkyddar kort mot slitage<br \/>\nF\u00e4rg: Svart<br \/>\nFormat: CR80<br \/>\nMaterial: ABS<\/p>","protected":false},"featured_media":84584,"template":"","meta":{"_acf_changed":false},"product_brand":[],"product_cat":[2607,566,568],"product_tag":[2309],"class_list":{"0":"post-33785","1":"product","2":"type-product","3":"status-publish","4":"has-post-thumbnail","6":"product_cat-jojo-yoyo-tillbehor-rfid","7":"product_cat-jojo-yoyo","8":"product_cat-jojo-yoyo-med-korthallare","9":"product_tag-cardkeep-supplier","10":"product_shipping_class-postnord-varubrev","11":"pa_farg-svart","12":"tm-no-options","14":"first","15":"instock","16":"sale","17":"featured","18":"taxable","19":"shipping-taxable","20":"product-type-simple"},"acf":[],"_links":{"self":[{"href":"https:\/\/stonehouse.se\/en\/wp-json\/wp\/v2\/product\/33785","targetHints":{"allow":["GET"]}}],"collection":[{"href":"https:\/\/stonehouse.se\/en\/wp-json\/wp\/v2\/product"}],"about":[{"href":"https:\/\/stonehouse.se\/en\/wp-json\/wp\/v2\/types\/product"}],"wp:featuredmedia":[{"embeddable":true,"href":"https:\/\/stonehouse.se\/en\/wp-json\/wp\/v2\/media\/84584"}],"wp:attachment":[{"href":"https:\/\/stonehouse.se\/en\/wp-json\/wp\/v2\/media?parent=33785"}],"wp:term":[{"taxonomy":"product_brand","embeddable":true,"href":"https:\/\/stonehouse.se\/en\/wp-json\/wp\/v2\/product_brand?post=33785"},{"taxonomy":"product_cat","embeddable":true,"href":"https:\/\/stonehouse.se\/en\/wp-json\/wp\/v2\/product_cat?post=33785"},{"taxonomy":"product_tag","embeddable":true,"href":"https:\/\/stonehouse.se\/en\/wp-json\/wp\/v2\/product_tag?post=33785"}],"curies":[{"name":"wp","href":"https:\/\/api.w.org\/{rel}","templated":true}]}}