
{"id":33803,"date":"2022-06-17T12:33:17","date_gmt":"2022-06-17T10:33:17","guid":{"rendered":"https:\/\/stonehouse.se\/produkt\/yoyo-reko-330-med-friktionsclip-art-nr-28311-3000-a0056\/"},"modified":"2025-12-31T20:00:58","modified_gmt":"2025-12-31T19:00:58","slug":"yoyo-reko-330-med-friktionsclip-art-nr-28311-3000-a0056","status":"publish","type":"product","link":"https:\/\/stonehouse.se\/en\/product\/yoyo-reko-330-med-friktionsclip-art-nr-28311-3000-a0056\/","title":{"rendered":"Yoyo Reko 330 med Friktionsclip Art.nr 28311-3000 + A0056"},"content":{"rendered":"","protected":false},"excerpt":{"rendered":"<p>Praktisk och funktionell yoyo<br \/>\nFriktionsclip f\u00f6r att slippa g\u00f6ra h\u00e5l i kortet<\/p>","protected":false},"featured_media":84591,"template":"","meta":{"_acf_changed":false},"product_brand":[],"product_cat":[557,572],"product_tag":[2309,2209],"class_list":{"0":"post-33803","1":"product","2":"type-product","3":"status-publish","4":"has-post-thumbnail","6":"product_cat-passerkortshallare","7":"product_cat-populara-kombinationer-2_tillbehor-rfid","8":"product_tag-cardkeep-supplier","9":"product_tag-populara-kombinationer","10":"product_shipping_class-postnord-varubrev","11":"pa_farg-svart","12":"tm-no-options","14":"first","15":"instock","16":"sale","17":"taxable","18":"shipping-taxable","19":"product-type-simple"},"acf":[],"_links":{"self":[{"href":"https:\/\/stonehouse.se\/en\/wp-json\/wp\/v2\/product\/33803","targetHints":{"allow":["GET"]}}],"collection":[{"href":"https:\/\/stonehouse.se\/en\/wp-json\/wp\/v2\/product"}],"about":[{"href":"https:\/\/stonehouse.se\/en\/wp-json\/wp\/v2\/types\/product"}],"wp:featuredmedia":[{"embeddable":true,"href":"https:\/\/stonehouse.se\/en\/wp-json\/wp\/v2\/media\/84591"}],"wp:attachment":[{"href":"https:\/\/stonehouse.se\/en\/wp-json\/wp\/v2\/media?parent=33803"}],"wp:term":[{"taxonomy":"product_brand","embeddable":true,"href":"https:\/\/stonehouse.se\/en\/wp-json\/wp\/v2\/product_brand?post=33803"},{"taxonomy":"product_cat","embeddable":true,"href":"https:\/\/stonehouse.se\/en\/wp-json\/wp\/v2\/product_cat?post=33803"},{"taxonomy":"product_tag","embeddable":true,"href":"https:\/\/stonehouse.se\/en\/wp-json\/wp\/v2\/product_tag?post=33803"}],"curies":[{"name":"wp","href":"https:\/\/api.w.org\/{rel}","templated":true}]}}