
{"id":33810,"date":"2022-06-17T12:33:09","date_gmt":"2022-06-17T10:33:09","guid":{"rendered":"https:\/\/stonehouse.se\/produkt\/cardkeep-excellent-med-cardkeep-yoyo-4-art-nr-a0088nf\/"},"modified":"2025-12-31T19:58:15","modified_gmt":"2025-12-31T18:58:15","slug":"cardkeep-excellent-med-cardkeep-yoyo-4-art-nr-a0088nf","status":"publish","type":"product","link":"https:\/\/stonehouse.se\/en\/product\/cardkeep-excellent-med-cardkeep-yoyo-4-art-nr-a0088nf\/","title":{"rendered":"CardKeep Excellent med CardKeep Yoyo 4 Art.nr A0088NF"},"content":{"rendered":"","protected":false},"excerpt":{"rendered":"<p>Nu med CardKeep Unihook, en \u00e4nnu s\u00e4krare hook med h\u00e4ngselkl\u00e4mma och helt t\u00e4tslutande kortf\u00e4ste.<br \/>\nMonterad Yoyo 4<br \/>\nF\u00e4rg: Svart<br \/>\nFormat: CR80<br \/>\nMaterial: ABS\/PP<\/p>","protected":false},"featured_media":84602,"template":"","meta":{"_acf_changed":false},"product_brand":[],"product_cat":[557,572],"product_tag":[2309,2209],"class_list":{"0":"post-33810","1":"product","2":"type-product","3":"status-publish","4":"has-post-thumbnail","6":"product_cat-passerkortshallare","7":"product_cat-populara-kombinationer-2_tillbehor-rfid","8":"product_tag-cardkeep-supplier","9":"product_tag-populara-kombinationer","10":"product_shipping_class-postnord-varubrev","11":"pa_farg-svart","12":"tm-no-options","14":"first","15":"instock","16":"sale","17":"taxable","18":"shipping-taxable","19":"product-type-simple"},"acf":[],"_links":{"self":[{"href":"https:\/\/stonehouse.se\/en\/wp-json\/wp\/v2\/product\/33810","targetHints":{"allow":["GET"]}}],"collection":[{"href":"https:\/\/stonehouse.se\/en\/wp-json\/wp\/v2\/product"}],"about":[{"href":"https:\/\/stonehouse.se\/en\/wp-json\/wp\/v2\/types\/product"}],"wp:featuredmedia":[{"embeddable":true,"href":"https:\/\/stonehouse.se\/en\/wp-json\/wp\/v2\/media\/84602"}],"wp:attachment":[{"href":"https:\/\/stonehouse.se\/en\/wp-json\/wp\/v2\/media?parent=33810"}],"wp:term":[{"taxonomy":"product_brand","embeddable":true,"href":"https:\/\/stonehouse.se\/en\/wp-json\/wp\/v2\/product_brand?post=33810"},{"taxonomy":"product_cat","embeddable":true,"href":"https:\/\/stonehouse.se\/en\/wp-json\/wp\/v2\/product_cat?post=33810"},{"taxonomy":"product_tag","embeddable":true,"href":"https:\/\/stonehouse.se\/en\/wp-json\/wp\/v2\/product_tag?post=33810"}],"curies":[{"name":"wp","href":"https:\/\/api.w.org\/{rel}","templated":true}]}}