
{"id":33811,"date":"2022-06-17T12:33:09","date_gmt":"2022-06-17T10:33:09","guid":{"rendered":"https:\/\/stonehouse.se\/produkt\/ck-yoyo-3-med-ck-ecologic-art-nr-a0030\/"},"modified":"2025-12-31T20:00:33","modified_gmt":"2025-12-31T19:00:33","slug":"ck-yoyo-3-med-ck-ecologic-art-nr-a0030","status":"publish","type":"product","link":"https:\/\/stonehouse.se\/en\/product\/ck-yoyo-3-med-ck-ecologic-art-nr-a0030\/","title":{"rendered":"CK Yoyo 3 med CK Ecologic Art.nr A0030"},"content":{"rendered":"","protected":false},"excerpt":{"rendered":"<p>CardKeep Yoyo 3 med monterad CardKeep Ecologic<br \/>\nPopul\u00e4r och slitstark yoyo<br \/>\nMilj\u00f6v\u00e4nlig korth\u00e5llare<\/p>","protected":false},"featured_media":84149,"template":"","meta":{"_acf_changed":false},"product_brand":[],"product_cat":[557,572],"product_tag":[2309,2209,1745],"class_list":{"0":"post-33811","1":"product","2":"type-product","3":"status-publish","4":"has-post-thumbnail","6":"product_cat-passerkortshallare","7":"product_cat-populara-kombinationer-2_tillbehor-rfid","8":"product_tag-cardkeep-supplier","9":"product_tag-populara-kombinationer","10":"product_tag-rel-rfid-tillbehor","11":"product_shipping_class-postnord-varubrev","12":"pa_farg-svart","13":"tm-no-options","15":"first","16":"instock","17":"sale","18":"taxable","19":"shipping-taxable","20":"product-type-simple"},"acf":[],"_links":{"self":[{"href":"https:\/\/stonehouse.se\/en\/wp-json\/wp\/v2\/product\/33811","targetHints":{"allow":["GET"]}}],"collection":[{"href":"https:\/\/stonehouse.se\/en\/wp-json\/wp\/v2\/product"}],"about":[{"href":"https:\/\/stonehouse.se\/en\/wp-json\/wp\/v2\/types\/product"}],"wp:featuredmedia":[{"embeddable":true,"href":"https:\/\/stonehouse.se\/en\/wp-json\/wp\/v2\/media\/84149"}],"wp:attachment":[{"href":"https:\/\/stonehouse.se\/en\/wp-json\/wp\/v2\/media?parent=33811"}],"wp:term":[{"taxonomy":"product_brand","embeddable":true,"href":"https:\/\/stonehouse.se\/en\/wp-json\/wp\/v2\/product_brand?post=33811"},{"taxonomy":"product_cat","embeddable":true,"href":"https:\/\/stonehouse.se\/en\/wp-json\/wp\/v2\/product_cat?post=33811"},{"taxonomy":"product_tag","embeddable":true,"href":"https:\/\/stonehouse.se\/en\/wp-json\/wp\/v2\/product_tag?post=33811"}],"curies":[{"name":"wp","href":"https:\/\/api.w.org\/{rel}","templated":true}]}}