
{"id":33815,"date":"2022-06-17T12:33:03","date_gmt":"2022-06-17T10:33:03","guid":{"rendered":"https:\/\/stonehouse.se\/produkt\/reko-71-med-metallclip-b\/"},"modified":"2025-12-31T19:57:58","modified_gmt":"2025-12-31T18:57:58","slug":"reko-71-med-metallclip-b","status":"publish","type":"product","link":"https:\/\/stonehouse.se\/en\/product\/reko-71-med-metallclip-b\/","title":{"rendered":"Reko 71 med metallclip B"},"content":{"rendered":"","protected":false},"excerpt":{"rendered":"<p>T\u00e4ckt korth\u00e5llare som skyddar mot v\u00e4ta och smuts<br \/>\nF\u00f6rst\u00e4rkt ID-strip med metallclip<br \/>\nPassar 1 kort<\/p>","protected":false},"featured_media":84155,"template":"","meta":{"_acf_changed":false},"product_brand":[],"product_cat":[557,572],"product_tag":[2309,2209],"class_list":{"0":"post-33815","1":"product","2":"type-product","3":"status-publish","4":"has-post-thumbnail","6":"product_cat-passerkortshallare","7":"product_cat-populara-kombinationer-2_tillbehor-rfid","8":"product_tag-cardkeep-supplier","9":"product_tag-populara-kombinationer","10":"product_shipping_class-postnord-varubrev","11":"pa_farg-transparent","12":"tm-no-options","14":"first","15":"instock","16":"sale","17":"taxable","18":"shipping-taxable","19":"product-type-simple"},"acf":[],"_links":{"self":[{"href":"https:\/\/stonehouse.se\/en\/wp-json\/wp\/v2\/product\/33815","targetHints":{"allow":["GET"]}}],"collection":[{"href":"https:\/\/stonehouse.se\/en\/wp-json\/wp\/v2\/product"}],"about":[{"href":"https:\/\/stonehouse.se\/en\/wp-json\/wp\/v2\/types\/product"}],"wp:featuredmedia":[{"embeddable":true,"href":"https:\/\/stonehouse.se\/en\/wp-json\/wp\/v2\/media\/84155"}],"wp:attachment":[{"href":"https:\/\/stonehouse.se\/en\/wp-json\/wp\/v2\/media?parent=33815"}],"wp:term":[{"taxonomy":"product_brand","embeddable":true,"href":"https:\/\/stonehouse.se\/en\/wp-json\/wp\/v2\/product_brand?post=33815"},{"taxonomy":"product_cat","embeddable":true,"href":"https:\/\/stonehouse.se\/en\/wp-json\/wp\/v2\/product_cat?post=33815"},{"taxonomy":"product_tag","embeddable":true,"href":"https:\/\/stonehouse.se\/en\/wp-json\/wp\/v2\/product_tag?post=33815"}],"curies":[{"name":"wp","href":"https:\/\/api.w.org\/{rel}","templated":true}]}}