
{"id":33818,"date":"2022-06-17T12:33:00","date_gmt":"2022-06-17T10:33:00","guid":{"rendered":"https:\/\/stonehouse.se\/produkt\/cardkeep-excellent-med-hook-b-art-nr-11411-5154\/"},"modified":"2025-12-31T19:56:32","modified_gmt":"2025-12-31T18:56:32","slug":"cardkeep-excellent-med-hook-b-art-nr-11411-5154","status":"publish","type":"product","link":"https:\/\/stonehouse.se\/en\/product\/cardkeep-excellent-med-hook-b-art-nr-11411-5154\/","title":{"rendered":"CardKeep Excellent med Hook B Art.nr 11411-5154"},"content":{"rendered":"","protected":false},"excerpt":{"rendered":"<p>CardKeep Excellent p\u00e5 monterad Hook B<br \/>\nPopul\u00e4r korth\u00e5llare med funktionellt tumgrepp<br \/>\nH\u00e4ngselkl\u00e4mma f\u00f6r enkel fasts\u00e4ttning i exempelvis kl\u00e4der<\/p>","protected":false},"featured_media":84161,"template":"","meta":{"_acf_changed":false},"product_brand":[],"product_cat":[557,572],"product_tag":[2309,2209],"class_list":{"0":"post-33818","1":"product","2":"type-product","3":"status-publish","4":"has-post-thumbnail","6":"product_cat-passerkortshallare","7":"product_cat-populara-kombinationer-2_tillbehor-rfid","8":"product_tag-cardkeep-supplier","9":"product_tag-populara-kombinationer","10":"product_shipping_class-postnord-varubrev","11":"pa_farg-svart","12":"tm-no-options","14":"first","15":"instock","16":"sale","17":"taxable","18":"shipping-taxable","19":"product-type-simple"},"acf":[],"_links":{"self":[{"href":"https:\/\/stonehouse.se\/en\/wp-json\/wp\/v2\/product\/33818","targetHints":{"allow":["GET"]}}],"collection":[{"href":"https:\/\/stonehouse.se\/en\/wp-json\/wp\/v2\/product"}],"about":[{"href":"https:\/\/stonehouse.se\/en\/wp-json\/wp\/v2\/types\/product"}],"wp:featuredmedia":[{"embeddable":true,"href":"https:\/\/stonehouse.se\/en\/wp-json\/wp\/v2\/media\/84161"}],"wp:attachment":[{"href":"https:\/\/stonehouse.se\/en\/wp-json\/wp\/v2\/media?parent=33818"}],"wp:term":[{"taxonomy":"product_brand","embeddable":true,"href":"https:\/\/stonehouse.se\/en\/wp-json\/wp\/v2\/product_brand?post=33818"},{"taxonomy":"product_cat","embeddable":true,"href":"https:\/\/stonehouse.se\/en\/wp-json\/wp\/v2\/product_cat?post=33818"},{"taxonomy":"product_tag","embeddable":true,"href":"https:\/\/stonehouse.se\/en\/wp-json\/wp\/v2\/product_tag?post=33818"}],"curies":[{"name":"wp","href":"https:\/\/api.w.org\/{rel}","templated":true}]}}