
{"id":33827,"date":"2022-06-17T12:13:20","date_gmt":"2022-06-17T10:13:20","guid":{"rendered":"https:\/\/stonehouse.se\/produkt\/plastclip-b-for-lanyard\/"},"modified":"2025-12-31T19:56:18","modified_gmt":"2025-12-31T18:56:18","slug":"plastclip-b-for-lanyard","status":"publish","type":"product","link":"https:\/\/stonehouse.se\/en\/product\/plastclip-b-for-lanyard\/","title":{"rendered":"Plastclip B f\u00f6r lanyard"},"content":{"rendered":"","protected":false},"excerpt":{"rendered":"<p>H\u00e4ngselkl\u00e4mma i plast<br \/>\nAnpassad f\u00f6r band<br \/>\nMaterial: Plast<\/p>","protected":false},"featured_media":83988,"template":"","meta":{"_acf_changed":false},"product_brand":[],"product_cat":[574],"product_tag":[2309],"class_list":{"0":"post-33827","1":"product","2":"type-product","3":"status-publish","4":"has-post-thumbnail","6":"product_cat-kortklamma-montering","7":"product_tag-cardkeep-supplier","8":"product_shipping_class-postnord-varubrev","9":"tm-no-options","11":"first","12":"instock","13":"sale","14":"taxable","15":"shipping-taxable","16":"product-type-simple"},"acf":[],"_links":{"self":[{"href":"https:\/\/stonehouse.se\/en\/wp-json\/wp\/v2\/product\/33827","targetHints":{"allow":["GET"]}}],"collection":[{"href":"https:\/\/stonehouse.se\/en\/wp-json\/wp\/v2\/product"}],"about":[{"href":"https:\/\/stonehouse.se\/en\/wp-json\/wp\/v2\/types\/product"}],"wp:featuredmedia":[{"embeddable":true,"href":"https:\/\/stonehouse.se\/en\/wp-json\/wp\/v2\/media\/83988"}],"wp:attachment":[{"href":"https:\/\/stonehouse.se\/en\/wp-json\/wp\/v2\/media?parent=33827"}],"wp:term":[{"taxonomy":"product_brand","embeddable":true,"href":"https:\/\/stonehouse.se\/en\/wp-json\/wp\/v2\/product_brand?post=33827"},{"taxonomy":"product_cat","embeddable":true,"href":"https:\/\/stonehouse.se\/en\/wp-json\/wp\/v2\/product_cat?post=33827"},{"taxonomy":"product_tag","embeddable":true,"href":"https:\/\/stonehouse.se\/en\/wp-json\/wp\/v2\/product_tag?post=33827"}],"curies":[{"name":"wp","href":"https:\/\/api.w.org\/{rel}","templated":true}]}}