
{"id":33828,"date":"2022-06-17T12:13:20","date_gmt":"2022-06-17T10:13:20","guid":{"rendered":"https:\/\/stonehouse.se\/produkt\/cardkeep-hook-b\/"},"modified":"2025-12-31T19:56:20","modified_gmt":"2025-12-31T18:56:20","slug":"cardkeep-hook-b","status":"publish","type":"product","link":"https:\/\/stonehouse.se\/en\/product\/cardkeep-hook-b\/","title":{"rendered":"CardKeep Hook B"},"content":{"rendered":"","protected":false},"excerpt":{"rendered":"<p>H\u00e4ngselkl\u00e4mma f\u00f6r korth\u00e5llare<br \/>\nMaterial: Metall\/Plast<\/p>","protected":false},"featured_media":84074,"template":"","meta":{"_acf_changed":false},"product_brand":[],"product_cat":[574],"product_tag":[2309],"class_list":{"0":"post-33828","1":"product","2":"type-product","3":"status-publish","4":"has-post-thumbnail","6":"product_cat-kortklamma-montering","7":"product_tag-cardkeep-supplier","8":"product_shipping_class-postnord-varubrev","9":"tm-no-options","11":"first","12":"instock","13":"sale","14":"taxable","15":"shipping-taxable","16":"product-type-simple"},"acf":[],"_links":{"self":[{"href":"https:\/\/stonehouse.se\/en\/wp-json\/wp\/v2\/product\/33828","targetHints":{"allow":["GET"]}}],"collection":[{"href":"https:\/\/stonehouse.se\/en\/wp-json\/wp\/v2\/product"}],"about":[{"href":"https:\/\/stonehouse.se\/en\/wp-json\/wp\/v2\/types\/product"}],"wp:featuredmedia":[{"embeddable":true,"href":"https:\/\/stonehouse.se\/en\/wp-json\/wp\/v2\/media\/84074"}],"wp:attachment":[{"href":"https:\/\/stonehouse.se\/en\/wp-json\/wp\/v2\/media?parent=33828"}],"wp:term":[{"taxonomy":"product_brand","embeddable":true,"href":"https:\/\/stonehouse.se\/en\/wp-json\/wp\/v2\/product_brand?post=33828"},{"taxonomy":"product_cat","embeddable":true,"href":"https:\/\/stonehouse.se\/en\/wp-json\/wp\/v2\/product_cat?post=33828"},{"taxonomy":"product_tag","embeddable":true,"href":"https:\/\/stonehouse.se\/en\/wp-json\/wp\/v2\/product_tag?post=33828"}],"curies":[{"name":"wp","href":"https:\/\/api.w.org\/{rel}","templated":true}]}}