
{"id":33829,"date":"2022-06-17T12:11:41","date_gmt":"2022-06-17T10:11:41","guid":{"rendered":"https:\/\/stonehouse.se\/produkt\/cardkeep-hook-a-art-nr-51511-5240f\/"},"modified":"2025-12-31T19:56:15","modified_gmt":"2025-12-31T18:56:15","slug":"cardkeep-hook-a-art-nr-51511-5240f","status":"publish","type":"product","link":"https:\/\/stonehouse.se\/en\/product\/cardkeep-hook-a-art-nr-51511-5240f\/","title":{"rendered":"CardKeep Hook A Art.nr 51511-5240F"},"content":{"rendered":"","protected":false},"excerpt":{"rendered":"<p>Krokodilkl\u00e4mma anpassad f\u00f6r korth\u00e5llare<br \/>\nMonterad s\u00e4kerhetsn\u00e5l<br \/>\nF\u00e4rg: Svart<br \/>\nMaterial: Metall\/plast<\/p>","protected":false},"featured_media":84166,"template":"","meta":{"_acf_changed":false},"product_brand":[],"product_cat":[574],"product_tag":[2309],"class_list":{"0":"post-33829","1":"product","2":"type-product","3":"status-publish","4":"has-post-thumbnail","6":"product_cat-kortklamma-montering","7":"product_tag-cardkeep-supplier","8":"product_shipping_class-postnord-varubrev","9":"tm-no-options","11":"first","12":"instock","13":"sale","14":"taxable","15":"shipping-taxable","16":"product-type-simple"},"acf":[],"_links":{"self":[{"href":"https:\/\/stonehouse.se\/en\/wp-json\/wp\/v2\/product\/33829","targetHints":{"allow":["GET"]}}],"collection":[{"href":"https:\/\/stonehouse.se\/en\/wp-json\/wp\/v2\/product"}],"about":[{"href":"https:\/\/stonehouse.se\/en\/wp-json\/wp\/v2\/types\/product"}],"wp:featuredmedia":[{"embeddable":true,"href":"https:\/\/stonehouse.se\/en\/wp-json\/wp\/v2\/media\/84166"}],"wp:attachment":[{"href":"https:\/\/stonehouse.se\/en\/wp-json\/wp\/v2\/media?parent=33829"}],"wp:term":[{"taxonomy":"product_brand","embeddable":true,"href":"https:\/\/stonehouse.se\/en\/wp-json\/wp\/v2\/product_brand?post=33829"},{"taxonomy":"product_cat","embeddable":true,"href":"https:\/\/stonehouse.se\/en\/wp-json\/wp\/v2\/product_cat?post=33829"},{"taxonomy":"product_tag","embeddable":true,"href":"https:\/\/stonehouse.se\/en\/wp-json\/wp\/v2\/product_tag?post=33829"}],"curies":[{"name":"wp","href":"https:\/\/api.w.org\/{rel}","templated":true}]}}