
{"id":33836,"date":"2022-06-17T11:55:51","date_gmt":"2022-06-17T09:55:51","guid":{"rendered":"https:\/\/stonehouse.se\/produkt\/haltang-ovalt-hal-art-nr-66300-1000\/"},"modified":"2025-12-31T20:00:03","modified_gmt":"2025-12-31T19:00:03","slug":"haltang-ovalt-hal-art-nr-66300-1000","status":"publish","type":"product","link":"https:\/\/stonehouse.se\/en\/product\/haltang-ovalt-hal-art-nr-66300-1000\/","title":{"rendered":"H\u00e5lt\u00e5ng, ovalt h\u00e5l Art.nr 66300-1000"},"content":{"rendered":"","protected":false},"excerpt":{"rendered":"<p>Handt\u00e5ng f\u00f6r ovalt h\u00e5l<br \/>\nH\u00e5lstorlek: 13&#215;3 mm<\/p>","protected":false},"featured_media":84323,"template":"","meta":{"_acf_changed":false},"product_brand":[],"product_cat":[575],"product_tag":[2309],"class_list":{"0":"post-33836","1":"product","2":"type-product","3":"status-publish","4":"has-post-thumbnail","6":"product_cat-halslag","7":"product_tag-cardkeep-supplier","8":"product_shipping_class-postnord-varubrev","9":"pa_brands-cardkeep","10":"tm-no-options","12":"first","13":"instock","14":"sale","15":"taxable","16":"shipping-taxable","17":"product-type-simple"},"acf":[],"_links":{"self":[{"href":"https:\/\/stonehouse.se\/en\/wp-json\/wp\/v2\/product\/33836","targetHints":{"allow":["GET"]}}],"collection":[{"href":"https:\/\/stonehouse.se\/en\/wp-json\/wp\/v2\/product"}],"about":[{"href":"https:\/\/stonehouse.se\/en\/wp-json\/wp\/v2\/types\/product"}],"wp:featuredmedia":[{"embeddable":true,"href":"https:\/\/stonehouse.se\/en\/wp-json\/wp\/v2\/media\/84323"}],"wp:attachment":[{"href":"https:\/\/stonehouse.se\/en\/wp-json\/wp\/v2\/media?parent=33836"}],"wp:term":[{"taxonomy":"product_brand","embeddable":true,"href":"https:\/\/stonehouse.se\/en\/wp-json\/wp\/v2\/product_brand?post=33836"},{"taxonomy":"product_cat","embeddable":true,"href":"https:\/\/stonehouse.se\/en\/wp-json\/wp\/v2\/product_cat?post=33836"},{"taxonomy":"product_tag","embeddable":true,"href":"https:\/\/stonehouse.se\/en\/wp-json\/wp\/v2\/product_tag?post=33836"}],"curies":[{"name":"wp","href":"https:\/\/api.w.org\/{rel}","templated":true}]}}