
{"id":33838,"date":"2022-06-17T11:55:49","date_gmt":"2022-06-17T09:55:49","guid":{"rendered":"https:\/\/stonehouse.se\/produkt\/halslag-multifunktion-art-nr-66311-0000\/"},"modified":"2026-03-24T10:32:38","modified_gmt":"2026-03-24T09:32:38","slug":"halslag-multifunktion-art-nr-66311-0000","status":"publish","type":"product","link":"https:\/\/stonehouse.se\/en\/product\/halslag-multifunktion-art-nr-66311-0000\/","title":{"rendered":"H\u00e5lslag, multifunktion Art.nr 66311-0000"},"content":{"rendered":"","protected":false},"excerpt":{"rendered":"<p>Avl\u00e5ngt h\u00e5l, 13&#215;3 mm<br \/>\nRunt h\u00e5l, 6 mm diameter<br \/>\nCentreringsguide<br \/>\nFunktion f\u00f6r rundade h\u00f6rn<\/p>","protected":false},"featured_media":84327,"template":"","meta":{"_acf_changed":false},"product_brand":[],"product_cat":[575],"product_tag":[2309],"class_list":{"0":"post-33838","1":"product","2":"type-product","3":"status-publish","4":"has-post-thumbnail","6":"product_cat-halslag","7":"product_tag-cardkeep-supplier","8":"product_shipping_class-tunga-paket","9":"pa_brands-cardkeep","10":"tm-no-options","12":"first","13":"instock","14":"sale","15":"taxable","16":"shipping-taxable","17":"product-type-simple"},"acf":[],"_links":{"self":[{"href":"https:\/\/stonehouse.se\/en\/wp-json\/wp\/v2\/product\/33838","targetHints":{"allow":["GET"]}}],"collection":[{"href":"https:\/\/stonehouse.se\/en\/wp-json\/wp\/v2\/product"}],"about":[{"href":"https:\/\/stonehouse.se\/en\/wp-json\/wp\/v2\/types\/product"}],"wp:featuredmedia":[{"embeddable":true,"href":"https:\/\/stonehouse.se\/en\/wp-json\/wp\/v2\/media\/84327"}],"wp:attachment":[{"href":"https:\/\/stonehouse.se\/en\/wp-json\/wp\/v2\/media?parent=33838"}],"wp:term":[{"taxonomy":"product_brand","embeddable":true,"href":"https:\/\/stonehouse.se\/en\/wp-json\/wp\/v2\/product_brand?post=33838"},{"taxonomy":"product_cat","embeddable":true,"href":"https:\/\/stonehouse.se\/en\/wp-json\/wp\/v2\/product_cat?post=33838"},{"taxonomy":"product_tag","embeddable":true,"href":"https:\/\/stonehouse.se\/en\/wp-json\/wp\/v2\/product_tag?post=33838"}],"curies":[{"name":"wp","href":"https:\/\/api.w.org\/{rel}","templated":true}]}}