
{"id":33840,"date":"2022-06-17T11:55:44","date_gmt":"2022-06-17T09:55:44","guid":{"rendered":"https:\/\/stonehouse.se\/produkt\/halslag-eurohal-art-nr-66311-1000\/"},"modified":"2026-02-11T14:49:41","modified_gmt":"2026-02-11T13:49:41","slug":"halslag-eurohal-art-nr-66311-1000","status":"publish","type":"product","link":"https:\/\/stonehouse.se\/en\/product\/halslag-eurohal-art-nr-66311-1000\/","title":{"rendered":"H\u00e5lslag euroh\u00e5l. ART.NR 66311-1000"},"content":{"rendered":"<p><strong>Specifikationer:<\/strong><\/p>\n<ul>\n<li><strong>M\u00e5tt p\u00e5 h\u00e5l:<\/strong>\u00a032 x 6,5 x 9 mm<\/li>\n<li><strong>Material:<\/strong>\u00a0Metal<\/li>\n<li><strong>Funktion:<\/strong>\u00a0F\u00e4ste f\u00f6r RFID-kort, plastkort och bes\u00f6kskort<\/li>\n<li><strong>Kompatibilitet:<\/strong>\u00a0Plastkort och RFID-kort utan att skada de elektroniska komponenterna<\/li>\n<\/ul>","protected":false},"excerpt":{"rendered":"<p>H\u00e5lslag euroh\u00e5l. ART.NR 66311-1000<\/p>\n<ul>\n<li><strong>M\u00e5tt p\u00e5 h\u00e5l:<\/strong>\u00a032 x 6,5 x 9 mm<\/li>\n<\/ul>","protected":false},"featured_media":84614,"template":"","meta":{"_acf_changed":false},"product_brand":[],"product_cat":[575],"product_tag":[2309],"class_list":{"0":"post-33840","1":"product","2":"type-product","3":"status-publish","4":"has-post-thumbnail","6":"product_cat-halslag","7":"product_tag-cardkeep-supplier","8":"product_shipping_class-tunga-paket","9":"pa_brands-cardkeep","10":"tm-no-options","12":"first","13":"instock","14":"sale","15":"taxable","16":"shipping-taxable","17":"product-type-simple"},"acf":[],"_links":{"self":[{"href":"https:\/\/stonehouse.se\/en\/wp-json\/wp\/v2\/product\/33840","targetHints":{"allow":["GET"]}}],"collection":[{"href":"https:\/\/stonehouse.se\/en\/wp-json\/wp\/v2\/product"}],"about":[{"href":"https:\/\/stonehouse.se\/en\/wp-json\/wp\/v2\/types\/product"}],"wp:featuredmedia":[{"embeddable":true,"href":"https:\/\/stonehouse.se\/en\/wp-json\/wp\/v2\/media\/84614"}],"wp:attachment":[{"href":"https:\/\/stonehouse.se\/en\/wp-json\/wp\/v2\/media?parent=33840"}],"wp:term":[{"taxonomy":"product_brand","embeddable":true,"href":"https:\/\/stonehouse.se\/en\/wp-json\/wp\/v2\/product_brand?post=33840"},{"taxonomy":"product_cat","embeddable":true,"href":"https:\/\/stonehouse.se\/en\/wp-json\/wp\/v2\/product_cat?post=33840"},{"taxonomy":"product_tag","embeddable":true,"href":"https:\/\/stonehouse.se\/en\/wp-json\/wp\/v2\/product_tag?post=33840"}],"curies":[{"name":"wp","href":"https:\/\/api.w.org\/{rel}","templated":true}]}}