
{"id":33842,"date":"2022-06-13T15:04:05","date_gmt":"2022-06-13T13:04:05","guid":{"rendered":"https:\/\/stonehouse.se\/produkt\/kombi-bosch-blueline-husdj-isc-bdl2-wp12g\/"},"modified":"2026-04-09T10:16:53","modified_gmt":"2026-04-09T08:16:53","slug":"kombi-bosch-blueline-husdj-isc-bdl2-wp12g","status":"publish","type":"product","link":"https:\/\/stonehouse.se\/en\/product\/kombi-bosch-blueline-husdj-isc-bdl2-wp12g\/","title":{"rendered":"Bosch BLUELINE Kombidetektor Husdjur ISC-BDL2-WP12G"},"content":{"rendered":"<h1>Bosch BLUELINE Kombidetektor Husdjur ISC-BDL2-WP12G<\/h1>\n<p data-start=\"352\" data-end=\"1150\">Bosch BLUELINE ISC-BDL2-WP12G \u00e4r en avancerad kombidetektor som anv\u00e4nder IR- och mikrov\u00e5gsteknologi f\u00f6r att ge p\u00e5litlig och exakt detektion.<\/p>\n<p data-start=\"352\" data-end=\"1150\">Med ett t\u00e4ckningsomr\u00e5de p\u00e5 12 x 12 meter och valbar husdjursimmunitet upp till 45 kg, \u00e4r den idealisk f\u00f6r b\u00e5de kommersiella och privata milj\u00f6er, inklusive d\u00e4r husdjur finns.<br data-start=\"696\" data-end=\"699\" \/>Detektorn \u00e4r utrustad med First Step Processing (FSP) och dynamisk temperaturkompensation, vilket g\u00f6r att den kan anpassa sig till f\u00f6r\u00e4nderliga milj\u00f6f\u00f6rh\u00e5llanden och ge h\u00f6g p\u00e5litlighet i alla temperaturer.<\/p>\n<p data-start=\"352\" data-end=\"1150\">Den flexibla monteringen utan h\u00f6jdjusteringar och den tv\u00e5delade, sj\u00e4lvl\u00e5sande kapslingen g\u00f6r installationen snabb och enkel.<br data-start=\"1029\" data-end=\"1032\" \/>ISC-BDL2-WP12G kombinerar den b\u00e4sta tekniken f\u00f6r att s\u00e4kerst\u00e4lla en h\u00f6g s\u00e4kerhetsniv\u00e5 och minska risken f\u00f6r falsklarm.<\/p>\n<p data-start=\"1152\" data-end=\"1182\"><strong data-start=\"1152\" data-end=\"1180\">Funktioner och f\u00f6rdelar:<\/strong><\/p>\n<ul data-start=\"1183\" data-end=\"1650\">\n<li data-start=\"1183\" data-end=\"1235\">\n<p data-start=\"1185\" data-end=\"1235\">12 x 12 m t\u00e4ckningsomr\u00e5de f\u00f6r effektiv detektion<\/p>\n<\/li>\n<li data-start=\"1236\" data-end=\"1302\">\n<p data-start=\"1238\" data-end=\"1302\">Kombinera IR och mikrov\u00e5g f\u00f6r \u00f6kad noggrannhet och p\u00e5litlighet<\/p>\n<\/li>\n<li data-start=\"1303\" data-end=\"1374\">\n<p data-start=\"1305\" data-end=\"1374\">Valbar husdjursimmunitet upp till 45 kg f\u00f6r att f\u00f6rhindra falsklarm<\/p>\n<\/li>\n<li data-start=\"1375\" data-end=\"1436\">\n<p data-start=\"1377\" data-end=\"1436\">First Step Processing (FSP) f\u00f6r snabb och exakt detektion<\/p>\n<\/li>\n<li data-start=\"1437\" data-end=\"1515\">\n<p data-start=\"1439\" data-end=\"1515\">Dynamisk temperaturkompensation f\u00f6r konstant prestanda i alla temperaturer<\/p>\n<\/li>\n<li data-start=\"1516\" data-end=\"1579\">\n<p data-start=\"1518\" data-end=\"1579\">Enkel och flexibel installation utan behov av h\u00f6jdjustering<\/p>\n<\/li>\n<li data-start=\"1580\" data-end=\"1650\">\n<p data-start=\"1582\" data-end=\"1650\">Tv\u00e5delad, sj\u00e4lvl\u00e5sande kapsling f\u00f6r enkel installation och underh\u00e5ll<\/p>\n<\/li>\n<\/ul>\n<p data-start=\"1652\" data-end=\"1683\"><strong data-start=\"1652\" data-end=\"1681\">Tekniska specifikationer:<\/strong><\/p>\n<ul data-start=\"1684\" data-end=\"2050\">\n<li data-start=\"1684\" data-end=\"1707\">\n<p data-start=\"1686\" data-end=\"1707\">T\u00e4ckning: 12 x 12 m<\/p>\n<\/li>\n<li data-start=\"1708\" data-end=\"1745\">\n<p data-start=\"1710\" data-end=\"1745\">Teknologi: Kombinerad IR\/mikrov\u00e5g<\/p>\n<\/li>\n<li data-start=\"1746\" data-end=\"1790\">\n<p data-start=\"1748\" data-end=\"1790\">Husdjursimmunitet: Valbar upp till 45 kg<\/p>\n<\/li>\n<li data-start=\"1791\" data-end=\"1822\">\n<p data-start=\"1793\" data-end=\"1822\">First Step Processing (FSP)<\/p>\n<\/li>\n<li data-start=\"1823\" data-end=\"1858\">\n<p data-start=\"1825\" data-end=\"1858\">Dynamisk temperaturkompensation<\/p>\n<\/li>\n<li data-start=\"1859\" data-end=\"1911\">\n<p data-start=\"1861\" data-end=\"1911\">Monteringsm\u00f6jlighet: Flexibel utan h\u00f6jdjustering<\/p>\n<\/li>\n<li data-start=\"1912\" data-end=\"1948\">\n<p data-start=\"1914\" data-end=\"1948\">Kapsling: Tv\u00e5delad, sj\u00e4lvl\u00e5sande<\/p>\n<\/li>\n<li data-start=\"1949\" data-end=\"2000\">\n<p data-start=\"1951\" data-end=\"2000\">Sp\u00e4nningsmatning: Standard f\u00f6r Bosch detektorer<\/p>\n<\/li>\n<li data-start=\"2001\" data-end=\"2050\">\n<p data-start=\"2003\" data-end=\"2050\">M\u00e5tt: Standardm\u00e5tt f\u00f6r PIR\/Mikrov\u00e5gdetektorer<\/p>\n<\/li>\n<\/ul>","protected":false},"excerpt":{"rendered":"<p>Kombidetektor (IR\/mikrov\u00e5g) med 12 x 12 m t\u00e4ckning och valbar husdjursimmunitet upp till 45 kg.<\/p>\n<p>First Step Processing och dynamisk temperaturkompensation.<\/p>","protected":false},"featured_media":84101,"template":"","meta":{"_acf_changed":false},"product_brand":[],"product_cat":[352,2615],"product_tag":[1460,1747,1848],"class_list":{"0":"post-33842","1":"product","2":"type-product","3":"status-publish","4":"has-post-thumbnail","6":"product_cat-outlet","7":"product_cat-rorelse-detektorer","8":"product_tag-rorelsedetektor-kombidetektorer","9":"product_tag-rel-larmgivare","10":"product_tag-sbsc-larmklass2","11":"product_shipping_class-postnord-varubrev","12":"pa_brands-bosch","13":"tm-no-options","15":"first","16":"instock","17":"sale","18":"featured","19":"taxable","20":"shipping-taxable","21":"product-type-simple"},"acf":[],"_links":{"self":[{"href":"https:\/\/stonehouse.se\/en\/wp-json\/wp\/v2\/product\/33842","targetHints":{"allow":["GET"]}}],"collection":[{"href":"https:\/\/stonehouse.se\/en\/wp-json\/wp\/v2\/product"}],"about":[{"href":"https:\/\/stonehouse.se\/en\/wp-json\/wp\/v2\/types\/product"}],"wp:featuredmedia":[{"embeddable":true,"href":"https:\/\/stonehouse.se\/en\/wp-json\/wp\/v2\/media\/84101"}],"wp:attachment":[{"href":"https:\/\/stonehouse.se\/en\/wp-json\/wp\/v2\/media?parent=33842"}],"wp:term":[{"taxonomy":"product_brand","embeddable":true,"href":"https:\/\/stonehouse.se\/en\/wp-json\/wp\/v2\/product_brand?post=33842"},{"taxonomy":"product_cat","embeddable":true,"href":"https:\/\/stonehouse.se\/en\/wp-json\/wp\/v2\/product_cat?post=33842"},{"taxonomy":"product_tag","embeddable":true,"href":"https:\/\/stonehouse.se\/en\/wp-json\/wp\/v2\/product_tag?post=33842"}],"curies":[{"name":"wp","href":"https:\/\/api.w.org\/{rel}","templated":true}]}}