
{"id":33850,"date":"2022-06-04T15:31:56","date_gmt":"2022-06-04T13:31:56","guid":{"rendered":"https:\/\/stonehouse.se\/produkt\/plastkort-med-rfid-mifare4k\/"},"modified":"2026-03-25T22:25:52","modified_gmt":"2026-03-25T21:25:52","slug":"passerkort-rfid-kort-med-rfid-mifare4k","status":"publish","type":"product","link":"https:\/\/stonehouse.se\/en\/product\/passerkort-rfid-kort-med-rfid-mifare4k\/","title":{"rendered":"Passerkort \/ RFID kort  MIFARE4k"},"content":{"rendered":"<p>Precis som alla v\u00e5ra RFID-produkter \u00e4r v\u00e5ra Passerkort \/ RFID kort utrustade med originalchip av h\u00f6g kvalitet. Vi v\u00e4rdes\u00e4tter tillf\u00f6rlitlighet och s\u00e4kerhet och anv\u00e4nder endast originalchip fr\u00e5n erk\u00e4nda tillverkare. Med v\u00e5ra Passerkort \/ RFID kort kan du vara trygg med att du f\u00e5r en produkt som uppfyller de h\u00f6gsta standarderna och levererar p\u00e5litlig och effektiv prestanda. Vi str\u00e4var alltid efter att erbjuda dig den b\u00e4sta tekniken och kompatibiliteten f\u00f6r att s\u00e4kerst\u00e4lla att v\u00e5ra Passerkort \/ RFID kort fungerar s\u00e4kert och uppfyller dina behov p\u00e5 l\u00e5ng sikt.<\/p>\n<p>Passerkort \/ RFID kort som f\u00f6ljer standardformat CR80 kan anv\u00e4ndas f\u00f6r olika \u00e4ndam\u00e5l, inklusive passersystem, bes\u00f6kssystem, tv\u00e4ttstugebokning, larm och s\u00e4kerhet.<br \/>\nMed v\u00e5ra Passerkort \/ RFID kort kan du v\u00e4lja helt valfri design och m\u00f6jlighet till korrektur tills du \u00e4r n\u00f6jd.<br \/>\nVi v\u00e4rdes\u00e4tter tillf\u00f6rlitlighet och s\u00e4kerhet, och d\u00e4rf\u00f6r anv\u00e4nder vi endast originalchip fr\u00e5n erk\u00e4nda tillverkare.<\/p>\n<p>Vi har ocks\u00e5 en m\u00e4ngd chip som kan monteras in i RFID korten ut\u00f6ver standardchipen som du ser i butiken, det g\u00e4ller ocks\u00e5 f\u00f6r alla v\u00e5ra \u00f6vriga RFID b\u00e4rare.<\/p>\n<p>Vi erbjuder flexibilitet och anpassningsbarhet n\u00e4r det g\u00e4ller designen av v\u00e5ra Passerkort \/ RFID kort. Du kan skapa kort som \u00e4r helt i linje med ditt varum\u00e4rke och f\u00f6retagets identitet. V\u00e5rt m\u00e5l \u00e4r att leverera Passerkort \/ RFID kort av h\u00f6gsta kvalitet som inte bara \u00e4r funktionella utan ocks\u00e5 representerar din verksamhet p\u00e5 ett professionellt s\u00e4tt.<\/p>\n<p>V\u00e5ra Passerkort \/ RFID kort \u00e4r tillverkade med noggrannhet och omsorg f\u00f6r att s\u00e4kerst\u00e4lla deras h\u00e5llbarhet och p\u00e5litlighet. Vi f\u00f6rst\u00e5r att s\u00e4kerhet \u00e4r av yttersta vikt n\u00e4r det g\u00e4ller RFID-teknik, och vi tar alla n\u00f6dv\u00e4ndiga \u00e5tg\u00e4rder f\u00f6r att skydda dina kort mot obeh\u00f6rig \u00e5tkomst och dataintr\u00e5ng.<\/p>\n<p>Vi erbjuder flexibilitet och anpassningsbarhet n\u00e4r det g\u00e4ller designen av v\u00e5ra Passerkort \/ RFID kort. Du kan skapa kort som \u00e4r helt i linje med ditt varum\u00e4rke och f\u00f6retagets identitet. V\u00e5rt m\u00e5l \u00e4r att leverera Passerkort \/ RFID kort av h\u00f6gsta kvalitet som inte bara \u00e4r funktionella utan ocks\u00e5 representerar din verksamhet p\u00e5 ett professionellt s\u00e4tt.<\/p>\n<p>V\u00e5ra Passerkort \/ RFID kort \u00e4r tillverkade med noggrannhet och omsorg f\u00f6r att s\u00e4kerst\u00e4lla deras h\u00e5llbarhet och p\u00e5litlighet. Vi f\u00f6rst\u00e5r att s\u00e4kerhet \u00e4r av yttersta vikt n\u00e4r det g\u00e4ller RFID-teknik, och vi tar alla n\u00f6dv\u00e4ndiga \u00e5tg\u00e4rder f\u00f6r att skydda dina kort mot obeh\u00f6rig \u00e5tkomst och dataintr\u00e5ng.<\/p>\n<p>Oavsett om du beh\u00f6ver Passerkort \/ RFID kort f\u00f6r ett mindre projekt eller f\u00f6r en st\u00f6rre verksamhet.<\/p>\n<p>Vi st\u00e5r redo att hj\u00e4lpa dig hitta den b\u00e4sta Passerkort \/ RFID kortl\u00f6sningen f\u00f6r dina specifika behov och \u00f6nskem\u00e5l. Kontakta oss idag f\u00f6r att diskutera dina projektid\u00e9er och f\u00e5 mer information om v\u00e5ra produkter och tj\u00e4nster. Vi ser fram emot att vara din p\u00e5litliga partner f\u00f6r Passerkort \/ RFID kort och leverera h\u00f6gkvalitativa l\u00f6sningar som m\u00f6ter dina f\u00f6rv\u00e4ntningar.<\/p>\n<p>Tack f\u00f6r ditt intresse f\u00f6r v\u00e5ra Passerkort \/ RFID kort. Bes\u00f6k v\u00e5r webbutik eller kontakta oss f\u00f6r att komma ig\u00e5ng med din best\u00e4llning eller f\u00f6r att f\u00e5 svar p\u00e5 eventuella fr\u00e5gor du kan ha. Vi \u00e4r h\u00e4r f\u00f6r att ge dig den b\u00e4sta m\u00f6jliga servicen och leverera Passerkort \/ RFID kort av h\u00f6gsta kvalitet som passar dina specifika behov.<\/p>","protected":false},"excerpt":{"rendered":"<p>Denna produkt har certifierat chip fr\u00e5n NXP\u00ae som \u00e4r ett globalt teknikf\u00f6retag med huvudkontor i Holland. NXP\u00ae specialiserar sig p\u00e5 RFID och NFC och erbjuder en rad produkter inom s\u00e4kerhet, anslutning och inbyggda l\u00f6sningar<\/p>","protected":false},"featured_media":84008,"template":"","meta":{"_acf_changed":false},"product_brand":[],"product_cat":[3435,577],"product_tag":[3403,2516,2512],"class_list":{"0":"post-33850","1":"product","2":"type-product","3":"status-publish","4":"has-post-thumbnail","6":"product_cat-mifare-classic-4k","7":"product_cat-rfid-kort","8":"product_tag-nxp","9":"product_tag-rfid-desfire","10":"product_tag-rfid-mifare4k","11":"product_shipping_class-postnord-varubrev","12":"pa_farg-vit","13":"pa_plastkort-larmsystem-aptus","14":"pa_plastkort-larmsystem-assa-arx-solid-entro","15":"pa_plastkort-larmsystem-axema","16":"pa_plastkort-larmsystem-axema-vaka","17":"pa_plastkort-larmsystem-blank-inga-nummer","18":"pa_plastkort-larmsystem-cdvi","19":"pa_plastkort-larmsystem-decimal-nummer","20":"pa_plastkort-larmsystem-estaka-siffor-valfria","21":"pa_plastkort-larmsystem-hexadecimala-nummer","22":"pa_plastkort-larmsystem-lopnummer-valfria","23":"pa_plastkort-larmsystem-paxton","24":"pa_plastkort-larmsystem-rco","25":"pa_plastkort-larmsystem-tidomat","26":"pa_plastkort-larmsystem-vanderbilt-bewator-entro-8-siffor","27":"pa_plastkort-larmsystem-vanderbilt-bewator-omnis-bewator-2010-13-siffor","28":"pa_plastkort-teknik-mifare4k","29":"tm-no-options","31":"first","32":"instock","33":"sale","34":"featured","35":"taxable","36":"shipping-taxable","37":"product-type-simple"},"acf":[],"_links":{"self":[{"href":"https:\/\/stonehouse.se\/en\/wp-json\/wp\/v2\/product\/33850","targetHints":{"allow":["GET"]}}],"collection":[{"href":"https:\/\/stonehouse.se\/en\/wp-json\/wp\/v2\/product"}],"about":[{"href":"https:\/\/stonehouse.se\/en\/wp-json\/wp\/v2\/types\/product"}],"wp:featuredmedia":[{"embeddable":true,"href":"https:\/\/stonehouse.se\/en\/wp-json\/wp\/v2\/media\/84008"}],"wp:attachment":[{"href":"https:\/\/stonehouse.se\/en\/wp-json\/wp\/v2\/media?parent=33850"}],"wp:term":[{"taxonomy":"product_brand","embeddable":true,"href":"https:\/\/stonehouse.se\/en\/wp-json\/wp\/v2\/product_brand?post=33850"},{"taxonomy":"product_cat","embeddable":true,"href":"https:\/\/stonehouse.se\/en\/wp-json\/wp\/v2\/product_cat?post=33850"},{"taxonomy":"product_tag","embeddable":true,"href":"https:\/\/stonehouse.se\/en\/wp-json\/wp\/v2\/product_tag?post=33850"}],"curies":[{"name":"wp","href":"https:\/\/api.w.org\/{rel}","templated":true}]}}