
{"id":33873,"date":"2022-05-25T11:45:09","date_gmt":"2022-05-25T09:45:09","guid":{"rendered":"https:\/\/stonehouse.se\/produkt\/abloy-elektriskt-styrt-las-el402-omvand\/"},"modified":"2026-03-17T11:54:17","modified_gmt":"2026-03-17T10:54:17","slug":"abloy-elektriskt-styrt-las-el402-omvand","status":"publish","type":"product","link":"https:\/\/stonehouse.se\/en\/product\/abloy-elektriskt-styrt-las-el402-omvand\/","title":{"rendered":"Abloy electrically controlled lock EL402 \u2013 Reverse"},"content":{"rendered":"<p>ABLOY EL402 \u00e4r ett elektriskt styrt l\u00e5s med dubbelfunktionskolv och automatisk f\u00f6rregling d\u00e5 d\u00f6rren st\u00e4ngs.<\/p>\n<p>ABLOY EL402 kan styras med de flesta p\u00e5 marknaden f\u00f6rekommande styrfunktioner, t. ex. passersystem, kodl\u00e5s, tryckknapp och kopplingsur. L\u00e5set passar bra som dagl\u00e5sning och intern l\u00e5sning inom handel, kontor och industri eller i entr\u00e9er och allm\u00e4nna utrymmen i flerfamiljshus.<\/p>\n<p>ABLOY EL402 \u00e4r anpassat f\u00f6r montage tillsammans med d\u00f6rrautomatik.<\/p>\n<p>ABLOY EL402 f\u00e5r INTE anv\u00e4ndas som brandigenh\u00e5llande funktion i brandcellsgr\u00e4ns.<\/p>\n<p>ABLOY EL402 f\u00e5r inte uts\u00e4ttas f\u00f6r listtryck.<\/p>\n<h3>Funktion<\/h3>\n<p>ABLOY EL402 har justerbart dorndjup 25, 28, 30, 33 och 35 mm.<\/p>\n<p>F\u00f6rreglingen upph\u00e4vs med elektrisk styrning eller med cylinder\/vred. N\u00e4r f\u00f6rreglingen \u00e4r upph\u00e4vd kan d\u00f6rren dras\/skjutas upp.<\/p>\n<p>Dubbelfunktionsfallen dras ej in utan viker undan.<\/p>\n<h3>Egenskaper<\/h3>\n<p>\u2022 F\u00f6rreglad dubbelfunktionsfall<\/p>\n<p>\u2022 L\u00e5set kan alltid man\u00f6vreras med cylinder \/ vred<\/p>\n<p>\u2022 12 \/ 24 VDC, stab.<\/p>\n<p>\u2022\u00a0Passar b\u00e5de h\u00f6ger resp v\u00e4nster d\u00f6rr<\/p>\n<p>\u2022 Inbyggd mikrobrytare indikerar l\u00e5st \/ ol\u00e5st, f\u00f6r indikering av d\u00f6rrl\u00e4ge erfordras separat d\u00f6rrl\u00e4gesgivare<\/p>\n<p>\u2022 25, 28, 30 eller 35 mm dorndjup<\/p>\n<p>\u2022 Alla kablar f\u00f6rsedda med kontakter f\u00f6r enkel installation med anslutningskabel EA220<\/p>\n<p>\u2022 Kan monteras horisontellt<\/p>\n<p>\u2022 Kan anv\u00e4ndas i pendeld\u00f6rr<\/p>","protected":false},"excerpt":{"rendered":"<p>ABLOY EL402 \u00e4r ett elektriskt styrt l\u00e5s med dubbelfunktionskolv och automatisk f\u00f6rregling d\u00e5 d\u00f6rren st\u00e4ngs. ABLOY EL402 kan styras med<\/p>","protected":false},"featured_media":84353,"template":"","meta":{"_acf_changed":false},"product_brand":[],"product_cat":[2318],"product_tag":[2627,1619,1746],"class_list":{"0":"post-33873","1":"product","2":"type-product","3":"status-publish","4":"has-post-thumbnail","6":"product_cat-ellas","7":"product_tag-el402","8":"product_tag-ellas-eltryckeslas","9":"product_tag-rel-abloy-ellas","10":"product_shipping_class-tunga-paket","11":"pa_brands-abloy","12":"tm-no-options","14":"first","15":"instock","16":"sale","17":"featured","18":"taxable","19":"shipping-taxable","20":"product-type-simple"},"acf":[],"_links":{"self":[{"href":"https:\/\/stonehouse.se\/en\/wp-json\/wp\/v2\/product\/33873","targetHints":{"allow":["GET"]}}],"collection":[{"href":"https:\/\/stonehouse.se\/en\/wp-json\/wp\/v2\/product"}],"about":[{"href":"https:\/\/stonehouse.se\/en\/wp-json\/wp\/v2\/types\/product"}],"wp:featuredmedia":[{"embeddable":true,"href":"https:\/\/stonehouse.se\/en\/wp-json\/wp\/v2\/media\/84353"}],"wp:attachment":[{"href":"https:\/\/stonehouse.se\/en\/wp-json\/wp\/v2\/media?parent=33873"}],"wp:term":[{"taxonomy":"product_brand","embeddable":true,"href":"https:\/\/stonehouse.se\/en\/wp-json\/wp\/v2\/product_brand?post=33873"},{"taxonomy":"product_cat","embeddable":true,"href":"https:\/\/stonehouse.se\/en\/wp-json\/wp\/v2\/product_cat?post=33873"},{"taxonomy":"product_tag","embeddable":true,"href":"https:\/\/stonehouse.se\/en\/wp-json\/wp\/v2\/product_tag?post=33873"}],"curies":[{"name":"wp","href":"https:\/\/api.w.org\/{rel}","templated":true}]}}