
{"id":33885,"date":"2022-04-29T14:53:00","date_gmt":"2022-04-29T12:53:00","guid":{"rendered":"https:\/\/stonehouse.se\/produkt\/kombi-uranus-pro-lika-nummer-for-emmifare-bewator\/"},"modified":"2026-03-31T17:09:14","modified_gmt":"2026-03-31T15:09:14","slug":"kombitagg-em4200-mifare1k-for-bewator-med-lika-nummer-programmerade-uranus-pro-svart","status":"publish","type":"product","link":"https:\/\/stonehouse.se\/en\/product\/kombitagg-em4200-mifare1k-for-bewator-med-lika-nummer-programmerade-uranus-pro-svart\/","title":{"rendered":"Uranus Pro &#8211; EM4305\/Mifare1K &#8211; B13\/MFD &#8211; Bewator &#8211; Svart"},"content":{"rendered":"<h1>Kombitagg f\u00f6r Bewator EM\/Mifare1k<\/h1>\n<h3><strong>Larm Passerkontroll &#8211; Bokning &#8211; Bes\u00f6k<\/strong><\/h3>\n<h3>H\u00e4r har vi graverat ett nummer som har samma programmering f\u00f6r Bewator.<\/h3>\n<p><strong>Det inneb\u00e4r att den fungerar i b\u00e5de EM och Mifare system men med den f\u00f6rdelen att du bara har ett nummer att arbeta och l\u00e4gga in i ditt bewator system. I normala fall s\u00e5 har du olika nummer f\u00f6r EM och Mifare vilket inneb\u00e4r att du beh\u00f6ver skriva in 2 nummer ist\u00e4llet f\u00f6r att bara kopiera \u00f6ver ett numme vilket sparar tid.<\/strong>Denna tagg fungerar i alla system som anv\u00e4nder EM och Mifare- teknik bland annat RCO, Bewator\/Vanderbilt, Aptus, ASSA ARX och andra typer av system, ex bes\u00f6kssystem eller inloggning till datorer\/printer.V\u00e5r\u00a0 Rfid tagg &#8220;Uranus Pro&#8221; \u00e4r skapad f\u00f6r att m\u00f6ta de mest kr\u00e4vande behoven inom s\u00e4kerhet och identifiering. Med sin robusta konstruktion i ABS-material och tunna profil p\u00e5 endast 2,9 mm, erbjuder den en perfekt balans mellan h\u00e5llbarhet och elegans. Dess stilrena yta g\u00f6r den idealisk f\u00f6r att graveras med standardnummer eller inkludera din logotyp, antingen genom graverat eller f\u00e4rgat utf\u00f6rande.Oavsett om du beh\u00f6ver en p\u00e5litlig produkt f\u00f6r passersystem, bes\u00f6kssystem, Bokning, larm, billaddare, lagerhantering\u00a0 eller andra till\u00e4mpningar, s\u00e5 \u00e4r v\u00e5r &#8220;Uranus Pro&#8221; det perfekta valet.Den finns i m\u00e5nga varianter och vi kan \u00e4ven tillverka den med ditt eget val av chip.Standard idag idag f\u00f6r passerbrickor \u00e4r: EM4200, Mifare1k, kombinationen av Mifare1k och EM4200, Mifare4k, kombinationen av Mifare4k och EM4200, samt DESFire, kan du skr\u00e4ddarsy din l\u00f6sning f\u00f6r att passa dina specifika behov.Vi f\u00f6rst\u00e5r vikten av att leverera h\u00f6gkvalitativa RFID produkter som uppfyller dagens krav och f\u00f6rv\u00e4ntningar. D\u00e4rf\u00f6r str\u00e4var vi efter att erbjuda den b\u00e4sta tekniken och kompatibiliteten f\u00f6r att f\u00f6rb\u00e4ttra s\u00e4kerheten och effektiviteten i dina system.<\/p>\n<h3><strong>Anpassad f\u00f6r unika projekt- Kombitagg f\u00f6r Bewator\u00a0<\/strong><\/h3>\n<p>F\u00f6rdelarna med v\u00e5ra RFID tags inkluderar kompatibilitet med olika system\/tekniker samt m\u00f6jligheten att skr\u00e4ddarsy taggarna f\u00f6r att passa unika projekt. Vi kan programmera och integrera olika chip f\u00f6r att m\u00f6ta specifika applikationskrav och skapa anpassade l\u00f6sningar. Kontakta oss idag f\u00f6r att diskutera dina projektid\u00e9er och f\u00e5 en skr\u00e4ddarsydd RFID-taggl\u00f6sning f\u00f6r dina behov.<\/p>\n<h5><strong>Snabb leverans och alltid lagerf\u00f6rd<\/strong><\/h5>\n<p>&#8220;UranusPro&#8221; RFID nyckelbricka finns alltid i lager med \u00f6ver 80 000 enheter i 6 f\u00e4rger (R\u00f6d, Bl\u00e5, Vit, Svart, Gr\u00f6n, Gul) och med olika chip.Med hj\u00e4lp av v\u00e5ra lasermaskiner och programvaror kan du v\u00e4lja logo &amp; unika nummer f\u00f6r gravering med leverans inom 1-3 dagar.<\/p>\n<h3>Som alltid! Rfid passerbricka med Originalchip fr\u00e5n<a href=\"https:\/\/www.nxp.com\/\" target=\"_blank\" rel=\"noopener\"> NXP<\/a> och <a href=\"https:\/\/www.emmicroelectronic.com\/\" target=\"_blank\" rel=\"noopener\">EM Microelectronic.<\/a><\/h3>\n<p><strong>Passar till allt och alla!<\/strong><\/p>\n<ul>\n<li>Access control system<\/li>\n<li>Bes\u00f6kssystem<\/li>\n<li>Bokning<\/li>\n<li>Larm och s\u00e4kerhetssystem<\/li>\n<\/ul>\n<p><strong>F\u00f6rdelar med &#8220;Uranus Pro&#8221; Kombitagg f\u00f6r Bewator<\/strong><\/p>\n<ul>\n<li>Robust konstruktion i ABS-material<\/li>\n<li>Tunn profil p\u00e5 endast 2,9 mm<\/li>\n<li>M\u00f6jlighet att gravera standardnummer eller inkludera logotyp<\/li>\n<li>Stort utbud av chipvarianter f\u00f6r att passa olika behov och alltid lagerf\u00f6rd.<\/li>\n<\/ul>","protected":false},"excerpt":{"rendered":"<p>V\u00e5r popul\u00e4raste RFID tag &#8220;Uranus Pro&#8221; &#8211; den perfekta l\u00f6sningen f\u00f6r s\u00e4kerhets- och identifieringssystem.<br \/>\nH\u00e4r med dubbla chip i kombitagg: EM4305\/Mifare1k chip med samma chipnummer f\u00f6r enklare hantering.<\/p>","protected":false},"featured_media":95062,"template":"","meta":{"_acf_changed":false},"product_brand":[],"product_cat":[3543,360],"product_tag":[3403,1744,1287,2304],"class_list":{"0":"post-33885","1":"product","2":"type-product","3":"status-publish","4":"has-post-thumbnail","6":"product_cat-alla-taggar-i-butiken","7":"product_cat-rfid-tagg-pro","8":"product_tag-nxp","9":"product_tag-rel-rfid","10":"product_tag-rfid-500","11":"product_tag-stonehouse-produkt","12":"product_shipping_class-postnord-varubrev","13":"pa_brands-stonehouse-security","14":"pa_chip-teknik-lika-chipnummer-1-nummer-graverat-kombitagg","15":"pa_farg-svart","16":"pa_tagg-abs-pro-2-9-mm-tagg-abs-pro","17":"tm-no-options","19":"first","20":"instock","21":"sale","22":"featured","23":"taxable","24":"shipping-taxable","25":"product-type-simple"},"acf":[],"_links":{"self":[{"href":"https:\/\/stonehouse.se\/en\/wp-json\/wp\/v2\/product\/33885","targetHints":{"allow":["GET"]}}],"collection":[{"href":"https:\/\/stonehouse.se\/en\/wp-json\/wp\/v2\/product"}],"about":[{"href":"https:\/\/stonehouse.se\/en\/wp-json\/wp\/v2\/types\/product"}],"wp:featuredmedia":[{"embeddable":true,"href":"https:\/\/stonehouse.se\/en\/wp-json\/wp\/v2\/media\/95062"}],"wp:attachment":[{"href":"https:\/\/stonehouse.se\/en\/wp-json\/wp\/v2\/media?parent=33885"}],"wp:term":[{"taxonomy":"product_brand","embeddable":true,"href":"https:\/\/stonehouse.se\/en\/wp-json\/wp\/v2\/product_brand?post=33885"},{"taxonomy":"product_cat","embeddable":true,"href":"https:\/\/stonehouse.se\/en\/wp-json\/wp\/v2\/product_cat?post=33885"},{"taxonomy":"product_tag","embeddable":true,"href":"https:\/\/stonehouse.se\/en\/wp-json\/wp\/v2\/product_tag?post=33885"}],"curies":[{"name":"wp","href":"https:\/\/api.w.org\/{rel}","templated":true}]}}