
{"id":33945,"date":"2022-04-19T16:29:00","date_gmt":"2022-04-19T14:29:00","guid":{"rendered":"https:\/\/stonehouse.se\/produkt\/tagg-glasfiber-em4200-1k-farg-svart\/"},"modified":"2026-03-31T18:24:56","modified_gmt":"2026-03-31T16:24:56","slug":"tagg-em4200-uranus-hd-svart","status":"publish","type":"product","link":"https:\/\/stonehouse.se\/en\/product\/tagg-em4200-uranus-hd-svart\/","title":{"rendered":"Tagg EM4200 Uranus HD Vandals\u00e4ker"},"content":{"rendered":"<h1>Tagg EM4200 Uranus HD<\/h1>\n<h3>Tagg f\u00f6r Larm\/Passersystem &amp; bokning.<\/h3>\n<p>V\u00e5r &#8221; Tagg Uranus HD&#8221;\u00a0 \u00e4r inte bara tekniskt avancerad, den \u00e4r ocks\u00e5 extremt t\u00e5lig och p\u00e5litlig.<\/p>\n<p>Tillverkad av extra f\u00f6rst\u00e4rkt glasfiber\/epoxymaterial och bara 1,6 mm tunn, klarar den tuffa milj\u00f6er och p\u00e5frestningar utan att kompromissa med prestanda.<\/p>\n<p>Dessutom \u00e4r taggen vattent\u00e4t, vilket ger skydd mot fukt och fuktighet och g\u00f6r den l\u00e4mplig f\u00f6r anv\u00e4ndning b\u00e5de inomhus och utomhus.<\/p>\n<p>&nbsp;<\/p>\n<p>&nbsp;<\/p>","protected":false},"excerpt":{"rendered":"<p>Tagg Uranus HD. Vandals\u00e4ker,vattent\u00e4t och endast 1.6 mm tunn i ett stenh\u00e5rt glasfibermaterial.<\/p>","protected":false},"featured_media":80563,"template":"","meta":{"_acf_changed":false},"product_brand":[],"product_cat":[3543,362],"product_tag":[1769,2304],"class_list":{"0":"post-33945","1":"product","2":"type-product","3":"status-publish","4":"has-post-thumbnail","6":"product_cat-alla-taggar-i-butiken","7":"product_cat-rfid-tag-hd","8":"product_tag-250-moq-hd","9":"product_tag-stonehouse-produkt","10":"product_shipping_class-postnord-varubrev","11":"pa_brands-stonehouse-security","12":"pa_chip-teknik-em4200-kompatibelt-med-4100-4102-och-4305","13":"pa_farg-svart","14":"pa_sakerhetssystem-aptus-mfd","15":"pa_sakerhetssystem-assa-arx-solid","16":"pa_sakerhetssystem-axema","17":"pa_sakerhetssystem-axema-vaka-access","18":"pa_sakerhetssystem-bewator-vanderbilt-entro-8-siffror","19":"pa_sakerhetssystem-bewator-vanderbilt-omnis-13-siffror","20":"pa_sakerhetssystem-blank-inga-nummer","21":"pa_sakerhetssystem-chipnummer-decimalt","22":"pa_sakerhetssystem-chipnummer-hexadecimalt","23":"pa_sakerhetssystem-paxton","24":"pa_sakerhetssystem-rco","25":"pa_sakerhetssystem-tidomat","26":"pa_tagg-glasfiber-tagg-glasfiber-hd","27":"tm-no-options","29":"first","30":"instock","31":"sale","32":"featured","33":"taxable","34":"shipping-taxable","35":"product-type-simple"},"acf":[],"_links":{"self":[{"href":"https:\/\/stonehouse.se\/en\/wp-json\/wp\/v2\/product\/33945","targetHints":{"allow":["GET"]}}],"collection":[{"href":"https:\/\/stonehouse.se\/en\/wp-json\/wp\/v2\/product"}],"about":[{"href":"https:\/\/stonehouse.se\/en\/wp-json\/wp\/v2\/types\/product"}],"wp:featuredmedia":[{"embeddable":true,"href":"https:\/\/stonehouse.se\/en\/wp-json\/wp\/v2\/media\/80563"}],"wp:attachment":[{"href":"https:\/\/stonehouse.se\/en\/wp-json\/wp\/v2\/media?parent=33945"}],"wp:term":[{"taxonomy":"product_brand","embeddable":true,"href":"https:\/\/stonehouse.se\/en\/wp-json\/wp\/v2\/product_brand?post=33945"},{"taxonomy":"product_cat","embeddable":true,"href":"https:\/\/stonehouse.se\/en\/wp-json\/wp\/v2\/product_cat?post=33945"},{"taxonomy":"product_tag","embeddable":true,"href":"https:\/\/stonehouse.se\/en\/wp-json\/wp\/v2\/product_tag?post=33945"}],"curies":[{"name":"wp","href":"https:\/\/api.w.org\/{rel}","templated":true}]}}