
{"id":33946,"date":"2022-04-19T16:24:00","date_gmt":"2022-04-19T14:24:00","guid":{"rendered":"https:\/\/stonehouse.se\/produkt\/tagg-glasfib-mifare-1k-farg-svart\/"},"modified":"2026-03-31T18:24:21","modified_gmt":"2026-03-31T16:24:21","slug":"tagg-mifare1k-uranus-hd-svart","status":"publish","type":"product","link":"https:\/\/stonehouse.se\/en\/product\/tagg-mifare1k-uranus-hd-svart\/","title":{"rendered":"Tagg Mifare1k\u00ae  Uranus HD Vandals\u00e4ker"},"content":{"rendered":"<h1>Tagg Mifare1k Uranus HD<\/h1>\n<h3>Tagg f\u00f6r Larm\/Passersystem &amp; bokning.<\/h3>\n<p><span style=\"text-decoration: underline;\"><strong>Vi \u00e4r stolta \u00f6ver att erbjuda v\u00e5r banbrytande &#8220;Uranus HD&#8221;.<\/strong><\/span><\/p>\n<p>V\u00e5r &#8221; Tagg Uranus HD&#8221;\u00a0 \u00e4r inte bara tekniskt avancerad, den \u00e4r ocks\u00e5 extremt t\u00e5lig och p\u00e5litlig.<\/p>\n<p>Tillverkad av extra f\u00f6rst\u00e4rkt glasfiber\/epoxymaterial och bara 1,6 mm tunn, klarar den tuffa milj\u00f6er och p\u00e5frestningar utan att kompromissa med prestanda.<\/p>\n<p>Dessutom \u00e4r taggen vattent\u00e4t, vilket ger skydd mot fukt och fuktighet och g\u00f6r den l\u00e4mplig f\u00f6r anv\u00e4ndning b\u00e5de inomhus och utomhus.<\/p>\n<p>&nbsp;<\/p>","protected":false},"excerpt":{"rendered":"<p>Tagg Uranus HD. Vandals\u00e4ker,vattent\u00e4t och endast 1.6 mm tunn i ett stenh\u00e5rt glasfibermaterial.<\/p>","protected":false},"featured_media":80563,"template":"","meta":{"_acf_changed":false},"product_brand":[],"product_cat":[3543,362],"product_tag":[1769,3403,2304],"class_list":{"0":"post-33946","1":"product","2":"type-product","3":"status-publish","4":"has-post-thumbnail","6":"product_cat-alla-taggar-i-butiken","7":"product_cat-rfid-tag-hd","8":"product_tag-250-moq-hd","9":"product_tag-nxp","10":"product_tag-stonehouse-produkt","11":"product_shipping_class-postnord-varubrev","12":"pa_brands-stonehouse-security","13":"pa_chip-teknik-mifare1k","14":"pa_farg-svart","15":"pa_sakerhetssystem-aptus-mfd","16":"pa_sakerhetssystem-assa-arx-solid","17":"pa_sakerhetssystem-axema","18":"pa_sakerhetssystem-axema-vaka-access","19":"pa_sakerhetssystem-bewator-vanderbilt-entro-8-siffror","20":"pa_sakerhetssystem-bewator-vanderbilt-omnis-13-siffror","21":"pa_sakerhetssystem-blank-inga-nummer","22":"pa_sakerhetssystem-chipnummer-decimalt","23":"pa_sakerhetssystem-chipnummer-hexadecimalt","24":"pa_sakerhetssystem-paxton","25":"pa_sakerhetssystem-rco","26":"pa_sakerhetssystem-tidomat","27":"pa_tagg-glasfiber-tagg-glasfiber-hd","28":"tm-no-options","30":"first","31":"instock","32":"sale","33":"featured","34":"taxable","35":"shipping-taxable","36":"product-type-simple"},"acf":[],"_links":{"self":[{"href":"https:\/\/stonehouse.se\/en\/wp-json\/wp\/v2\/product\/33946","targetHints":{"allow":["GET"]}}],"collection":[{"href":"https:\/\/stonehouse.se\/en\/wp-json\/wp\/v2\/product"}],"about":[{"href":"https:\/\/stonehouse.se\/en\/wp-json\/wp\/v2\/types\/product"}],"wp:featuredmedia":[{"embeddable":true,"href":"https:\/\/stonehouse.se\/en\/wp-json\/wp\/v2\/media\/80563"}],"wp:attachment":[{"href":"https:\/\/stonehouse.se\/en\/wp-json\/wp\/v2\/media?parent=33946"}],"wp:term":[{"taxonomy":"product_brand","embeddable":true,"href":"https:\/\/stonehouse.se\/en\/wp-json\/wp\/v2\/product_brand?post=33946"},{"taxonomy":"product_cat","embeddable":true,"href":"https:\/\/stonehouse.se\/en\/wp-json\/wp\/v2\/product_cat?post=33946"},{"taxonomy":"product_tag","embeddable":true,"href":"https:\/\/stonehouse.se\/en\/wp-json\/wp\/v2\/product_tag?post=33946"}],"curies":[{"name":"wp","href":"https:\/\/api.w.org\/{rel}","templated":true}]}}