
{"id":34088,"date":"2022-04-08T12:23:00","date_gmt":"2022-04-08T10:23:00","guid":{"rendered":"https:\/\/stonehouse.se\/produkt\/powerseries-pc1864-pcb\/"},"modified":"2026-01-06T20:49:23","modified_gmt":"2026-01-06T19:49:23","slug":"dsc-powerseries-1864-control-panel","status":"publish","type":"product","link":"https:\/\/stonehouse.se\/en\/product\/dsc-powerseries-1864-control-panel\/","title":{"rendered":"DSC PowerSeries 1864 Control Panel"},"content":{"rendered":"<p><strong>DSC PowerSeries 1864<\/strong> \u00e4r ett kraftfullt centralkort som utg\u00f6r k\u00e4rnan i DSC PowerSeries-larm.<\/p>\n<p>Med sin grundl\u00e4ggande konfiguration av 8 zoner kan systemet enkelt ut\u00f6kas till 64 fasta zoner och ytterligare 64 tr\u00e5dl\u00f6sa zoner, vilket ger maximal flexibilitet och anpassning f\u00f6r olika s\u00e4kerhetsbehov.<\/p>\n<p>Det \u00e4r utformat f\u00f6r att st\u00f6dja upp till 8 \u00f6vervakade knappsatser och kan hantera 8 partitioner, vilket m\u00f6jligg\u00f6r komplexa och skr\u00e4ddarsydda s\u00e4kerhetsl\u00f6sningar f\u00f6r b\u00e5de bost\u00e4der och f\u00f6retag.<\/p>\n<p>Med 4 programmerbara PGM-utg\u00e5ngar, som kan expanderas till 14 med PC5204 eller PC5208, ger DSC PowerSeries 1864 anv\u00e4ndarna m\u00f6jlighet att styra externa enheter och system enkelt.<\/p>\n<p>Den har en h\u00e4ndelsebuffert p\u00e5 500 h\u00e4ndelser och st\u00f6djer upp till 95 anv\u00e4ndarkoder, vilket g\u00f6r den idealisk f\u00f6r stora installationer d\u00e4r flera anv\u00e4ndare beh\u00f6ver tillg\u00e5ng.<\/p>\n<p>Den \u00e4r CP-01-kompatibel och st\u00f6der tr\u00e5dl\u00f6sa knappsatser via TR5164-433 transceivern, vilket ger ytterligare anv\u00e4ndarv\u00e4nlighet och s\u00e4kerhet.<\/p>\n<p>Med sin robusta design och avancerade funktioner \u00e4r DSC PowerSeries 1864 ett p\u00e5litligt val f\u00f6r alla som s\u00f6ker en effektiv och m\u00e5ngsidig s\u00e4kerhetsl\u00f6sning.<\/p>","protected":false},"excerpt":{"rendered":"<p>DSC PowerSeries 1864 \u00e4r ett PCB-kretskort centralkort med 8 zoner och utbyggbarhet f\u00f6r upp till 64 zoner, perfekt f\u00f6r avancerade s\u00e4kerhetssystem.<\/p>","protected":false},"featured_media":84245,"template":"","meta":{"_acf_changed":false},"product_brand":[],"product_cat":[350,2808],"product_tag":[2781,1684],"class_list":{"0":"post-34088","1":"product","2":"type-product","3":"status-publish","4":"has-post-thumbnail","6":"product_cat-dsc-larm-neo-power-hybridlarm","7":"product_cat-powerseries-1616-1864","8":"product_tag-dsc-neo-svensk-manual","9":"product_tag-power-pc1616-1864-aldre-versionen-av-neo","10":"product_shipping_class-postnord-varubrev","11":"pa_brands-4dsc","12":"pa_dsc-neo-hybridlarm-power-pc1616-1864-aldre-version-av-neo","13":"tm-no-options","15":"first","16":"outofstock","17":"sale","18":"featured","19":"taxable","20":"shipping-taxable","21":"product-type-simple"},"acf":[],"_links":{"self":[{"href":"https:\/\/stonehouse.se\/en\/wp-json\/wp\/v2\/product\/34088","targetHints":{"allow":["GET"]}}],"collection":[{"href":"https:\/\/stonehouse.se\/en\/wp-json\/wp\/v2\/product"}],"about":[{"href":"https:\/\/stonehouse.se\/en\/wp-json\/wp\/v2\/types\/product"}],"wp:featuredmedia":[{"embeddable":true,"href":"https:\/\/stonehouse.se\/en\/wp-json\/wp\/v2\/media\/84245"}],"wp:attachment":[{"href":"https:\/\/stonehouse.se\/en\/wp-json\/wp\/v2\/media?parent=34088"}],"wp:term":[{"taxonomy":"product_brand","embeddable":true,"href":"https:\/\/stonehouse.se\/en\/wp-json\/wp\/v2\/product_brand?post=34088"},{"taxonomy":"product_cat","embeddable":true,"href":"https:\/\/stonehouse.se\/en\/wp-json\/wp\/v2\/product_cat?post=34088"},{"taxonomy":"product_tag","embeddable":true,"href":"https:\/\/stonehouse.se\/en\/wp-json\/wp\/v2\/product_tag?post=34088"}],"curies":[{"name":"wp","href":"https:\/\/api.w.org\/{rel}","templated":true}]}}