
{"id":34089,"date":"2022-04-08T12:21:00","date_gmt":"2022-04-08T10:21:00","guid":{"rendered":"https:\/\/stonehouse.se\/produkt\/powerseries-pc1616-pcb\/"},"modified":"2026-01-06T20:49:00","modified_gmt":"2026-01-06T19:49:00","slug":"dsc-powerseries-1616-control-panel","status":"publish","type":"product","link":"https:\/\/stonehouse.se\/en\/product\/dsc-powerseries-1616-control-panel\/","title":{"rendered":"DSC PowerSeries 1616 Control Panel"},"content":{"rendered":"<p><strong>DSC PowerSeries 1616<\/strong> \u00e4r en robust och flexibel kontrollpanel som \u00e4r en del av DSC PowerSeries-linje, utvecklad f\u00f6re DSC NEO.<\/p>\n<p>Med sin grundkonfiguration av 6 zoner p\u00e5 moderkortet kan systemet enkelt expanderas till 16 fasta zoner och st\u00f6dja upp till 32 tr\u00e5dl\u00f6sa zoner.<\/p>\n<p>Detta g\u00f6r PowerSeries 1616 till ett utm\u00e4rkt val f\u00f6r b\u00e5de bost\u00e4der och f\u00f6retag som kr\u00e4ver en anpassningsbar s\u00e4kerhetsl\u00f6sning.<\/p>\n<p>Denna kontrollpanel har kapacitet f\u00f6r tv\u00e5 omr\u00e5den, vilket g\u00f6r det m\u00f6jligt att hantera separata s\u00e4kerhetssystem inom samma installation.<\/p>\n<p>Med en h\u00e4ndelsebuffert p\u00e5 500 h\u00e4ndelser och st\u00f6d f\u00f6r upp till 97 anv\u00e4ndarkoder, ger den b\u00e5de s\u00e4kerhet och flexibilitet f\u00f6r flera anv\u00e4ndare.<\/p>\n<p>PowerSeries 1616 har tv\u00e5 programmerbara PGM-utg\u00e5ngar som kan expanderas till 14 med PC5204 eller PC5208, vilket m\u00f6jligg\u00f6r ytterligare kontroll \u00f6ver externa enheter.<\/p>\n<p>Panelen st\u00f6der upp till 8 \u00f6vervakade knappsatser och \u00e4r kompatibel med tr\u00e5dl\u00f6sa knappsatser via TR5164-433 transceivern, vilket g\u00f6r installationen enkel och effektiv.<\/p>\n<p>PowerSeries 1616 \u00e4r CP-01-kompatibel och ger en p\u00e5litlig l\u00f6sning f\u00f6r den moderna s\u00e4kerhetsmarknaden.<\/p>","protected":false},"excerpt":{"rendered":"<p>DSC PowerSeries 1616 \u00e4r en m\u00e5ngsidig kontrollpanel med st\u00f6d f\u00f6r 6-16 zoner, perfekt f\u00f6r s\u00e4kerhetssystem med upp till 32 tr\u00e5dl\u00f6sa zoner.<\/p>\n<p>&nbsp;<\/p>","protected":false},"featured_media":84764,"template":"","meta":{"_acf_changed":false},"product_brand":[],"product_cat":[350,2808],"product_tag":[2781,1684],"class_list":{"0":"post-34089","1":"product","2":"type-product","3":"status-publish","4":"has-post-thumbnail","6":"product_cat-dsc-larm-neo-power-hybridlarm","7":"product_cat-powerseries-1616-1864","8":"product_tag-dsc-neo-svensk-manual","9":"product_tag-power-pc1616-1864-aldre-versionen-av-neo","10":"product_shipping_class-postnord-varubrev","11":"pa_brands-4dsc","12":"pa_dsc-neo-hybridlarm-power-pc1616-1864-aldre-version-av-neo","13":"tm-no-options","15":"first","16":"outofstock","17":"sale","18":"featured","19":"taxable","20":"shipping-taxable","21":"product-type-simple"},"acf":[],"_links":{"self":[{"href":"https:\/\/stonehouse.se\/en\/wp-json\/wp\/v2\/product\/34089","targetHints":{"allow":["GET"]}}],"collection":[{"href":"https:\/\/stonehouse.se\/en\/wp-json\/wp\/v2\/product"}],"about":[{"href":"https:\/\/stonehouse.se\/en\/wp-json\/wp\/v2\/types\/product"}],"wp:featuredmedia":[{"embeddable":true,"href":"https:\/\/stonehouse.se\/en\/wp-json\/wp\/v2\/media\/84764"}],"wp:attachment":[{"href":"https:\/\/stonehouse.se\/en\/wp-json\/wp\/v2\/media?parent=34089"}],"wp:term":[{"taxonomy":"product_brand","embeddable":true,"href":"https:\/\/stonehouse.se\/en\/wp-json\/wp\/v2\/product_brand?post=34089"},{"taxonomy":"product_cat","embeddable":true,"href":"https:\/\/stonehouse.se\/en\/wp-json\/wp\/v2\/product_cat?post=34089"},{"taxonomy":"product_tag","embeddable":true,"href":"https:\/\/stonehouse.se\/en\/wp-json\/wp\/v2\/product_tag?post=34089"}],"curies":[{"name":"wp","href":"https:\/\/api.w.org\/{rel}","templated":true}]}}