
{"id":34103,"date":"2022-04-08T11:12:00","date_gmt":"2022-04-08T09:12:00","guid":{"rendered":"https:\/\/stonehouse.se\/produkt\/wireless-pir-detector-ws4904pw\/"},"modified":"2025-12-31T19:57:57","modified_gmt":"2025-12-31T18:57:57","slug":"dsc-pet-pir-motion-ws4904p","status":"publish","type":"product","link":"https:\/\/stonehouse.se\/en\/product\/dsc-pet-pir-motion-ws4904p\/","title":{"rendered":"DSC PET PIR wireless Motion Detector WS4904P"},"content":{"rendered":"<p><strong>DSC PET PIR Wireless Motion Detector WS4904P<\/strong> \u00e4r den idealiska l\u00f6sningen f\u00f6r husdjurs\u00e4gare som s\u00f6ker en effektiv och p\u00e5litlig r\u00f6relsedetektor.<\/p>\n<p>Denna tr\u00e5dl\u00f6sa detektor anv\u00e4nder 433MHz teknologi och har en imponerande bevakningsradie p\u00e5 15,2 x 18,3 meter, vilket s\u00e4kerst\u00e4ller ett omfattande skydd av ditt hem.<\/p>\n<p>Med en immunitet mot husdjur upp till 27 kg kan du tryggt anv\u00e4nda den i milj\u00f6er d\u00e4r djur r\u00f6r sig, utan att beh\u00f6va oroa dig f\u00f6r falsklarm.<\/p>\n<p>Den har en automatisk inkoppling av g\u00e5ngtest och en batterisparfunktion som aktiveras efter 3 minuter av inaktivitet, vilket bidrar till en l\u00e5ng batterilivsl\u00e4ngd p\u00e5 cirka 5 \u00e5r med den medf\u00f6ljande litiumbatteriet av typ CR123A.<\/p>\n<p>Inst\u00e4llning och installation av WS4904P \u00e4r mycket enkel, vilket g\u00f6r att du snabbt kan f\u00e5 ig\u00e5ng ditt s\u00e4kerhetssystem.<\/p>\n<p>Detektorn \u00f6vervakar \u00e4ven sabotage, batterisp\u00e4nning och kommunikation f\u00f6r att garantera en h\u00f6g niv\u00e5 av s\u00e4kerhet.<\/p>\n<p>Det \u00e4r viktigt att notera att f\u00f6r att anv\u00e4nda PowerG tr\u00e5dl\u00f6sa produkter, kr\u00e4vs en Transceiver HSM2HOST eller en knappsats med RF-teknologi som agerar mottagare.<\/p>\n<p>DSC PET PIR WS4904P \u00e4r perfekt f\u00f6r b\u00e5de bost\u00e4der och f\u00f6retag, vilket ger en effektiv och p\u00e5litlig s\u00e4kerhetsl\u00f6sning.<\/p>","protected":false},"excerpt":{"rendered":"<p>DSC PET PIR WS4904P \u00e4r en tr\u00e5dl\u00f6s husdjursdetektor med immunitet mot djur upp till 27 kg, perfekt f\u00f6r s\u00e4kerhetssystem i hem med husdjur.<\/p>","protected":false},"featured_media":84559,"template":"","meta":{"_acf_changed":false},"product_brand":[],"product_cat":[350],"product_tag":[2638,2781],"class_list":{"0":"post-34103","1":"product","2":"type-product","3":"status-publish","4":"has-post-thumbnail","6":"product_cat-dsc-larm-neo-power-hybridlarm","7":"product_tag-cr123-tillbehor","8":"product_tag-dsc-neo-svensk-manual","9":"product_shipping_class-postnord-varubrev","10":"pa_brands-4dsc","11":"pa_dsc-neo-hybridlarm-power-pc1616-1864-aldre-version-av-neo","12":"tm-no-options","14":"first","15":"instock","16":"sale","17":"featured","18":"taxable","19":"shipping-taxable","20":"product-type-simple"},"acf":[],"_links":{"self":[{"href":"https:\/\/stonehouse.se\/en\/wp-json\/wp\/v2\/product\/34103","targetHints":{"allow":["GET"]}}],"collection":[{"href":"https:\/\/stonehouse.se\/en\/wp-json\/wp\/v2\/product"}],"about":[{"href":"https:\/\/stonehouse.se\/en\/wp-json\/wp\/v2\/types\/product"}],"wp:featuredmedia":[{"embeddable":true,"href":"https:\/\/stonehouse.se\/en\/wp-json\/wp\/v2\/media\/84559"}],"wp:attachment":[{"href":"https:\/\/stonehouse.se\/en\/wp-json\/wp\/v2\/media?parent=34103"}],"wp:term":[{"taxonomy":"product_brand","embeddable":true,"href":"https:\/\/stonehouse.se\/en\/wp-json\/wp\/v2\/product_brand?post=34103"},{"taxonomy":"product_cat","embeddable":true,"href":"https:\/\/stonehouse.se\/en\/wp-json\/wp\/v2\/product_cat?post=34103"},{"taxonomy":"product_tag","embeddable":true,"href":"https:\/\/stonehouse.se\/en\/wp-json\/wp\/v2\/product_tag?post=34103"}],"curies":[{"name":"wp","href":"https:\/\/api.w.org\/{rel}","templated":true}]}}