
{"id":34104,"date":"2022-03-24T12:58:00","date_gmt":"2022-03-24T11:58:00","guid":{"rendered":"https:\/\/stonehouse.se\/produkt\/tagg-glassfibre-kombi-em4200-mifare-1k-svart\/"},"modified":"2026-03-31T18:14:15","modified_gmt":"2026-03-31T16:14:15","slug":"kombitagg-em4200-mifare1k-uranus-hd-svart","status":"publish","type":"product","link":"https:\/\/stonehouse.se\/en\/product\/kombitagg-em4200-mifare1k-uranus-hd-svart\/","title":{"rendered":"Kombitagg EM4200\/Mifare1k\u00ae  Uranus HD Vandals\u00e4ker"},"content":{"rendered":"<h1>Tagg Kombi EM4200\/Mifare1k Uranus HD<\/h1>\n<h3>Tagg f\u00f6r Larm\/Passersystem samt bokning.<\/h3>\n<div>\n<h3><strong style=\"font-size: 16px\">H\u00e4r med standardnummer graverade p\u00e5 taggen f\u00f6r i princip samtliga s\u00e4kerhetssystem.<\/strong><\/h3>\n<div>\n<p><span style=\"text-decoration: underline\"><strong>RCO (MFR), Axema VAKA (MFV)<\/strong><\/span><\/p>\n<p><span style=\"text-decoration: underline\"><strong>(MFD) ASSA, Aptus, Bewator, Axema, Axema VAKA, Vanderbilt<\/strong><\/span><\/p>\n<p><span style=\"text-decoration: underline\"><strong>A = Aptus, R=RCO, AX=Axema, S=ASSA<\/strong><\/span><\/p>\n<p><span style=\"text-decoration: underline\"><strong>V=Axema VAKA och B= Bewator\/Vanderbilt.<\/strong><\/span><\/p>\n<\/div>\n<p>V\u00e5r &#8221; Tagg Uranus HD&#8221;\u00a0 \u00e4r inte bara tekniskt avancerad, den \u00e4r ocks\u00e5 extremt t\u00e5lig och p\u00e5litlig.<\/p>\n<p>Tillverkad av extra f\u00f6rst\u00e4rkt glasfiber\/epoxymaterial och bara 1,6 mm tunn, klarar den tuffa milj\u00f6er och p\u00e5frestningar utan att kompromissa med prestanda.<\/p>\n<p>Dessutom \u00e4r taggen vattent\u00e4t, vilket ger skydd mot fukt och fuktighet och g\u00f6r den l\u00e4mplig f\u00f6r anv\u00e4ndning b\u00e5de inomhus och utomhus.<\/p>\n<p>Denna innovativa nyckelbricka \u00e4r speciellt utformad f\u00f6r att m\u00f6ta dina behov av s\u00e4kerhets- och identifieringssystem.<\/p>\n<p>Med dess robusta konstruktion och imponerande funktionalitet ger RFID tag &#8220;Uranus HD&#8221; en p\u00e5litlig och effektiv l\u00f6sning f\u00f6r olika till\u00e4mpningar.<\/p>\n<p>Vi erbjuder flera varianter av\u00a0 &#8220;Uranus HD&#8221; f\u00f6r att tillgodose dina specifika krav.<\/p>\n<p>Det finns flera produkter du kan v\u00e4lja mellan EM4200, Mifare1k, kombinationen av Mifare1k och EM4200, Mifare4k, samt kombinationen av Mifare4k och EM4200.<\/p>\n<p>Varje variant har sina unika egenskaper och funktioner, vilket ger dig flexibilitet och m\u00e5ngsidighet.<\/p>\n<p>F\u00f6r att ytterligare anpassa nyckelbricka erbjuder vi m\u00f6jligheten att specialbest\u00e4lla in nummer som exempelvis l\u00f6pnummer, eller nummer fr\u00e5n dina passersystem.<\/p>\n<p>eller nummer fr\u00e5n dina passersystem (RCO, Vanderbilt, Bewator, Axema Aptus ASSA mm).<\/p>\n<p>Detta underl\u00e4ttar identifieringen och hanteringen av dina taggar, vilket sparar tid och \u00f6kar effektiviteten i ditt arbetsfl\u00f6de.<\/p>\n<h3>Som alltid fr\u00e5n oss, originalchip fr\u00e5n<a href=\"https:\/\/www.nxp.com\/\" target=\"_blank\" rel=\"noopener\"> NXP<\/a> och <a href=\"https:\/\/www.emmicroelectronic.com\/\" target=\"_blank\" rel=\"noopener\">EM Microelectronic.<\/a><\/h3>\n<p><strong>Passar till allt och alla!<\/strong><\/p>\n<ul>\n<li>Access control system<\/li>\n<li>Bes\u00f6kssystem<\/li>\n<li>Tv\u00e4ttstugebokning<\/li>\n<li>Larm och s\u00e4kerhetssystem<\/li>\n<\/ul>\n<p>&nbsp;<\/p>\n<\/div>","protected":false},"excerpt":{"rendered":"<p>Tagg Uranus HD. Vandals\u00e4ker,vattent\u00e4t och endast 1.6 mm tunn i ett stenh\u00e5rt glasfibermaterial.<\/p>","protected":false},"featured_media":80563,"template":"","meta":{"_acf_changed":false},"product_brand":[],"product_cat":[3543,362],"product_tag":[1769,3403,2304],"class_list":{"0":"post-34104","1":"product","2":"type-product","3":"status-publish","4":"has-post-thumbnail","6":"product_cat-alla-taggar-i-butiken","7":"product_cat-rfid-tag-hd","8":"product_tag-250-moq-hd","9":"product_tag-nxp","10":"product_tag-stonehouse-produkt","11":"product_shipping_class-postnord-varubrev","12":"pa_brands-stonehouse-security","13":"pa_chip-teknik-kombi-em4200mifare1k","14":"pa_farg-svart","15":"pa_sakerhetssystem-aptus-mfd","16":"pa_sakerhetssystem-assa-arx-solid","17":"pa_sakerhetssystem-axema","18":"pa_sakerhetssystem-axema-vaka-access","19":"pa_sakerhetssystem-bewator-vanderbilt-entro-8-siffror","20":"pa_sakerhetssystem-bewator-vanderbilt-omnis-13-siffror","21":"pa_sakerhetssystem-blank-inga-nummer","22":"pa_sakerhetssystem-chipnummer-decimalt","23":"pa_sakerhetssystem-chipnummer-hexadecimalt","24":"pa_sakerhetssystem-paxton","25":"pa_sakerhetssystem-rco","26":"pa_sakerhetssystem-tidomat","27":"pa_tagg-glasfiber-tagg-glasfiber-hd","28":"tm-no-options","30":"first","31":"instock","32":"sale","33":"featured","34":"taxable","35":"shipping-taxable","36":"product-type-simple"},"acf":[],"_links":{"self":[{"href":"https:\/\/stonehouse.se\/en\/wp-json\/wp\/v2\/product\/34104","targetHints":{"allow":["GET"]}}],"collection":[{"href":"https:\/\/stonehouse.se\/en\/wp-json\/wp\/v2\/product"}],"about":[{"href":"https:\/\/stonehouse.se\/en\/wp-json\/wp\/v2\/types\/product"}],"wp:featuredmedia":[{"embeddable":true,"href":"https:\/\/stonehouse.se\/en\/wp-json\/wp\/v2\/media\/80563"}],"wp:attachment":[{"href":"https:\/\/stonehouse.se\/en\/wp-json\/wp\/v2\/media?parent=34104"}],"wp:term":[{"taxonomy":"product_brand","embeddable":true,"href":"https:\/\/stonehouse.se\/en\/wp-json\/wp\/v2\/product_brand?post=34104"},{"taxonomy":"product_cat","embeddable":true,"href":"https:\/\/stonehouse.se\/en\/wp-json\/wp\/v2\/product_cat?post=34104"},{"taxonomy":"product_tag","embeddable":true,"href":"https:\/\/stonehouse.se\/en\/wp-json\/wp\/v2\/product_tag?post=34104"}],"curies":[{"name":"wp","href":"https:\/\/api.w.org\/{rel}","templated":true}]}}