
{"id":34108,"date":"2022-03-23T12:45:00","date_gmt":"2022-03-23T11:45:00","guid":{"rendered":"https:\/\/stonehouse.se\/produkt\/tagg-droppen-em4200-rod\/"},"modified":"2026-03-31T17:46:21","modified_gmt":"2026-03-31T15:46:21","slug":"tagg-em4200-venus-rod","status":"publish","type":"product","link":"https:\/\/stonehouse.se\/en\/product\/tagg-em4200-venus-rod\/","title":{"rendered":"EM4200 Tagg Venus  R\u00f6d"},"content":{"rendered":"<h1>EM Tagg Valfria nummer Svart EM4200 Venus<\/h1>\n<h3><strong>Venus EM Tagg M\u00e5ngsidig och popul\u00e4r<\/strong><\/h3>\n<p><span style=\"text-decoration: underline\"><strong>H\u00e4r kan du ocks\u00e5 v\u00e4lja till l\u00f6pnummer, nummer f\u00f6r passersystem<\/strong><\/span><\/p>\n<p><span style=\"text-decoration: underline\"><strong>Du kan ocks\u00e5 v\u00e4lja egna nummer samt logo i f\u00e4rg och gravyr.<\/strong><\/span><\/p>\n<p>RFID Venus EM Tagg \u00e4r inte bara en popul\u00e4r och h\u00e5llbar tagg, den \u00e4r \u00e4ven m\u00e5ngsidig och kompatibel med olika system och anv\u00e4ndningsomr\u00e5den.<\/p>\n<p>Den \u00e4r designad f\u00f6r att fungera smidigt i passersystem, vilket inneb\u00e4r att den kan anv\u00e4ndas f\u00f6r att ge \u00e5tkomst till byggnader, utrymmen och andra platser som anv\u00e4nder sig av RFID-teknologi.<\/p>\n<p>Ut\u00f6ver passersystem kan RFID tag Venus ocks\u00e5 integreras i tv\u00e4ttstugebokningssystem.<\/p>\n<p>Detta g\u00f6r det m\u00f6jligt f\u00f6r anv\u00e4ndare att enkelt boka tv\u00e4ttstugan och f\u00e5 tillg\u00e5ng till tv\u00e4ttmaskiner och torktumlare genom att helt enkelt blippa sin tagg mot RFID-l\u00e4saren.<\/p>\n<p>Venus kan ocks\u00e5 anv\u00e4ndas i andra system och applikationer som \u00e4r baserade p\u00e5 RFID-teknologi.<\/p>\n<p>Det kan inkludera l\u00f6sningar f\u00f6r inventering och varuhantering, \u00e5tkomstkontroll i kontorsmilj\u00f6er, evenemangshantering och mycket mer.<\/p>\n<p>Den m\u00e5ngsidiga och p\u00e5litliga naturen hos Venus g\u00f6r den till ett utm\u00e4rkt val f\u00f6r olika branscher och anv\u00e4ndningsomr\u00e5den.<\/p>\n<p>Oavsett om det \u00e4r f\u00f6r s\u00e4kerhet, bekv\u00e4mlighet eller effektivitet, kan denna tagg uppfylla dina behov och integreras s\u00f6ml\u00f6st i ditt befintliga RFID-system.<\/p>\n<p>Ta del av f\u00f6rdelarna med Venus passerbricka och effektivisera dina passersystem, tv\u00e4ttstugebokningar och andra system som anv\u00e4nder RFID-teknologi.<\/p>\n<p>Best\u00e4ll din Venus RFID-tag idag och upplev dess m\u00e5ngsidighet och p\u00e5litlighet.<\/p>\n<p>Vi f\u00f6rst\u00e5r vikten av att leverera h\u00f6gkvalitativa RFID produkter som uppfyller dagens krav och f\u00f6rv\u00e4ntningar.<\/p>\n<p>D\u00e4rf\u00f6r str\u00e4var vi efter att erbjuda den b\u00e4sta tekniken och kompatibiliteten f\u00f6r att f\u00f6rb\u00e4ttra s\u00e4kerheten och effektiviteten i dina system.<\/p>\n<p><strong><span style=\"text-decoration: underline\">Anpassad RFID tag f\u00f6r unika projekt- EM Tagg\u00a0<\/span><\/strong><\/p>\n<p>F\u00f6rdelarna med v\u00e5ra RFID taggar inkluderar kompatibilitet med olika system\/tekniker samt m\u00f6jligheten att skr\u00e4ddarsy taggarna f\u00f6r att passa unika projekt.<\/p>\n<p>Vi kan programmera och integrera olika chip f\u00f6r att m\u00f6ta specifika applikationskrav och skapa anpassade l\u00f6sningar. Kontakta oss idag f\u00f6r att diskutera dina projektid\u00e9er och f\u00e5 en skr\u00e4ddarsydd RFID-taggl\u00f6sning f\u00f6r dina behov.<\/p>\n<p><strong><span style=\"text-decoration: underline\">Snabb leverans och alltid lagerf\u00f6rd -EM Tagg\u00a0<\/span><\/strong><\/p>\n<p>&#8220;Venus&#8221;\u00a0 finns alltid i lager i 7 f\u00e4rger och med olika singelchipl\u00f6sningar.<\/p>\n<p>Med hj\u00e4lp av v\u00e5ra lasermaskiner och programvaror kan du v\u00e4lja logo &amp; unika nummer f\u00f6r gravering med leverans inom 1-3 dagar.Som alltid fr\u00e5n oss, originalchip fr\u00e5n NXP och EM Microelectronic.<\/p>\n<p><strong>Allt f\u00f6r att v\u00e5ra RFID taggar ska fungera s\u00e4kert och under l\u00e5ng tid, med garanti.<\/strong><\/p>\n<ul>\n<li><strong>RFID kan anv\u00e4ndas f\u00f6r:<\/strong>\n<ul>\n<li>Access control system<\/li>\n<li>Bes\u00f6kssystem<\/li>\n<li>Tv\u00e4ttstugebokning<\/li>\n<li>Larm och s\u00e4kerhet<\/li>\n<\/ul>\n<\/li>\n<li><strong>F\u00f6rdelar med &#8220;Venus&#8221;:<\/strong>\n<ul>\n<li>Robust konstruktion i ABS-material<\/li>\n<li>Snygg design och bra l\u00e4savst\u00e5nd<\/li>\n<li>M\u00f6jlighet att gravera standardnummer eller inkludera logotyp<\/li>\n<li>Stort utbud av chipvarianter f\u00f6r att passa olika behov d\u00e4r du beh\u00f6ver 1 chip i taggen och alltid lagerf\u00f6rd.<\/li>\n<\/ul>\n<\/li>\n<\/ul>","protected":false},"excerpt":{"rendered":"<p>V\u00e5r klassiska RFID tag &#8220;Venus&#8221; &#8211; den perfekta l\u00f6sningen f\u00f6r s\u00e4kerhets- och identifieringssystem. EM4200 chip klara f\u00f6r gravyr eller f\u00e4rglogo. Taggen har \u00e4r utf\u00f6rd i ett slitstarkt ABS material med en elegant yta som passar \u00f6verallt.<\/p>","protected":false},"featured_media":95028,"template":"","meta":{"_acf_changed":false},"product_brand":[],"product_cat":[3543,1528,363],"product_tag":[1284,1766,1763,1285,2304],"class_list":{"0":"post-34108","1":"product","2":"type-product","3":"status-publish","4":"has-post-thumbnail","6":"product_cat-alla-taggar-i-butiken","7":"product_cat-rfid-taggar-nyckelbrickor","8":"product_cat-rfid-tagg-venus","9":"product_tag-ej-lagerfraga","10":"product_tag-em4200-standard-blank-alpha","11":"product_tag-em4200-standard-blank-dtc","12":"product_tag-rfid-100","13":"product_tag-stonehouse-produkt","14":"product_shipping_class-postnord-varubrev","15":"pa_brands-stonehouse-security","16":"pa_chip-teknik-em4200-kompatibelt-med-4100-4102-och-4305","17":"pa_farg-rod","18":"pa_tagg-droppen-tagg-droppen","19":"pa_taggar-larmsystem-aptus","20":"pa_taggar-larmsystem-assa-arx-solid-entro","21":"pa_taggar-larmsystem-axema","22":"pa_taggar-larmsystem-axema-vaka","23":"pa_taggar-larmsystem-blank-inga-nummer","24":"pa_taggar-larmsystem-cdvi","25":"pa_taggar-larmsystem-decimala-nummer","26":"pa_taggar-larmsystem-enstaka-siffor-valfria","27":"pa_taggar-larmsystem-hexadecimala-nummer","28":"pa_taggar-larmsystem-lopnummer-valfria","29":"pa_taggar-larmsystem-paxton","30":"pa_taggar-larmsystem-rco-security","31":"pa_taggar-larmsystem-tidomat","32":"pa_taggar-larmsystem-val-av-fler-an-1-nummer-gor-dina-val-nedan-i-rott","33":"pa_taggar-larmsystem-vanderbilt-bewator-entro-8-siffor","34":"pa_taggar-larmsystem-vanderbilt-bewator-omnis-bewator-2010-13-siffor","35":"tm-no-options","37":"first","38":"instock","39":"sale","40":"featured","41":"taxable","42":"shipping-taxable","43":"product-type-simple"},"acf":[],"_links":{"self":[{"href":"https:\/\/stonehouse.se\/en\/wp-json\/wp\/v2\/product\/34108","targetHints":{"allow":["GET"]}}],"collection":[{"href":"https:\/\/stonehouse.se\/en\/wp-json\/wp\/v2\/product"}],"about":[{"href":"https:\/\/stonehouse.se\/en\/wp-json\/wp\/v2\/types\/product"}],"wp:featuredmedia":[{"embeddable":true,"href":"https:\/\/stonehouse.se\/en\/wp-json\/wp\/v2\/media\/95028"}],"wp:attachment":[{"href":"https:\/\/stonehouse.se\/en\/wp-json\/wp\/v2\/media?parent=34108"}],"wp:term":[{"taxonomy":"product_brand","embeddable":true,"href":"https:\/\/stonehouse.se\/en\/wp-json\/wp\/v2\/product_brand?post=34108"},{"taxonomy":"product_cat","embeddable":true,"href":"https:\/\/stonehouse.se\/en\/wp-json\/wp\/v2\/product_cat?post=34108"},{"taxonomy":"product_tag","embeddable":true,"href":"https:\/\/stonehouse.se\/en\/wp-json\/wp\/v2\/product_tag?post=34108"}],"curies":[{"name":"wp","href":"https:\/\/api.w.org\/{rel}","templated":true}]}}