
{"id":34125,"date":"2022-03-17T11:46:00","date_gmt":"2022-03-17T10:46:00","guid":{"rendered":"https:\/\/stonehouse.se\/produkt\/tagg-abs-pro-kombi-em4200-mifare-1k-svart\/"},"modified":"2026-03-31T17:09:24","modified_gmt":"2026-03-31T15:09:24","slug":"kombitagg-em4200-mifare1k-uranus-pro-svart","status":"publish","type":"product","link":"https:\/\/stonehouse.se\/en\/product\/kombitagg-em4200-mifare1k-uranus-pro-svart\/","title":{"rendered":"Uranus Pro &#8211; EM4200\/Mifare1K &#8211; Svart"},"content":{"rendered":"<h1>Kombitagg Uranus Pro EM4200\/Mifare1k<\/h1>\n<p>Denna tagg fungerar i alla system som anv\u00e4nder EM och Mifare- teknik bland annat RCO, Bewator\/Vanderbilt, Aptus, ASSA ARX och andra typer av system,<\/p>\n<p>ex bes\u00f6kssystem eller inloggning till datorer\/printer.<\/p>\n<p>V\u00e5r &#8220;Uranus Pro&#8221; \u00e4r skapad f\u00f6r att m\u00f6ta de mest kr\u00e4vande behoven inom s\u00e4kerhet och identifiering.<\/p>\n<p>Med sin robusta konstruktion i ABS-material och tunna profil p\u00e5 endast 2,9 mm, erbjuder den en perfekt balans mellan h\u00e5llbarhet och elegans.<\/p>\n<p>Dess stilrena yta g\u00f6r den idealisk f\u00f6r att graveras med standardnummer eller inkludera din logotyp, antingen genom graverat eller f\u00e4rgat utf\u00f6rande.<\/p>\n<p>Oavsett om du beh\u00f6ver en p\u00e5litlig produkt f\u00f6r passersystem, bes\u00f6kssystem, Bokning, larm, billaddare, lagerhantering\u00a0 eller andra till\u00e4mpningar,<\/p>\n<p>s\u00e5 \u00e4r v\u00e5r &#8220;Uranus Pro&#8221; det perfekta valet.<\/p>\n<p>Den finns i m\u00e5nga varianter och vi kan \u00e4ven tillverka den med ditt eget val av chip.<\/p>\n<p>Standard idag idag f\u00f6r passerbrickor \u00e4r: EM4200, Mifare1k, kombinationen av Mifare1k och EM4200, Mifare4k, kombinationen av Mifare4k och EM4200, samt DESFire,<\/p>\n<p>kan du skr\u00e4ddarsy din l\u00f6sning f\u00f6r att passa dina specifika behov.<\/p>\n<p>Vi f\u00f6rst\u00e5r vikten av att leverera h\u00f6gkvalitativa RFID-taggar som uppfyller dagens krav och f\u00f6rv\u00e4ntningar.<\/p>\n<p>D\u00e4rf\u00f6r str\u00e4var vi efter att erbjuda den b\u00e4sta tekniken och kompatibiliteten f\u00f6r att f\u00f6rb\u00e4ttra s\u00e4kerheten och effektiviteten i dina system.<\/p>\n<h3><strong>Anpassad f\u00f6r unika projekt &#8211; Kombitagg<\/strong><\/h3>\n<p>F\u00f6rdelarna med v\u00e5ra RFID tags inkluderar kompatibilitet med olika system\/tekniker samt m\u00f6jligheten att skr\u00e4ddarsy taggarna f\u00f6r att passa unika projekt.<\/p>\n<p>Vi kan programmera och integrera olika chip f\u00f6r att m\u00f6ta specifika applikationskrav och skapa anpassade l\u00f6sningar.<\/p>\n<p>Kontakta oss idag f\u00f6r att diskutera dina projektid\u00e9er och f\u00e5 en skr\u00e4ddarsydd RFID-taggl\u00f6sning f\u00f6r dina behov.<\/p>\n<h5><strong>Snabb leverans och alltid lagerf\u00f6rd Uranus Pro Kombitagg<\/strong><\/h5>\n<p>&#8220;Uranus Pro&#8221; RFID nyckelbricka finns alltid i lager med \u00f6ver 80 000 enheter i 6 f\u00e4rger (R\u00f6d, Bl\u00e5, Vit, Svart, Gr\u00f6n, Gul) och med olika chip.<\/p>\n<p>Med hj\u00e4lp av v\u00e5ra lasermaskiner och programvaror kan du v\u00e4lja logo &amp; unika nummer f\u00f6r gravering med leverans inom 1-3 dagar.<\/p>\n<h3>Som alltid! Kombitagg med Originalchip fr\u00e5n<a href=\"https:\/\/www.nxp.com\/\" target=\"_blank\" rel=\"noopener\"> NXP<\/a> och <a href=\"https:\/\/www.emmicroelectronic.com\/\" target=\"_blank\" rel=\"noopener\">EM Microelectronic.<\/a><\/h3>\n<p><strong>Passar till allt och alla!<\/strong><\/p>\n<ul>\n<li>Access control system<\/li>\n<li>Bes\u00f6kssystem<\/li>\n<li>Bokning<\/li>\n<li>Larm och s\u00e4kerhetssystem<\/li>\n<\/ul>\n<p><strong>F\u00f6rdelar med &#8220;Uranus Pro&#8221; Kombitagg<\/strong><\/p>\n<ul>\n<li>Robust konstruktion i ABS-material<\/li>\n<li>Tunn profil p\u00e5 endast 2,9 mm<\/li>\n<li>M\u00f6jlighet att gravera standardnummer eller inkludera logotyp<\/li>\n<li>Stort utbud av chipvarianter f\u00f6r att passa olika behov och alltid lagerf\u00f6rd.<\/li>\n<\/ul>","protected":false},"excerpt":{"rendered":"<p>V\u00e5r popul\u00e4raste RFID tag &#8220;Uranus Pro&#8221; &#8211; den perfekta l\u00f6sningen f\u00f6r s\u00e4kerhets- och identifieringssystem. H\u00e4r med dubbla chip i kombitagg: EM4200+Mifare1k chip. Du kan v\u00e4lja till graverade nummer f\u00f6r dina system eller l\u00f6pnummer.<\/p>","protected":false},"featured_media":95039,"template":"","meta":{"_acf_changed":false},"product_brand":[],"product_cat":[3543,360],"product_tag":[1284,1768,1765,3403,1744,2304,2331],"class_list":{"0":"post-34125","1":"product","2":"type-product","3":"status-publish","4":"has-post-thumbnail","6":"product_cat-alla-taggar-i-butiken","7":"product_cat-rfid-tagg-pro","8":"product_tag-ej-lagerfraga","9":"product_tag-kombi-emmif-standard-blank-alpha","10":"product_tag-kombi-emmif-standard-blank-dtc","11":"product_tag-nxp","12":"product_tag-rel-rfid","13":"product_tag-stonehouse-produkt","14":"product_tag-utvalda-taggar-kombitaggar-med-dubbla-chip","15":"product_shipping_class-postnord-varubrev","16":"pa_brands-stonehouse-security","17":"pa_chip-teknik-kombi-em4200mifare1k","18":"pa_farg-svart","19":"pa_pro-larmsystem-aptus","20":"pa_pro-larmsystem-assa-abs-pro-system","21":"pa_pro-larmsystem-axema","22":"pa_pro-larmsystem-axema-vaka","23":"pa_pro-larmsystem-blank-inga-nummer","24":"pa_pro-larmsystem-cdvi","25":"pa_pro-larmsystem-decimala-nummer","26":"pa_pro-larmsystem-enstaka-siffror-valfria","27":"pa_pro-larmsystem-hexadecimal-nummer","28":"pa_pro-larmsystem-lopnummer-valfria","29":"pa_pro-larmsystem-paxton","30":"pa_pro-larmsystem-rco-abs-pro-system","31":"pa_pro-larmsystem-tidomat","32":"pa_pro-larmsystem-vanderbilt-bewator-entro-8-siffror","33":"pa_pro-larmsystem-vanderbilt-bewator-omnis-bewator-2010-13-siffror","34":"pa_pro-tagg-larmsystem-aptus","35":"pa_pro-tagg-larmsystem-assa-arx-solid-entro","36":"pa_pro-tagg-larmsystem-axema","37":"pa_pro-tagg-larmsystem-axema-vaka","38":"pa_pro-tagg-larmsystem-blank-inga-nummer","39":"pa_pro-tagg-larmsystem-cdvi","40":"pa_pro-tagg-larmsystem-decimala-nummer","41":"pa_pro-tagg-larmsystem-enstaka-siffror-valfria","42":"pa_pro-tagg-larmsystem-hexadecimala-nummer","43":"pa_pro-tagg-larmsystem-lopnummer-valfria","44":"pa_pro-tagg-larmsystem-paxton","45":"pa_pro-tagg-larmsystem-rco-security","46":"pa_pro-tagg-larmsystem-tidomat","47":"pa_pro-tagg-larmsystem-vanderbilt-bewator-entro-8-siffror","48":"pa_pro-tagg-larmsystem-vanderbilt-bewator-omnis-bewator-2010-13-siffror","49":"pa_tagg-abs-pro-2-9-mm-tagg-abs-pro","50":"tm-no-options","52":"first","53":"instock","54":"sale","55":"featured","56":"taxable","57":"shipping-taxable","58":"product-type-simple"},"acf":[],"_links":{"self":[{"href":"https:\/\/stonehouse.se\/en\/wp-json\/wp\/v2\/product\/34125","targetHints":{"allow":["GET"]}}],"collection":[{"href":"https:\/\/stonehouse.se\/en\/wp-json\/wp\/v2\/product"}],"about":[{"href":"https:\/\/stonehouse.se\/en\/wp-json\/wp\/v2\/types\/product"}],"wp:featuredmedia":[{"embeddable":true,"href":"https:\/\/stonehouse.se\/en\/wp-json\/wp\/v2\/media\/95039"}],"wp:attachment":[{"href":"https:\/\/stonehouse.se\/en\/wp-json\/wp\/v2\/media?parent=34125"}],"wp:term":[{"taxonomy":"product_brand","embeddable":true,"href":"https:\/\/stonehouse.se\/en\/wp-json\/wp\/v2\/product_brand?post=34125"},{"taxonomy":"product_cat","embeddable":true,"href":"https:\/\/stonehouse.se\/en\/wp-json\/wp\/v2\/product_cat?post=34125"},{"taxonomy":"product_tag","embeddable":true,"href":"https:\/\/stonehouse.se\/en\/wp-json\/wp\/v2\/product_tag?post=34125"}],"curies":[{"name":"wp","href":"https:\/\/api.w.org\/{rel}","templated":true}]}}