
{"id":34146,"date":"2022-03-16T14:53:00","date_gmt":"2022-03-16T13:53:00","guid":{"rendered":"https:\/\/stonehouse.se\/produkt\/salto-kort-kompatibelt-mifare1k\/"},"modified":"2025-12-31T19:55:55","modified_gmt":"2025-12-31T18:55:55","slug":"salto-kort-kompatibelt-mifare1k","status":"publish","type":"product","link":"https:\/\/stonehouse.se\/en\/product\/salto-kort-kompatibelt-mifare1k\/","title":{"rendered":"Salto Kort kompatibelt Mifare1k"},"content":{"rendered":"<div>Kompatibelt kort f\u00f6r Salto system till ett extra l\u00e5gt pris.Kortet inneh\u00e5ller orginalchip Mifare1k f\u00f6r b\u00e4sta funktion och med samma garanti som v\u00e5ra originalprodukter.Stonehouse plast\/bes\u00f6kskort \u00e4r en billig och bra produkt med originalchip f\u00f6r alla applikationer.<\/div>","protected":false},"excerpt":{"rendered":"<p>Kompatibelt Salto 1k kort i CR80 format f\u00f6r med kodning f\u00f6r Salto Systems.<\/p>","protected":false},"featured_media":88868,"template":"","meta":{"_acf_changed":false},"product_brand":[],"product_cat":[577,3438],"product_tag":[2516,2512,1465,2304],"class_list":{"0":"post-34146","1":"product","2":"type-product","3":"status-publish","4":"has-post-thumbnail","6":"product_cat-rfid-kort","7":"product_cat-salto","8":"product_tag-rfid-desfire","9":"product_tag-rfid-mifare4k","10":"product_tag-rfid-salto","11":"product_tag-stonehouse-produkt","12":"product_shipping_class-postnord-varubrev","13":"pa_brands-stonehouse-security","14":"pa_plastkort-teknik-salto","15":"pa_rfid-ovriga-system-salto","16":"tm-no-options","18":"first","19":"onbackorder","20":"sale","21":"featured","22":"taxable","23":"shipping-taxable","24":"product-type-simple"},"acf":[],"_links":{"self":[{"href":"https:\/\/stonehouse.se\/en\/wp-json\/wp\/v2\/product\/34146","targetHints":{"allow":["GET"]}}],"collection":[{"href":"https:\/\/stonehouse.se\/en\/wp-json\/wp\/v2\/product"}],"about":[{"href":"https:\/\/stonehouse.se\/en\/wp-json\/wp\/v2\/types\/product"}],"wp:featuredmedia":[{"embeddable":true,"href":"https:\/\/stonehouse.se\/en\/wp-json\/wp\/v2\/media\/88868"}],"wp:attachment":[{"href":"https:\/\/stonehouse.se\/en\/wp-json\/wp\/v2\/media?parent=34146"}],"wp:term":[{"taxonomy":"product_brand","embeddable":true,"href":"https:\/\/stonehouse.se\/en\/wp-json\/wp\/v2\/product_brand?post=34146"},{"taxonomy":"product_cat","embeddable":true,"href":"https:\/\/stonehouse.se\/en\/wp-json\/wp\/v2\/product_cat?post=34146"},{"taxonomy":"product_tag","embeddable":true,"href":"https:\/\/stonehouse.se\/en\/wp-json\/wp\/v2\/product_tag?post=34146"}],"curies":[{"name":"wp","href":"https:\/\/api.w.org\/{rel}","templated":true}]}}