
{"id":34196,"date":"2022-03-16T14:52:00","date_gmt":"2022-03-16T13:52:00","guid":{"rendered":"https:\/\/stonehouse.se\/produkt\/pluto-mifare1k-minidisc-transparent-30-mm\/"},"modified":"2025-12-31T19:53:25","modified_gmt":"2025-12-31T18:53:25","slug":"pluto-mifare1k-minidisc-transparent-30-mm","status":"publish","type":"product","link":"https:\/\/stonehouse.se\/en\/product\/pluto-mifare1k-minidisc-transparent-30-mm\/","title":{"rendered":"Pluto Mifare4k &#8211; Minidisc Transparent 30 mm"},"content":{"rendered":"<div>\n<p>Pluto MiniDisc \u00e4r en RFID tagg med ett enkelt skydd och finns i 5 storlekar och med b\u00e5de Mifare och EM4200.<\/p>\n<p>Vi kan \u00e4ven f\u00f6rse denna med tryck av nummer om ni s\u00e5 \u00f6nskar..<\/p>\n<p>Den \u00e4r fr\u00e4mst l\u00e4mplig f\u00f6r att bygga in i f\u00f6rem\u00e5l som exempelvis elektroniska nycklar och liknande d\u00e4r den blir skyddad.<\/p>\n<div>\n<div>\n<div data-tid=\"messageBodyContainer\">\n<div data-tid=\"messageBodyContent\">\n<div>\n<div>\n<div>\n<p>Stonehouse Pluto \u00e4r en billig och bra produkt med originalchip f\u00f6r alla applikationer.<\/p>\n<p>&nbsp;<\/p>\n<\/div>\n<\/div>\n<\/div>\n<\/div>\n<\/div>\n<\/div>\n<\/div>\n<\/div>","protected":false},"excerpt":{"rendered":"<p>Pluto MiniDisc \u00e4r en RFID tagg med ett enkelt skydd och finns i 5 storlekar och med b\u00e5de Mifare och<\/p>","protected":false},"featured_media":84451,"template":"","meta":{"_acf_changed":false},"product_brand":[],"product_cat":[3543,2603,359],"product_tag":[1463,2304],"class_list":{"0":"post-34196","1":"product","2":"type-product","3":"status-publish","4":"has-post-thumbnail","6":"product_cat-alla-taggar-i-butiken","7":"product_cat-iloq-pluto","8":"product_cat-rfid-tag-original-fran-tillverkare","9":"product_tag-rfid-minidisc-10-25-mm","10":"product_tag-stonehouse-produkt","11":"product_shipping_class-postnord-varubrev","12":"pa_brands-stonehouse-security","13":"pa_rfid-ovriga-system-mini-disc","14":"tm-no-options","16":"first","17":"onbackorder","18":"sale","19":"featured","20":"taxable","21":"shipping-taxable","22":"product-type-simple"},"acf":[],"_links":{"self":[{"href":"https:\/\/stonehouse.se\/en\/wp-json\/wp\/v2\/product\/34196","targetHints":{"allow":["GET"]}}],"collection":[{"href":"https:\/\/stonehouse.se\/en\/wp-json\/wp\/v2\/product"}],"about":[{"href":"https:\/\/stonehouse.se\/en\/wp-json\/wp\/v2\/types\/product"}],"wp:featuredmedia":[{"embeddable":true,"href":"https:\/\/stonehouse.se\/en\/wp-json\/wp\/v2\/media\/84451"}],"wp:attachment":[{"href":"https:\/\/stonehouse.se\/en\/wp-json\/wp\/v2\/media?parent=34196"}],"wp:term":[{"taxonomy":"product_brand","embeddable":true,"href":"https:\/\/stonehouse.se\/en\/wp-json\/wp\/v2\/product_brand?post=34196"},{"taxonomy":"product_cat","embeddable":true,"href":"https:\/\/stonehouse.se\/en\/wp-json\/wp\/v2\/product_cat?post=34196"},{"taxonomy":"product_tag","embeddable":true,"href":"https:\/\/stonehouse.se\/en\/wp-json\/wp\/v2\/product_tag?post=34196"}],"curies":[{"name":"wp","href":"https:\/\/api.w.org\/{rel}","templated":true}]}}