
{"id":34210,"date":"2022-03-15T11:31:00","date_gmt":"2022-03-15T10:31:00","guid":{"rendered":"https:\/\/stonehouse.se\/produkt\/tagg-abs-pro-em4200-vit\/"},"modified":"2026-03-31T17:10:18","modified_gmt":"2026-03-31T15:10:18","slug":"tagg-em4200-uranus-pro-vit","status":"publish","type":"product","link":"https:\/\/stonehouse.se\/en\/product\/tagg-em4200-uranus-pro-vit\/","title":{"rendered":"Uranus Pro &#8211; EM4200 &#8211; Vit"},"content":{"rendered":"<h1><strong>Tagg EM4200 Larm &#8211; Passer<\/strong><strong>&#8211; Bokning<\/strong><\/h1>\n<h3>V\u00e4lj dina egna nummer enligt v\u00e5r mall till din Tagg EM4200 &#8211; Uranus Pro<\/h3>\n<h3>Om du \u00e4r os\u00e4ker kontakta oss!<\/h3>\n<p>Denna tagg fungerar i alla system som anv\u00e4nder EM och Mifare- teknik bland annat RCO, Bewator\/Vanderbilt, Aptus, ASSA ARX och andra typer av system,<\/p>\n<p>ex bes\u00f6kssystem eller inloggning till datorer\/printer.<\/p>\n<p>V\u00e5r &#8220;Uranus Pro&#8221; \u00e4r skapad f\u00f6r att m\u00f6ta de mest kr\u00e4vande behoven inom s\u00e4kerhet och identifiering.<\/p>\n<p>Med sin robusta konstruktion i ABS-material och tunna profil p\u00e5 endast 2,9 mm, erbjuder den en perfekt balans mellan h\u00e5llbarhet och elegans.<\/p>\n<p>Dess stilrena yta g\u00f6r den idealisk f\u00f6r att graveras med standardnummer eller inkludera din logotyp, antingen genom graverat eller f\u00e4rgat utf\u00f6rande.<\/p>\n<p>Oavsett om du beh\u00f6ver en p\u00e5litlig produkt f\u00f6r passersystem, bes\u00f6kssystem, Bokning, larm, billaddare, lagerhantering\u00a0 eller andra till\u00e4mpningar,<\/p>\n<p>s\u00e5 \u00e4r v\u00e5r &#8220;Uranus Pro&#8221; det perfekta valet.<\/p>\n<p>Den finns i m\u00e5nga varianter och vi kan \u00e4ven tillverka den med ditt eget val av chip.<\/p>\n<p>Standard idag idag f\u00f6r passerbrickor \u00e4r: EM4200, Mifare1k, kombinationen av Mifare1k och EM4200, Mifare4k, kombinationen av Mifare4k och EM4200, samt DESFire,<\/p>\n<p>kan du skr\u00e4ddarsy din l\u00f6sning f\u00f6r att passa dina specifika behov.<\/p>\n<p>Vi f\u00f6rst\u00e5r vikten av att leverera h\u00f6gkvalitativa RFID-taggar som uppfyller dagens krav och f\u00f6rv\u00e4ntningar.<\/p>\n<p>D\u00e4rf\u00f6r str\u00e4var vi efter att erbjuda den b\u00e4sta tekniken och kompatibiliteten f\u00f6r att f\u00f6rb\u00e4ttra s\u00e4kerheten och effektiviteten i dina system.<\/p>\n<h3><strong>Anpassad f\u00f6r unika projekt &#8211; Tagg EM4200 Uranus Pro<\/strong><\/h3>\n<p>F\u00f6rdelarna med v\u00e5ra RFID tags inkluderar kompatibilitet med olika system\/tekniker samt m\u00f6jligheten att skr\u00e4ddarsy taggarna f\u00f6r att passa unika projekt.<\/p>\n<p>Vi kan programmera och integrera olika chip f\u00f6r att m\u00f6ta specifika applikationskrav och skapa anpassade l\u00f6sningar.<\/p>\n<p>Kontakta oss idag f\u00f6r att diskutera dina projektid\u00e9er och f\u00e5 en skr\u00e4ddarsydd RFID-taggl\u00f6sning f\u00f6r dina behov.<\/p>\n<h5><strong>Snabb leverans och alltid lagerf\u00f6rd<\/strong><\/h5>\n<p>&#8220;Uranus Pro&#8221; RFID nyckelbricka finns alltid i lager med \u00f6ver 80 000 enheter i 6 f\u00e4rger (R\u00f6d, Bl\u00e5, Vit, Svart, Gr\u00f6n, Gul) och med olika chip.<\/p>\n<p>Med hj\u00e4lp av v\u00e5ra lasermaskiner och programvaror kan du v\u00e4lja logo &amp; unika nummer f\u00f6r gravering med leverans inom 1-3 dagar.<\/p>\n<h3>Som alltid! Tagg EM4200 med Originalchip fr\u00e5n\u00a0<a href=\"https:\/\/www.emmicroelectronic.com\/\" target=\"_blank\" rel=\"noopener\">EM Microelectronic.<\/a><\/h3>\n<p><strong>Passar till allt och alla!<\/strong><\/p>\n<ul>\n<li>Access control system<\/li>\n<li>Bes\u00f6kssystem<\/li>\n<li>Bokning<\/li>\n<li>Larm och s\u00e4kerhetssystem<\/li>\n<\/ul>\n<p><strong>F\u00f6rdelar med &#8220;Uranus Pro&#8221; Tagg EM4200<\/strong><\/p>\n<ul>\n<li>Robust konstruktion i ABS-material<\/li>\n<li>Tunn profil p\u00e5 endast 2,9 mm<\/li>\n<li>M\u00f6jlighet att gravera standardnummer eller inkludera logotyp<\/li>\n<li>Stort utbud av chipvarianter f\u00f6r att passa olika behov och alltid lagerf\u00f6rd.<\/li>\n<\/ul>\n<ul>\n<li>Stort utbud av chipvarianter f\u00f6r att passa olika behov och alltid lagerf\u00f6rd.<\/li>\n<\/ul>","protected":false},"excerpt":{"rendered":"<p>V\u00e5r popul\u00e4raste RFID tag &#8220;Uranus Pro&#8221; &#8211; den perfekta l\u00f6sningen f\u00f6r s\u00e4kerhets- och identifieringssystem.<br \/>\nH\u00e4r med EM4200 chip och du kan v\u00e4lja till graverade nummer f\u00f6r dina system eller l\u00f6pnummer.<\/p>","protected":false},"featured_media":95048,"template":"","meta":{"_acf_changed":false},"product_brand":[],"product_cat":[3543,360],"product_tag":[1284,1766,1763,2304,2329],"class_list":{"0":"post-34210","1":"product","2":"type-product","3":"status-publish","4":"has-post-thumbnail","6":"product_cat-alla-taggar-i-butiken","7":"product_cat-rfid-tagg-pro","8":"product_tag-ej-lagerfraga","9":"product_tag-em4200-standard-blank-alpha","10":"product_tag-em4200-standard-blank-dtc","11":"product_tag-stonehouse-produkt","12":"product_tag-utvalda-taggar-em4200-4102","13":"product_shipping_class-postnord-varubrev","14":"pa_brands-stonehouse-security","15":"pa_chip-teknik-em4200-kompatibelt-med-4100-4102-och-4305","16":"pa_farg-vit","17":"pa_pro-larmsystem-aptus","18":"pa_pro-larmsystem-assa-abs-pro-system","19":"pa_pro-larmsystem-axema","20":"pa_pro-larmsystem-axema-vaka","21":"pa_pro-larmsystem-blank-inga-nummer","22":"pa_pro-larmsystem-cdvi","23":"pa_pro-larmsystem-decimala-nummer","24":"pa_pro-larmsystem-enstaka-siffror-valfria","25":"pa_pro-larmsystem-hexadecimal-nummer","26":"pa_pro-larmsystem-lopnummer-valfria","27":"pa_pro-larmsystem-paxton","28":"pa_pro-larmsystem-rco-abs-pro-system","29":"pa_pro-larmsystem-tidomat","30":"pa_pro-larmsystem-vanderbilt-bewator-entro-8-siffror","31":"pa_pro-larmsystem-vanderbilt-bewator-omnis-bewator-2010-13-siffror","32":"pa_pro-tagg-larmsystem-aptus","33":"pa_pro-tagg-larmsystem-assa-arx-solid-entro","34":"pa_pro-tagg-larmsystem-axema","35":"pa_pro-tagg-larmsystem-axema-vaka","36":"pa_pro-tagg-larmsystem-blank-inga-nummer","37":"pa_pro-tagg-larmsystem-cdvi","38":"pa_pro-tagg-larmsystem-decimala-nummer","39":"pa_pro-tagg-larmsystem-enstaka-siffror-valfria","40":"pa_pro-tagg-larmsystem-hexadecimala-nummer","41":"pa_pro-tagg-larmsystem-lopnummer-valfria","42":"pa_pro-tagg-larmsystem-paxton","43":"pa_pro-tagg-larmsystem-rco-security","44":"pa_pro-tagg-larmsystem-tidomat","45":"pa_pro-tagg-larmsystem-val-av-fler-an-1-nummer-gor-dina-val-nedan-i-rott","46":"pa_pro-tagg-larmsystem-vanderbilt-bewator-entro-8-siffror","47":"pa_pro-tagg-larmsystem-vanderbilt-bewator-omnis-bewator-2010-13-siffror","48":"pa_tagg-abs-pro-2-9-mm-tagg-abs-pro","49":"tm-no-options","51":"first","52":"instock","53":"sale","54":"featured","55":"taxable","56":"shipping-taxable","57":"product-type-simple"},"acf":[],"_links":{"self":[{"href":"https:\/\/stonehouse.se\/en\/wp-json\/wp\/v2\/product\/34210","targetHints":{"allow":["GET"]}}],"collection":[{"href":"https:\/\/stonehouse.se\/en\/wp-json\/wp\/v2\/product"}],"about":[{"href":"https:\/\/stonehouse.se\/en\/wp-json\/wp\/v2\/types\/product"}],"wp:featuredmedia":[{"embeddable":true,"href":"https:\/\/stonehouse.se\/en\/wp-json\/wp\/v2\/media\/95048"}],"wp:attachment":[{"href":"https:\/\/stonehouse.se\/en\/wp-json\/wp\/v2\/media?parent=34210"}],"wp:term":[{"taxonomy":"product_brand","embeddable":true,"href":"https:\/\/stonehouse.se\/en\/wp-json\/wp\/v2\/product_brand?post=34210"},{"taxonomy":"product_cat","embeddable":true,"href":"https:\/\/stonehouse.se\/en\/wp-json\/wp\/v2\/product_cat?post=34210"},{"taxonomy":"product_tag","embeddable":true,"href":"https:\/\/stonehouse.se\/en\/wp-json\/wp\/v2\/product_tag?post=34210"}],"curies":[{"name":"wp","href":"https:\/\/api.w.org\/{rel}","templated":true}]}}