
{"id":34213,"date":"2022-03-11T07:53:00","date_gmt":"2022-03-11T06:53:00","guid":{"rendered":"https:\/\/stonehouse.se\/produkt\/usb-8gb-rod-med-er-logo\/"},"modified":"2026-03-10T11:25:14","modified_gmt":"2026-03-10T10:25:14","slug":"usb-8gb-rod-med-er-logo","status":"publish","type":"product","link":"https:\/\/stonehouse.se\/en\/product\/usb-8gb-rod-med-er-logo\/","title":{"rendered":"USB minne 8GB R\u00f6d &#8211; Gratis F\u00e4rglogo"},"content":{"rendered":"<div>\n<p>H\u00e4r har du USB minne f\u00f6r din dokumentation eller till era kunder eller inom f\u00f6retaget likv\u00e4l som &#8220;giveaways&#8221;.<\/p>\n<p>Vi tillverkar dessa p\u00e5 fabrik efter er order och det tar ca 14-20 arbetsdagar att producera dom efter best\u00e4llning.<\/p>\n<\/div>\n<div>Observera att du m\u00e5ste skicka din logo till oss och eftersom det \u00e4r en design artikel s\u00e5 \u00e5terkommer vi med korrekturf\u00f6rslag till dig innan vi startar produktionen.<\/div>","protected":false},"excerpt":{"rendered":"<p>H\u00e4r har du USB minne f\u00f6r din dokumentation eller till era kunder eller inom f\u00f6retaget likv\u00e4l som &#8220;giveaways&#8221;. Vi tillverkar<\/p>","protected":false},"featured_media":84336,"template":"","meta":{"_acf_changed":false},"product_brand":[],"product_cat":[587,2601],"product_tag":[2232,2304],"class_list":{"0":"post-34213","1":"product","2":"type-product","3":"status-publish","4":"has-post-thumbnail","6":"product_cat-usb-minnen-logo","7":"product_cat-usb-minnen-med-logo-minneskort","8":"product_tag-8-gb","9":"product_tag-stonehouse-produkt","10":"product_shipping_class-postnord-varubrev","11":"pa_brands-stonehouse-security","12":"pa_farg-rod","13":"tm-no-options","15":"first","16":"onbackorder","17":"sale","18":"featured","19":"taxable","20":"shipping-taxable","21":"product-type-simple"},"acf":[],"_links":{"self":[{"href":"https:\/\/stonehouse.se\/en\/wp-json\/wp\/v2\/product\/34213","targetHints":{"allow":["GET"]}}],"collection":[{"href":"https:\/\/stonehouse.se\/en\/wp-json\/wp\/v2\/product"}],"about":[{"href":"https:\/\/stonehouse.se\/en\/wp-json\/wp\/v2\/types\/product"}],"wp:featuredmedia":[{"embeddable":true,"href":"https:\/\/stonehouse.se\/en\/wp-json\/wp\/v2\/media\/84336"}],"wp:attachment":[{"href":"https:\/\/stonehouse.se\/en\/wp-json\/wp\/v2\/media?parent=34213"}],"wp:term":[{"taxonomy":"product_brand","embeddable":true,"href":"https:\/\/stonehouse.se\/en\/wp-json\/wp\/v2\/product_brand?post=34213"},{"taxonomy":"product_cat","embeddable":true,"href":"https:\/\/stonehouse.se\/en\/wp-json\/wp\/v2\/product_cat?post=34213"},{"taxonomy":"product_tag","embeddable":true,"href":"https:\/\/stonehouse.se\/en\/wp-json\/wp\/v2\/product_tag?post=34213"}],"curies":[{"name":"wp","href":"https:\/\/api.w.org\/{rel}","templated":true}]}}