
{"id":34255,"date":"2022-03-11T07:13:00","date_gmt":"2022-03-11T06:13:00","guid":{"rendered":"https:\/\/stonehouse.se\/produkt\/stonehouse-telebox-10-par-slits-slits\/"},"modified":"2025-12-31T19:54:47","modified_gmt":"2025-12-31T18:54:47","slug":"stonehouse-telebox-10-par-slits-slits","status":"publish","type":"product","link":"https:\/\/stonehouse.se\/en\/product\/stonehouse-telebox-10-par-slits-slits\/","title":{"rendered":"Stonehouse Telebox 10-par slits\/slits"},"content":{"rendered":"<p>10-pars telebox med separat anslutningsplint f\u00f6r inkommande matarkabel.<\/p>\n<p>Separat anslutningsplint f\u00f6r sk\u00e4rm.<\/p>\n<p>Slitsanslutning in- och slitsanslutning ut.<\/p>\n<p>Observera att du \u00e4ven kan f\u00e5 nummer eller din logo graverad p\u00e5 boxen enligt tillval nedan.<\/p>\n<p>Leverant\u00f6r: Stonehouse<\/p>\n<p>Anslutning:\u00a0Slits \/ Slits<\/p>\n<p>Pol par: 10<\/p>\n<p>M\u00e5tt: 133x72x50 mm<\/p>","protected":false},"excerpt":{"rendered":"<p>10 pars larm och teleboxar till Sveriges l\u00e4gsta priser &#8211; F\u00f6r Proffs fr\u00e5n Proffs<\/p>","protected":false},"featured_media":84563,"template":"","meta":{"_acf_changed":false},"product_brand":[],"product_cat":[470],"product_tag":[1539,2367,2304],"class_list":{"0":"post-34255","1":"product","2":"type-product","3":"status-publish","4":"has-post-thumbnail","6":"product_cat-plint-larm-telebox","7":"product_tag-box-telebox-teleplint","8":"product_tag-egen-logo-ej-taggar-kort","9":"product_tag-stonehouse-produkt","10":"product_shipping_class-postnord-varubrev","11":"pa_brands-stonehouse-security","12":"tm-no-options","14":"first","15":"instock","16":"sale","17":"featured","18":"taxable","19":"shipping-taxable","20":"product-type-simple"},"acf":[],"_links":{"self":[{"href":"https:\/\/stonehouse.se\/en\/wp-json\/wp\/v2\/product\/34255","targetHints":{"allow":["GET"]}}],"collection":[{"href":"https:\/\/stonehouse.se\/en\/wp-json\/wp\/v2\/product"}],"about":[{"href":"https:\/\/stonehouse.se\/en\/wp-json\/wp\/v2\/types\/product"}],"wp:featuredmedia":[{"embeddable":true,"href":"https:\/\/stonehouse.se\/en\/wp-json\/wp\/v2\/media\/84563"}],"wp:attachment":[{"href":"https:\/\/stonehouse.se\/en\/wp-json\/wp\/v2\/media?parent=34255"}],"wp:term":[{"taxonomy":"product_brand","embeddable":true,"href":"https:\/\/stonehouse.se\/en\/wp-json\/wp\/v2\/product_brand?post=34255"},{"taxonomy":"product_cat","embeddable":true,"href":"https:\/\/stonehouse.se\/en\/wp-json\/wp\/v2\/product_cat?post=34255"},{"taxonomy":"product_tag","embeddable":true,"href":"https:\/\/stonehouse.se\/en\/wp-json\/wp\/v2\/product_tag?post=34255"}],"curies":[{"name":"wp","href":"https:\/\/api.w.org\/{rel}","templated":true}]}}