
{"id":34269,"date":"2022-03-11T07:13:00","date_gmt":"2022-03-11T06:13:00","guid":{"rendered":"https:\/\/stonehouse.se\/produkt\/oppnaknapp-touch-exklusive-silver-aluminium\/"},"modified":"2025-12-31T19:51:44","modified_gmt":"2025-12-31T18:51:44","slug":"oppnaknapp-touch-exklusive-silver-aluminium","status":"publish","type":"product","link":"https:\/\/stonehouse.se\/en\/product\/oppnaknapp-touch-exklusive-silver-aluminium\/","title":{"rendered":"\u00d6ppnaknapp Touch Exklusive Silver &#8211; Aluminium"},"content":{"rendered":"<p>The MTT is one of the Mini Range products.<\/p>\n<p>This range offers unique features like the same aesthetic compact housing appearance and different colours choices suitable for any environment.<\/p>\n<p>The MTT sensitive touch button is an entirely electronic, non-mechanical and ergonomically designed Stonehouse ACCESS control device.<\/p>\n<p>It can either function as an independent manually-controlled push button or alternatively, be connected to a controller to facilitate Stonehouse ACCESS from a secure area.<\/p>","protected":false},"excerpt":{"rendered":"<p>\u00d6ppnaknappar \/ trcyknappar f\u00f6r larm, passerkontroll &#8211; Styr ditt l\u00e5s med elektronik &#8211; 500 000 \u00f6ppningar !<\/p>","protected":false},"featured_media":84431,"template":"","meta":{"_acf_changed":false},"product_brand":[],"product_cat":[2599],"product_tag":[2505,2260,2304],"class_list":{"0":"post-34269","1":"product","2":"type-product","3":"status-publish","4":"has-post-thumbnail","6":"product_cat-oppnaknappar","7":"product_tag-oppnaknapp-beroringsfria","8":"product_tag-oppnaknappar","9":"product_tag-stonehouse-produkt","10":"product_shipping_class-postnord-varubrev","11":"pa_brands-stonehouse-security","12":"tm-no-options","14":"first","15":"instock","16":"sale","17":"featured","18":"taxable","19":"shipping-taxable","20":"product-type-simple"},"acf":[],"_links":{"self":[{"href":"https:\/\/stonehouse.se\/en\/wp-json\/wp\/v2\/product\/34269","targetHints":{"allow":["GET"]}}],"collection":[{"href":"https:\/\/stonehouse.se\/en\/wp-json\/wp\/v2\/product"}],"about":[{"href":"https:\/\/stonehouse.se\/en\/wp-json\/wp\/v2\/types\/product"}],"wp:featuredmedia":[{"embeddable":true,"href":"https:\/\/stonehouse.se\/en\/wp-json\/wp\/v2\/media\/84431"}],"wp:attachment":[{"href":"https:\/\/stonehouse.se\/en\/wp-json\/wp\/v2\/media?parent=34269"}],"wp:term":[{"taxonomy":"product_brand","embeddable":true,"href":"https:\/\/stonehouse.se\/en\/wp-json\/wp\/v2\/product_brand?post=34269"},{"taxonomy":"product_cat","embeddable":true,"href":"https:\/\/stonehouse.se\/en\/wp-json\/wp\/v2\/product_cat?post=34269"},{"taxonomy":"product_tag","embeddable":true,"href":"https:\/\/stonehouse.se\/en\/wp-json\/wp\/v2\/product_tag?post=34269"}],"curies":[{"name":"wp","href":"https:\/\/api.w.org\/{rel}","templated":true}]}}