
{"id":34274,"date":"2022-03-11T07:13:00","date_gmt":"2022-03-11T06:13:00","guid":{"rendered":"https:\/\/stonehouse.se\/produkt\/signering-till-stonehouse-modulplintar\/"},"modified":"2026-01-19T12:42:18","modified_gmt":"2026-01-19T11:42:18","slug":"signering-till-stonehouse-modulplintar","status":"publish","type":"product","link":"https:\/\/stonehouse.se\/en\/product\/signering-till-stonehouse-modulplintar\/","title":{"rendered":"Signering till Stonehouse modulplintar."},"content":{"rendered":"<p>Signeringsplint som levereras med 1 styck pappersetikett.<\/p>\n<p>Signeringsplinten \u00e4r avsedd att monteras p\u00e5 kopplingsplintar i Stonehouse larmboxar men passar \u00e4ven till andra fabrikat.<\/p>\n<p><strong>Du kan k\u00f6pa denna produkt p\u00e5 Solar. E-nr 50 104 09<\/strong><\/p>","protected":false},"excerpt":{"rendered":"<p>24 pars larm och teleboxar till Sveriges l\u00e4gsta priser &#8211; F\u00f6r Proffs fr\u00e5n Proffs<\/p>","protected":false},"featured_media":84637,"template":"","meta":{"_acf_changed":false},"product_brand":[],"product_cat":[470],"product_tag":[1537,1539,1543,2304],"class_list":{"0":"post-34274","1":"product","2":"type-product","3":"status-publish","4":"has-post-thumbnail","6":"product_cat-plint-larm-telebox","7":"product_tag-box-larmbox-larmplint","8":"product_tag-box-telebox-teleplint","9":"product_tag-box-tillbehor","10":"product_tag-stonehouse-produkt","11":"product_shipping_class-postnord-varubrev","12":"pa_brands-stonehouse-security","13":"tm-no-options","15":"first","16":"instock","17":"sale","18":"featured","19":"taxable","20":"shipping-taxable","21":"product-type-simple"},"acf":[],"_links":{"self":[{"href":"https:\/\/stonehouse.se\/en\/wp-json\/wp\/v2\/product\/34274","targetHints":{"allow":["GET"]}}],"collection":[{"href":"https:\/\/stonehouse.se\/en\/wp-json\/wp\/v2\/product"}],"about":[{"href":"https:\/\/stonehouse.se\/en\/wp-json\/wp\/v2\/types\/product"}],"wp:featuredmedia":[{"embeddable":true,"href":"https:\/\/stonehouse.se\/en\/wp-json\/wp\/v2\/media\/84637"}],"wp:attachment":[{"href":"https:\/\/stonehouse.se\/en\/wp-json\/wp\/v2\/media?parent=34274"}],"wp:term":[{"taxonomy":"product_brand","embeddable":true,"href":"https:\/\/stonehouse.se\/en\/wp-json\/wp\/v2\/product_brand?post=34274"},{"taxonomy":"product_cat","embeddable":true,"href":"https:\/\/stonehouse.se\/en\/wp-json\/wp\/v2\/product_cat?post=34274"},{"taxonomy":"product_tag","embeddable":true,"href":"https:\/\/stonehouse.se\/en\/wp-json\/wp\/v2\/product_tag?post=34274"}],"curies":[{"name":"wp","href":"https:\/\/api.w.org\/{rel}","templated":true}]}}