
{"id":34285,"date":"2022-03-11T07:13:00","date_gmt":"2022-03-11T06:13:00","guid":{"rendered":"https:\/\/stonehouse.se\/produkt\/stonehouse-larmplint-10-par-skruv-skruv-med-sabotage\/"},"modified":"2026-03-14T11:01:15","modified_gmt":"2026-03-14T10:01:15","slug":"stonehouse-larmplint-10-par-skruv-skruv-med-sabotage","status":"publish","type":"product","link":"https:\/\/stonehouse.se\/en\/product\/stonehouse-larmplint-10-par-skruv-skruv-med-sabotage\/","title":{"rendered":"Stonehouse Larmplint 10-par skruv\/skruv med sabotage"},"content":{"rendered":"<p>10-pars\u00a0larmplint\u00a0med\u00a0separat\u00a0anslutningsplint\u00a0f\u00f6r\u00a0inkommande\u00a0matarkabel.<\/p>\n<p>Separat\u00a0anslutningsplint\u00a0f\u00f6r\u00a0sabotagekontakt\u00a0och\u00a0sk\u00e4rm.<\/p>\n<p>Skruvanslutning\u00a0in-\u00a0och\u00a0skruvanslutning\u00a0ut.<\/p>\n<p>Leverant\u00f6r: Stonehouse<\/p>\n<p>Anslutning:\u00a0Skruv \/ Skruv<\/p>\n<p>Pol par: 10<\/p>\n<p>M\u00e5tt: 116x40x12 mm<\/p>","protected":false},"excerpt":{"rendered":"<p>12 pars larm och teleboxar till Sveriges l\u00e4gsta priser &#8211; F\u00f6r Proffs fr\u00e5n Proffs<\/p>","protected":false},"featured_media":84855,"template":"","meta":{"_acf_changed":false},"product_brand":[],"product_cat":[470],"product_tag":[1537,2304],"class_list":{"0":"post-34285","1":"product","2":"type-product","3":"status-publish","4":"has-post-thumbnail","6":"product_cat-plint-larm-telebox","7":"product_tag-box-larmbox-larmplint","8":"product_tag-stonehouse-produkt","9":"product_shipping_class-postnord-varubrev","10":"pa_brands-stonehouse-security","11":"tm-no-options","13":"first","14":"instock","15":"sale","16":"featured","17":"taxable","18":"shipping-taxable","19":"product-type-simple"},"acf":[],"_links":{"self":[{"href":"https:\/\/stonehouse.se\/en\/wp-json\/wp\/v2\/product\/34285","targetHints":{"allow":["GET"]}}],"collection":[{"href":"https:\/\/stonehouse.se\/en\/wp-json\/wp\/v2\/product"}],"about":[{"href":"https:\/\/stonehouse.se\/en\/wp-json\/wp\/v2\/types\/product"}],"wp:featuredmedia":[{"embeddable":true,"href":"https:\/\/stonehouse.se\/en\/wp-json\/wp\/v2\/media\/84855"}],"wp:attachment":[{"href":"https:\/\/stonehouse.se\/en\/wp-json\/wp\/v2\/media?parent=34285"}],"wp:term":[{"taxonomy":"product_brand","embeddable":true,"href":"https:\/\/stonehouse.se\/en\/wp-json\/wp\/v2\/product_brand?post=34285"},{"taxonomy":"product_cat","embeddable":true,"href":"https:\/\/stonehouse.se\/en\/wp-json\/wp\/v2\/product_cat?post=34285"},{"taxonomy":"product_tag","embeddable":true,"href":"https:\/\/stonehouse.se\/en\/wp-json\/wp\/v2\/product_tag?post=34285"}],"curies":[{"name":"wp","href":"https:\/\/api.w.org\/{rel}","templated":true}]}}