
{"id":34287,"date":"2022-03-11T07:13:00","date_gmt":"2022-03-11T06:13:00","guid":{"rendered":"https:\/\/stonehouse.se\/produkt\/rela-12-vdc-2-vxl-relaer-avsakrad-indikering\/"},"modified":"2026-04-01T14:38:04","modified_gmt":"2026-04-01T12:38:04","slug":"rela-12-vdc-2-vxl-relaer-avsakrad-indikering","status":"publish","type":"product","link":"https:\/\/stonehouse.se\/en\/product\/rela-12-vdc-2-vxl-relaer-avsakrad-indikering\/","title":{"rendered":"Rel\u00e4 12 VDC 2 vxl rel\u00e4er &#8211; Avs\u00e4krad + indikering"},"content":{"rendered":"<p>Str\u00f6mf\u00f6rs\u00f6rjning: 12VDC<\/p>\n<p>Maximal omkopplingsbar sp\u00e4nning: 30VDC \/ AC<\/p>\n<p>Uteffekt: 2A<\/p>\n<p>Maximal s\u00e4kringsstr\u00f6m: 2A @ 12VDC<\/p>\n<p>Str\u00f6mf\u00f6rbrukning: 28mA @ 12VDC<\/p>\n<p>Indikering med r\u00f6d lysdiod<\/p>","protected":false},"excerpt":{"rendered":"<p>Str\u00f6mf\u00f6rs\u00f6rjning: 12VDC Maximal omkopplingsbar sp\u00e4nning: 30VDC \/ AC Uteffekt: 2A Maximal s\u00e4kringsstr\u00f6m: 2A @ 12VDC Str\u00f6mf\u00f6rbrukning: 28mA @ 12VDC Indikering<\/p>","protected":false},"featured_media":84902,"template":"","meta":{"_acf_changed":false},"product_brand":[],"product_cat":[1830],"product_tag":[1756,1562],"class_list":{"0":"post-34287","1":"product","2":"type-product","3":"status-publish","4":"has-post-thumbnail","6":"product_cat-relakort-elektronik","7":"product_tag-rel-relaelektonik","8":"product_tag-rela-12v","9":"product_shipping_class-postnord-varubrev","10":"pa_brands-ewimar","11":"tm-no-options","13":"first","14":"instock","15":"sale","16":"featured","17":"taxable","18":"shipping-taxable","19":"product-type-simple"},"acf":[],"_links":{"self":[{"href":"https:\/\/stonehouse.se\/en\/wp-json\/wp\/v2\/product\/34287","targetHints":{"allow":["GET"]}}],"collection":[{"href":"https:\/\/stonehouse.se\/en\/wp-json\/wp\/v2\/product"}],"about":[{"href":"https:\/\/stonehouse.se\/en\/wp-json\/wp\/v2\/types\/product"}],"wp:featuredmedia":[{"embeddable":true,"href":"https:\/\/stonehouse.se\/en\/wp-json\/wp\/v2\/media\/84902"}],"wp:attachment":[{"href":"https:\/\/stonehouse.se\/en\/wp-json\/wp\/v2\/media?parent=34287"}],"wp:term":[{"taxonomy":"product_brand","embeddable":true,"href":"https:\/\/stonehouse.se\/en\/wp-json\/wp\/v2\/product_brand?post=34287"},{"taxonomy":"product_cat","embeddable":true,"href":"https:\/\/stonehouse.se\/en\/wp-json\/wp\/v2\/product_cat?post=34287"},{"taxonomy":"product_tag","embeddable":true,"href":"https:\/\/stonehouse.se\/en\/wp-json\/wp\/v2\/product_tag?post=34287"}],"curies":[{"name":"wp","href":"https:\/\/api.w.org\/{rel}","templated":true}]}}