
{"id":34291,"date":"2022-03-11T07:13:00","date_gmt":"2022-03-11T06:13:00","guid":{"rendered":"https:\/\/stonehouse.se\/produkt\/stonehouse-larmbox-10-par-slits-skruv\/"},"modified":"2025-12-31T19:54:24","modified_gmt":"2025-12-31T18:54:24","slug":"stonehouse-larmbox-10-par-slits-skruv","status":"publish","type":"product","link":"https:\/\/stonehouse.se\/en\/product\/stonehouse-larmbox-10-par-slits-skruv\/","title":{"rendered":"Stonehouse Larmbox 10-par slits\/skruv"},"content":{"rendered":"<p>10-pars larmbox med separat anslutningsplint f\u00f6r inkommande matarkabel.<\/p>\n<p>Separat anslutningsplint f\u00f6r sabotagekontakt och sk\u00e4rm.<\/p>\n<p>Slitsanslutning in- och skruvanslutning ut. Leverant\u00f6r: Stonehouse<\/p>\n<p>Observera att du \u00e4ven kan f\u00e5 nummer eller din logo graverad p\u00e5 boxen enligt tillval nedan.<\/p>\n<p>Anslutning:\u00a0Slits \/ Skruv<\/p>\n<p>Pol par: 10<\/p>\n<p>M\u00e5tt: 133x72x50 mm<\/p>","protected":false},"excerpt":{"rendered":"<p>10 pars larm och teleboxar till Sveriges l\u00e4gsta priser &#8211; F\u00f6r Proffs fr\u00e5n Proffs<\/p>","protected":false},"featured_media":84530,"template":"","meta":{"_acf_changed":false},"product_brand":[],"product_cat":[893,470],"product_tag":[1537,2367,1750,2304],"class_list":{"0":"post-34291","1":"product","2":"type-product","3":"status-publish","4":"has-post-thumbnail","6":"product_cat-kopplingsboxar-dosor","7":"product_cat-plint-larm-telebox","8":"product_tag-box-larmbox-larmplint","9":"product_tag-egen-logo-ej-taggar-kort","10":"product_tag-rel-installationstillbehor","11":"product_tag-stonehouse-produkt","12":"product_shipping_class-postnord-varubrev","13":"pa_brands-stonehouse-security","14":"tm-no-options","16":"first","17":"instock","18":"sale","19":"featured","20":"taxable","21":"shipping-taxable","22":"product-type-simple"},"acf":[],"_links":{"self":[{"href":"https:\/\/stonehouse.se\/en\/wp-json\/wp\/v2\/product\/34291","targetHints":{"allow":["GET"]}}],"collection":[{"href":"https:\/\/stonehouse.se\/en\/wp-json\/wp\/v2\/product"}],"about":[{"href":"https:\/\/stonehouse.se\/en\/wp-json\/wp\/v2\/types\/product"}],"wp:featuredmedia":[{"embeddable":true,"href":"https:\/\/stonehouse.se\/en\/wp-json\/wp\/v2\/media\/84530"}],"wp:attachment":[{"href":"https:\/\/stonehouse.se\/en\/wp-json\/wp\/v2\/media?parent=34291"}],"wp:term":[{"taxonomy":"product_brand","embeddable":true,"href":"https:\/\/stonehouse.se\/en\/wp-json\/wp\/v2\/product_brand?post=34291"},{"taxonomy":"product_cat","embeddable":true,"href":"https:\/\/stonehouse.se\/en\/wp-json\/wp\/v2\/product_cat?post=34291"},{"taxonomy":"product_tag","embeddable":true,"href":"https:\/\/stonehouse.se\/en\/wp-json\/wp\/v2\/product_tag?post=34291"}],"curies":[{"name":"wp","href":"https:\/\/api.w.org\/{rel}","templated":true}]}}