
{"id":34300,"date":"2022-03-11T07:13:00","date_gmt":"2022-03-11T06:13:00","guid":{"rendered":"https:\/\/stonehouse.se\/produkt\/stonehouse-teleplint-10-par-slits-skruv\/"},"modified":"2025-12-31T20:00:57","modified_gmt":"2025-12-31T19:00:57","slug":"stonehouse-teleplint-10-par-slits-skruv","status":"publish","type":"product","link":"https:\/\/stonehouse.se\/en\/product\/stonehouse-teleplint-10-par-slits-skruv\/","title":{"rendered":"Stonehouse Teleplint 10-par slits\/skruv"},"content":{"rendered":"<p>10-pars teleplint med separat anslutningsplint f\u00f6r inkommande matarkabel.<\/p>\n<p>Separat anslutningsplint f\u00f6r sk\u00e4rm.<\/p>\n<p>Slitsanslutning in- och skruvanslutning ut.<\/p>\n<p>Leverant\u00f6r: Stonehouse<\/p>\n<p>Anslutning:\u00a0Slits \/ Skruv<\/p>\n<p>Pol par: 10<\/p>\n<p>M\u00e5tt: 116x40x12 mm<\/p>","protected":false},"excerpt":{"rendered":"<p>10 pars larm och teleboxar till Sveriges l\u00e4gsta priser &#8211; F\u00f6r Proffs fr\u00e5n Proffs<\/p>","protected":false},"featured_media":84548,"template":"","meta":{"_acf_changed":false},"product_brand":[],"product_cat":[470],"product_tag":[1539,2304],"class_list":{"0":"post-34300","1":"product","2":"type-product","3":"status-publish","4":"has-post-thumbnail","6":"product_cat-plint-larm-telebox","7":"product_tag-box-telebox-teleplint","8":"product_tag-stonehouse-produkt","9":"product_shipping_class-postnord-varubrev","10":"pa_brands-stonehouse-security","11":"tm-no-options","13":"first","14":"instock","15":"sale","16":"featured","17":"taxable","18":"shipping-taxable","19":"product-type-simple"},"acf":[],"_links":{"self":[{"href":"https:\/\/stonehouse.se\/en\/wp-json\/wp\/v2\/product\/34300","targetHints":{"allow":["GET"]}}],"collection":[{"href":"https:\/\/stonehouse.se\/en\/wp-json\/wp\/v2\/product"}],"about":[{"href":"https:\/\/stonehouse.se\/en\/wp-json\/wp\/v2\/types\/product"}],"wp:featuredmedia":[{"embeddable":true,"href":"https:\/\/stonehouse.se\/en\/wp-json\/wp\/v2\/media\/84548"}],"wp:attachment":[{"href":"https:\/\/stonehouse.se\/en\/wp-json\/wp\/v2\/media?parent=34300"}],"wp:term":[{"taxonomy":"product_brand","embeddable":true,"href":"https:\/\/stonehouse.se\/en\/wp-json\/wp\/v2\/product_brand?post=34300"},{"taxonomy":"product_cat","embeddable":true,"href":"https:\/\/stonehouse.se\/en\/wp-json\/wp\/v2\/product_cat?post=34300"},{"taxonomy":"product_tag","embeddable":true,"href":"https:\/\/stonehouse.se\/en\/wp-json\/wp\/v2\/product_tag?post=34300"}],"curies":[{"name":"wp","href":"https:\/\/api.w.org\/{rel}","templated":true}]}}