
{"id":34337,"date":"2022-03-10T16:24:00","date_gmt":"2022-03-10T15:24:00","guid":{"rendered":"https:\/\/stonehouse.se\/produkt\/easybadge-professional-id-card-design-software-unlimited\/"},"modified":"2025-12-31T19:59:27","modified_gmt":"2025-12-31T18:59:27","slug":"easybadge-professional-id-card-design-software-unlimited","status":"publish","type":"product","link":"https:\/\/stonehouse.se\/en\/product\/easybadge-professional-id-card-design-software-unlimited\/","title":{"rendered":"EasyBadge Professional ID Card Design Software (unlimited)"},"content":{"rendered":"<div id=\"Product-Description\">\n<p>Att vara den mest avancerade mjukvaran f\u00f6r plastkortutskrift p\u00e5 planeten EasyBadge \u00e4r den stressfria l\u00f6sningen du beh\u00f6ver. EasyBadge Pro l\u00e5ter dig skapa obegr\u00e4nsade poster och \u00e4r s\u00e5 enkelt och intuitivt att alla kan anv\u00e4nda den.<\/p>\n<p>En av huvudfunktionerna inom EasyBadge \u00e4r installationsguiden som l\u00e5ter dig b\u00f6rja skriva ut plastkort inom 60 sekunder efter att programvaran har installerats. Programvaran anv\u00e4nder sedan din befintliga logotyp eller anpassade konstverk f\u00f6r att skapa en professionell kortdesign.<\/p>\n<p>Programvaran levereras ocks\u00e5 komplett med sin egen app som l\u00e5ter dig s\u00f6ka, l\u00e4gga till eller redigera poster, ta ett foto fr\u00e5n din mobiltelefon eller surfplatta var som helst i v\u00e4rlden, vilket betyder att du inte beh\u00f6ver st\u00e4lla in din kamera och l\u00e5nga k\u00f6er \u00e4r en sak det f\u00f6rflutna.<\/p>\n<p>EasyBadge levereras inte med en pappershandbok, s\u00e5 om du st\u00f6ter p\u00e5 ett problem anger du bara din fr\u00e5ga i programvaran s\u00e5 kommer EasyBadge att svara p\u00e5 detta \u00e5t dig och slutf\u00f6ra uppgiften om du vill.<\/p>\n<p>EasyBadge Pro \u00e4r den perfekta l\u00f6sningen f\u00f6r ID-kortsystem f\u00f6r st\u00f6rre f\u00f6retag och rikst\u00e4ckande klubbar eller organisationer som enkelt vill ge medlemmar ett nytt medlemskort.<\/p>\n<p>Observera att EasyBadge Pro \u00e4r kompatibel med alla st\u00f6rre plastkortskrivare men kan inte koda kontaktl\u00f6sa och NFC-kort. Om du beh\u00f6ver kontaktl\u00f6s kortkodning d\u00e5 \u00e4r EasyBadge Enterprise-utg\u00e5van mer anpassad efter dina behov.<\/p>\n<p>* OBSERVERA ATT ALLA VERSIONER AV EASYBADGE-PROGRAMVARA INTE \u00c4R MAC-KOMPATIBLA. *<\/p>\n<p>Produktvikt: 0,02 kg<\/p>\n<\/div>","protected":false},"excerpt":{"rendered":"<p>Att vara den mest avancerade mjukvaran f\u00f6r plastkortutskrift p\u00e5 planeten EasyBadge \u00e4r den stressfria l\u00f6sningen du beh\u00f6ver. EasyBadge Pro l\u00e5ter<\/p>","protected":false},"featured_media":84421,"template":"","meta":{"_acf_changed":false},"product_brand":[],"product_cat":[547],"product_tag":[],"class_list":{"0":"post-34337","1":"product","2":"type-product","3":"status-publish","4":"has-post-thumbnail","6":"product_cat-gor-dina-egna-foretagskort","7":"product_shipping_class-postnord-varubrev","8":"pa_brands-easybadge","9":"pa_sakerhetssystem-kortprinter-fargband","10":"tm-no-options","12":"first","13":"instock","14":"sale","15":"featured","16":"taxable","17":"shipping-taxable","18":"product-type-simple"},"acf":[],"_links":{"self":[{"href":"https:\/\/stonehouse.se\/en\/wp-json\/wp\/v2\/product\/34337","targetHints":{"allow":["GET"]}}],"collection":[{"href":"https:\/\/stonehouse.se\/en\/wp-json\/wp\/v2\/product"}],"about":[{"href":"https:\/\/stonehouse.se\/en\/wp-json\/wp\/v2\/types\/product"}],"wp:featuredmedia":[{"embeddable":true,"href":"https:\/\/stonehouse.se\/en\/wp-json\/wp\/v2\/media\/84421"}],"wp:attachment":[{"href":"https:\/\/stonehouse.se\/en\/wp-json\/wp\/v2\/media?parent=34337"}],"wp:term":[{"taxonomy":"product_brand","embeddable":true,"href":"https:\/\/stonehouse.se\/en\/wp-json\/wp\/v2\/product_brand?post=34337"},{"taxonomy":"product_cat","embeddable":true,"href":"https:\/\/stonehouse.se\/en\/wp-json\/wp\/v2\/product_cat?post=34337"},{"taxonomy":"product_tag","embeddable":true,"href":"https:\/\/stonehouse.se\/en\/wp-json\/wp\/v2\/product_tag?post=34337"}],"curies":[{"name":"wp","href":"https:\/\/api.w.org\/{rel}","templated":true}]}}