
{"id":34339,"date":"2022-03-10T16:24:00","date_gmt":"2022-03-10T15:24:00","guid":{"rendered":"https:\/\/stonehouse.se\/produkt\/easybadge-lite-id-card-design-software-100-records\/"},"modified":"2026-01-12T01:26:09","modified_gmt":"2026-01-12T00:26:09","slug":"easybadge-lite-id-card-design-software-100-records","status":"publish","type":"product","link":"https:\/\/stonehouse.se\/en\/product\/easybadge-lite-id-card-design-software-100-records\/","title":{"rendered":"EasyBadge Lite (max 100) ID kort Design Programvara (max 100 registerade samtidiga anv\u00e4ndare )"},"content":{"rendered":"<div id=\"Product-Description\">\n<div id=\"Product-Description\">\n<p>EasyBadge Lite har utformats s\u00e4rskilt f\u00f6r slutanv\u00e4ndaren och \u00e4r den mest avancerade programvaran f\u00f6r plastkortutskrift p\u00e5 planeten.<\/p>\n<p>Med EasyBadge Lite finns det inga l\u00e5nga installationstider eftersom installationsguiden g\u00f6r att du kan skriva ut plastkort inom 60 sekunder efter att programvaran har installerats med din befintliga logotyp eller konstverk f\u00f6r att skapa en unik och fantastisk kortdesign.<\/p>\n<p>Bildtagning har alltid varit en huvudv\u00e4rk n\u00e4r du producerar identitetskort men med den kostnadsfria EasyBadge-appen kan du snabbt l\u00e4gga till eller redigera poster, ta ett nytt foto eller s\u00f6ka i din databas med din mobil eller surfplatta fr\u00e5n var som helst i v\u00e4rlden.<\/p>\n<p>Med EasyBadge Lite kan du skapa 100 individuella poster vilket g\u00f6r detta till en perfekt l\u00f6sning f\u00f6r ID-kort f\u00f6r sm\u00e5 och medelstora anst\u00e4llda och mindre klubbar eller organisationer med f\u00e4rre \u00e4n 100 medlemmar.<\/p>\n<p>En annan f\u00f6rdel med EasyBadge \u00e4r det interaktiva hj\u00e4lpsystemet som l\u00e5ter dig st\u00e4lla fr\u00e5gor direkt i programvaran. Inte bara kommer systemet att ge dig svaret EasyBadge kommer att slutf\u00f6ra uppgiften \u00e5t dig om du \u00f6nskar.<\/p>\n<p>F\u00f6r att se hur EasyBadge kan minska den tid du spenderar p\u00e5 att producera plastkort, \u00f6ka s\u00e4kerheten f\u00f6r ditt identitetsprogram och f\u00f6rb\u00e4ttra din f\u00f6retagsprofil kan du se v\u00e5r hj\u00e4lpsamma video eller ringa teamet direkt idag f\u00f6r att ordna en gratis demonstration. Observera att EasyBadge Lite \u00e4r kompatibel med alla plastkortskrivare av huvudm\u00e4rket.<\/p>\n<p>* OBSERVERA ATT ALLA VERSIONER AV EASYBADGE-PROGRAMVARA INTE \u00c4R MAC-KOMPATIBLA. *<\/p>\n<p>Produktvikt: 0,02 kg<\/p>\n<\/div>\n<\/div>","protected":false},"excerpt":{"rendered":"<p>EasyBadge Lite har utformats s\u00e4rskilt f\u00f6r slutanv\u00e4ndaren och \u00e4r den mest avancerade programvaran f\u00f6r plastkortutskrift p\u00e5 planeten. Med EasyBadge Lite<\/p>","protected":false},"featured_media":84609,"template":"","meta":{"_acf_changed":false},"product_brand":[],"product_cat":[547],"product_tag":[],"class_list":{"0":"post-34339","1":"product","2":"type-product","3":"status-publish","4":"has-post-thumbnail","6":"product_cat-gor-dina-egna-foretagskort","7":"product_shipping_class-postnord-varubrev","8":"pa_brands-easybadge","9":"pa_sakerhetssystem-kortprinter-fargband","10":"tm-no-options","12":"first","13":"instock","14":"sale","15":"featured","16":"taxable","17":"shipping-taxable","18":"product-type-simple"},"acf":[],"_links":{"self":[{"href":"https:\/\/stonehouse.se\/en\/wp-json\/wp\/v2\/product\/34339","targetHints":{"allow":["GET"]}}],"collection":[{"href":"https:\/\/stonehouse.se\/en\/wp-json\/wp\/v2\/product"}],"about":[{"href":"https:\/\/stonehouse.se\/en\/wp-json\/wp\/v2\/types\/product"}],"wp:featuredmedia":[{"embeddable":true,"href":"https:\/\/stonehouse.se\/en\/wp-json\/wp\/v2\/media\/84609"}],"wp:attachment":[{"href":"https:\/\/stonehouse.se\/en\/wp-json\/wp\/v2\/media?parent=34339"}],"wp:term":[{"taxonomy":"product_brand","embeddable":true,"href":"https:\/\/stonehouse.se\/en\/wp-json\/wp\/v2\/product_brand?post=34339"},{"taxonomy":"product_cat","embeddable":true,"href":"https:\/\/stonehouse.se\/en\/wp-json\/wp\/v2\/product_cat?post=34339"},{"taxonomy":"product_tag","embeddable":true,"href":"https:\/\/stonehouse.se\/en\/wp-json\/wp\/v2\/product_tag?post=34339"}],"curies":[{"name":"wp","href":"https:\/\/api.w.org\/{rel}","templated":true}]}}