
{"id":34342,"date":"2022-03-10T16:24:00","date_gmt":"2022-03-10T15:24:00","guid":{"rendered":"https:\/\/stonehouse.se\/produkt\/armbagsbrytare-jck217-245mm\/"},"modified":"2026-02-26T13:34:08","modified_gmt":"2026-02-26T12:34:08","slug":"armbagskontakt-jck217-245mm","status":"publish","type":"product","link":"https:\/\/stonehouse.se\/en\/product\/armbagskontakt-jck217-245mm\/","title":{"rendered":"Armb\u00e5gskontakt JCK217 &#8211; 245mm"},"content":{"rendered":"<div class=\"product-presentation__column no--margin is--large\">\n<h1>Armb\u00e5gskontakt JCK217<\/h1>\n<p>Denna variant \u00e4r tillverkad i svarteloxerad<span class=\"Apple-converted-space\">\u00a0<\/span>aluminium med vita endcaps.<\/p>\n<p>Kontakten har fyra taktila rillor i locket f\u00f6r extra v\u00e4gledning f\u00f6r personer med synneds\u00e4ttning. Rillorna fungerar som hj\u00e4lp f\u00f6r att veta var den ska tryckas ner f\u00f6r att aktivera d\u00f6rr\u00f6ppning.<span class=\"Apple-converted-space\">\u00a0<\/span><\/p>\n<p>M\u00e5tt f\u00f6r standardversionen: h\/b\/d<span class=\"Apple-converted-space\">\u00a0<\/span>245\/80\/23 mm. Finns \u00e4ven i l\u00e4ngder av 300, 400 och 600 mm.<\/p>\n<\/div>","protected":false},"excerpt":{"rendered":"<p>Armb\u00e5gskontakt JCK217 Denna variant \u00e4r tillverkad i svarteloxerad\u00a0aluminium med vita endcaps. Kontakten har fyra taktila rillor i locket f\u00f6r extra<\/p>","protected":false},"featured_media":84511,"template":"","meta":{"_acf_changed":false},"product_brand":[],"product_cat":[391,892,3661],"product_tag":[2367],"class_list":{"0":"post-34342","1":"product","2":"type-product","3":"status-publish","4":"has-post-thumbnail","6":"product_cat-armbagskontakter-dorrautomatik","7":"product_cat-armbagskontakter","8":"product_cat-metall","9":"product_tag-egen-logo-ej-taggar-kort","10":"product_shipping_class-tunga-paket","11":"pa_brands-jc-kontakter","12":"pa_sakerhetssystem-produkter-online","13":"tm-no-options","15":"first","16":"onbackorder","17":"sale","18":"featured","19":"taxable","20":"shipping-taxable","21":"product-type-simple"},"acf":[],"_links":{"self":[{"href":"https:\/\/stonehouse.se\/en\/wp-json\/wp\/v2\/product\/34342","targetHints":{"allow":["GET"]}}],"collection":[{"href":"https:\/\/stonehouse.se\/en\/wp-json\/wp\/v2\/product"}],"about":[{"href":"https:\/\/stonehouse.se\/en\/wp-json\/wp\/v2\/types\/product"}],"wp:featuredmedia":[{"embeddable":true,"href":"https:\/\/stonehouse.se\/en\/wp-json\/wp\/v2\/media\/84511"}],"wp:attachment":[{"href":"https:\/\/stonehouse.se\/en\/wp-json\/wp\/v2\/media?parent=34342"}],"wp:term":[{"taxonomy":"product_brand","embeddable":true,"href":"https:\/\/stonehouse.se\/en\/wp-json\/wp\/v2\/product_brand?post=34342"},{"taxonomy":"product_cat","embeddable":true,"href":"https:\/\/stonehouse.se\/en\/wp-json\/wp\/v2\/product_cat?post=34342"},{"taxonomy":"product_tag","embeddable":true,"href":"https:\/\/stonehouse.se\/en\/wp-json\/wp\/v2\/product_tag?post=34342"}],"curies":[{"name":"wp","href":"https:\/\/api.w.org\/{rel}","templated":true}]}}