
{"id":34343,"date":"2022-03-10T16:24:00","date_gmt":"2022-03-10T15:24:00","guid":{"rendered":"https:\/\/stonehouse.se\/produkt\/easybadge-smart-id-card-design-software\/"},"modified":"2025-12-31T19:59:40","modified_gmt":"2025-12-31T18:59:40","slug":"easybadge-smart-id-card-design-software","status":"publish","type":"product","link":"https:\/\/stonehouse.se\/en\/product\/easybadge-smart-id-card-design-software\/","title":{"rendered":"EasyBadge Smart ID Card Design Software"},"content":{"rendered":"<div id=\"Product-Description\">\n<div>\n<div id=\"Product-Description\">\n<div id=\"Product-Description\">\n<div id=\"Product-Description\">\n<div>\n<div id=\"Product-Description\">\n<div id=\"Product-Description\">\n<div id=\"Product-Description\">\n<p>EasyBadge Smart-programvara kan koda NFC och kontaktl\u00f6sa smartkort f\u00f6r din organisation och \u00e4r en avancerad\u00a0programvaran f\u00f6r plastkortutskrift.<\/p>\n<p>Med sitt intuitiva system kan du komma ig\u00e5ng p\u00e5 bara 60 sekunder.<\/p>\n<p>Installationsguiden guidar dig genom processen steg f\u00f6r steg med hj\u00e4lp av din logotyp eller anpassade konstverk f\u00f6r att skapa en fantastisk anpassad kortdesign.<\/p>\n<p>F\u00f6rutom Smart-programvaran kommer EasyBadge ocks\u00e5 komplett med sin egen app som l\u00e5ter dig l\u00e4gga till eller redigera poster, ta bilder fr\u00e5n din mobiltelefon eller surfplatta, ladda upp nya eller redigerade poster fr\u00e5n var som helst i v\u00e4rlden.<\/p>\n<p>EasyBadge har utvecklats f\u00f6r att spara tid och det interaktiva hj\u00e4lpsystemet g\u00f6r att du kan st\u00e4lla en fr\u00e5ga inom programvaran och inte bara kommer EasyBadge att ge dig svaret, det kommer att slutf\u00f6ra uppgiften f\u00f6r dig, vilket eliminerar behovet av att spendera tid p\u00e5 att titta igenom ett papper manual f\u00f6r hj\u00e4lp.<\/p>\n<p>Med obegr\u00e4nsade poster och m\u00f6jligheten att koda NFC och kontaktl\u00f6sa kort \u00e4r EasyBadge Smart en perfekt l\u00f6sning f\u00f6r universitet \/ h\u00f6gskolestudentkort, storf\u00f6retagets personal-ID och system f\u00f6r utf\u00e4rdande av resekortkort.<\/p>\n<p>F\u00f6r att se hur EasyBadge \u00e4r r\u00e4tt l\u00f6sning f\u00f6r dig, se videon eller ring teamet direkt f\u00f6r att boka din gratis demonstration.<\/p>\n<p>EasyBadge Smart \u00e4r kompatibel med alla st\u00f6rre plastkortskrivare.<\/p>\n<p>* OBSERVERA ATT ALLA VERSIONER AV EASYBADGE-PROGRAMVARA INTE \u00c4R MAC-KOMPATIBLA. *<\/p>\n<p>Produktvikt: 0,02 kg<\/p>\n<\/div>\n<\/div>\n<\/div>\n<\/div>\n<\/div>\n<\/div>\n<\/div>\n<\/div>\n<\/div>","protected":false},"excerpt":{"rendered":"<p>EasyBadge Smart-programvara kan koda NFC och kontaktl\u00f6sa smartkort f\u00f6r din organisation och \u00e4r en avancerad\u00a0programvaran f\u00f6r plastkortutskrift. Med sitt intuitiva<\/p>","protected":false},"featured_media":84612,"template":"","meta":{"_acf_changed":false},"product_brand":[],"product_cat":[547],"product_tag":[],"class_list":{"0":"post-34343","1":"product","2":"type-product","3":"status-publish","4":"has-post-thumbnail","6":"product_cat-gor-dina-egna-foretagskort","7":"product_shipping_class-postnord-varubrev","8":"pa_brands-easybadge","9":"pa_sakerhetssystem-kortprinter-fargband","10":"tm-no-options","12":"first","13":"instock","14":"sale","15":"featured","16":"taxable","17":"shipping-taxable","18":"product-type-simple"},"acf":[],"_links":{"self":[{"href":"https:\/\/stonehouse.se\/en\/wp-json\/wp\/v2\/product\/34343","targetHints":{"allow":["GET"]}}],"collection":[{"href":"https:\/\/stonehouse.se\/en\/wp-json\/wp\/v2\/product"}],"about":[{"href":"https:\/\/stonehouse.se\/en\/wp-json\/wp\/v2\/types\/product"}],"wp:featuredmedia":[{"embeddable":true,"href":"https:\/\/stonehouse.se\/en\/wp-json\/wp\/v2\/media\/84612"}],"wp:attachment":[{"href":"https:\/\/stonehouse.se\/en\/wp-json\/wp\/v2\/media?parent=34343"}],"wp:term":[{"taxonomy":"product_brand","embeddable":true,"href":"https:\/\/stonehouse.se\/en\/wp-json\/wp\/v2\/product_brand?post=34343"},{"taxonomy":"product_cat","embeddable":true,"href":"https:\/\/stonehouse.se\/en\/wp-json\/wp\/v2\/product_cat?post=34343"},{"taxonomy":"product_tag","embeddable":true,"href":"https:\/\/stonehouse.se\/en\/wp-json\/wp\/v2\/product_tag?post=34343"}],"curies":[{"name":"wp","href":"https:\/\/api.w.org\/{rel}","templated":true}]}}