
{"id":34351,"date":"2022-03-10T16:23:00","date_gmt":"2022-03-10T15:23:00","guid":{"rendered":"https:\/\/stonehouse.se\/produkt\/a4-skap-for-or-ritningar-vit-rod-skylt\/"},"modified":"2026-03-10T17:37:00","modified_gmt":"2026-03-10T16:37:00","slug":"a4-skap-for-or-ritningar-vit-rod-skylt","status":"publish","type":"product","link":"https:\/\/stonehouse.se\/en\/product\/a4-skap-for-or-ritningar-vit-rod-skylt\/","title":{"rendered":"A4-Sk\u00e5p Brandlarm f\u00f6r OR-ritningar Vit\/R\u00f6d skylt"},"content":{"rendered":"<h1>A4-Sk\u00e5p Brandlarm f\u00f6r OR-ritningar Vit\/R\u00f6d skylt<\/h1>\n<h1>OR-SK\u00c5P Brandlarm<\/h1>\n<p>Dokumentsk\u00e5p f\u00f6r orienterings- och service-ritningar f\u00f6r brandlarmsanl\u00e4ggningar.<br \/>\nLuckan \u00f6ppnas med brandk\u00e5rsnyckel.<\/p>\n<p>OR-3-SVART har f\u00f6rst\u00e4rkt lock f\u00f6r att kan anv\u00e4ndas som bord f\u00f6r laptop eller ritningar.<br \/>\nOR-3 \u2013 ASSA \u00e4r med \u00f6ppen baksida f\u00f6r att kunna monteras \u00f6ver larmknappar mm.<\/p>\n<p>Sk\u00e5pen \u00e4r tillverkade i st\u00e5lpl\u00e5t och i f\u00e4rger enligt tabell nedan.<\/p>\n<p><img decoding=\"async\" class=\"alignnone size-full wp-image-123513183\" title=\"OR-SK\u00c5P Brandlarm A3 VITT F\u00d6R ASSA L\u00c5S 6308235\" src=\"https:\/\/securityonline.se\/wp-content\/uploads\/2023\/09\/Swanson-Or-skap.jpg\" alt=\"OR-SK\u00c5P Brandlarm A3 VITT F\u00d6R ASSA L\u00c5S 6308235\" width=\"618\" height=\"292\" \/><\/p>\n<p>Sk\u00e5p f\u00f6r orienterings- och serviceritningar. F\u00f6r A4-p\u00e4rmar. Luckan \u00f6ppnas med brandk\u00e5rsnyckel. Tillverkat i st\u00e5lpl\u00e5t.<\/p>\n<p>H\u00f6jd art (mm): 350<br \/>\nBredd art (mm): 360<br \/>\nDjup art (mm): 90<\/p>","protected":false},"excerpt":{"rendered":"<p><span data-teams=\"true\">Dessa sk\u00e5p levereras utan nyckel och om den beh\u00f6vs s\u00e5 k\u00f6per du den separat.<\/span><\/p>","protected":false},"featured_media":84457,"template":"","meta":{"_acf_changed":false},"product_brand":[],"product_cat":[592,2298],"product_tag":[],"class_list":{"0":"post-34351","1":"product","2":"type-product","3":"status-publish","4":"has-post-thumbnail","6":"product_cat-dokumentskap","7":"product_cat-or-skap-brand","8":"product_shipping_class-tunga-paket","9":"pa_brands-swansons","10":"pa_sakerhetssystem-larmtillbehor-elektronik","11":"tm-no-options","13":"first","14":"instock","15":"sale","16":"taxable","17":"shipping-taxable","18":"product-type-simple"},"acf":[],"_links":{"self":[{"href":"https:\/\/stonehouse.se\/en\/wp-json\/wp\/v2\/product\/34351","targetHints":{"allow":["GET"]}}],"collection":[{"href":"https:\/\/stonehouse.se\/en\/wp-json\/wp\/v2\/product"}],"about":[{"href":"https:\/\/stonehouse.se\/en\/wp-json\/wp\/v2\/types\/product"}],"wp:featuredmedia":[{"embeddable":true,"href":"https:\/\/stonehouse.se\/en\/wp-json\/wp\/v2\/media\/84457"}],"wp:attachment":[{"href":"https:\/\/stonehouse.se\/en\/wp-json\/wp\/v2\/media?parent=34351"}],"wp:term":[{"taxonomy":"product_brand","embeddable":true,"href":"https:\/\/stonehouse.se\/en\/wp-json\/wp\/v2\/product_brand?post=34351"},{"taxonomy":"product_cat","embeddable":true,"href":"https:\/\/stonehouse.se\/en\/wp-json\/wp\/v2\/product_cat?post=34351"},{"taxonomy":"product_tag","embeddable":true,"href":"https:\/\/stonehouse.se\/en\/wp-json\/wp\/v2\/product_tag?post=34351"}],"curies":[{"name":"wp","href":"https:\/\/api.w.org\/{rel}","templated":true}]}}