
{"id":34353,"date":"2022-03-10T16:23:00","date_gmt":"2022-03-10T15:23:00","guid":{"rendered":"https:\/\/stonehouse.se\/produkt\/a4-skap-for-or-ritningar-svart-farg\/"},"modified":"2026-03-10T17:33:03","modified_gmt":"2026-03-10T16:33:03","slug":"a4-skap-for-or-ritningar-svart-farg","status":"publish","type":"product","link":"https:\/\/stonehouse.se\/en\/product\/a4-skap-for-or-ritningar-svart-farg\/","title":{"rendered":"A4-Sk\u00e5p Brandlarm f\u00f6r OR-ritningar Svart"},"content":{"rendered":"<h1>A4-Sk\u00e5p Brandlarm f\u00f6r OR-ritningar Svart<\/h1>\n<p>Dokumentsk\u00e5p f\u00f6r orienterings- och service-ritningar f\u00f6r brandlarmsanl\u00e4ggningar.<br \/>\nLuckan \u00f6ppnas med brandk\u00e5rsnyckel.<\/p>\n<p>OR-3-SVART har f\u00f6rst\u00e4rkt lock f\u00f6r att kan anv\u00e4ndas som bord f\u00f6r laptop eller ritningar.<br \/>\nOR-3 \u2013 ASSA \u00e4r med \u00f6ppen baksida f\u00f6r att kunna monteras \u00f6ver larmknappar mm.<\/p>\n<p>Sk\u00e5pen \u00e4r tillverkade i st\u00e5lpl\u00e5t och i f\u00e4rger enligt tabell nedan.<\/p>\n<p><img decoding=\"async\" class=\"alignnone size-full wp-image-123513183\" title=\"OR-SK\u00c5P Brandlarm A3 VITT F\u00d6R ASSA L\u00c5S 6308235\" src=\"https:\/\/securityonline.se\/wp-content\/uploads\/2023\/09\/Swanson-Or-skap.jpg\" alt=\"OR-SK\u00c5P Brandlarm A3 VITT F\u00d6R ASSA L\u00c5S 6308235\" width=\"618\" height=\"292\" \/><\/p>\n<p>Nyckelfunktioner<\/p>\n<p>H\u00f6jd art (mm): 350<\/p>\n<p>Bredd art (mm): 360<\/p>\n<p>Djup art (mm): 90<\/p>","protected":false},"excerpt":{"rendered":"<p><span data-teams=\"true\">Dessa sk\u00e5p levereras utan nyckel och om den beh\u00f6vs s\u00e5 k\u00f6per du den separat.<\/span><\/p>","protected":false},"featured_media":84938,"template":"","meta":{"_acf_changed":false},"product_brand":[],"product_cat":[592,2298],"product_tag":[],"class_list":{"0":"post-34353","1":"product","2":"type-product","3":"status-publish","4":"has-post-thumbnail","6":"product_cat-dokumentskap","7":"product_cat-or-skap-brand","8":"product_shipping_class-tunga-paket","9":"pa_brands-swansons","10":"pa_sakerhetssystem-larmtillbehor-elektronik","11":"tm-no-options","13":"first","14":"instock","15":"sale","16":"featured","17":"taxable","18":"shipping-taxable","19":"product-type-simple"},"acf":[],"_links":{"self":[{"href":"https:\/\/stonehouse.se\/en\/wp-json\/wp\/v2\/product\/34353","targetHints":{"allow":["GET"]}}],"collection":[{"href":"https:\/\/stonehouse.se\/en\/wp-json\/wp\/v2\/product"}],"about":[{"href":"https:\/\/stonehouse.se\/en\/wp-json\/wp\/v2\/types\/product"}],"wp:featuredmedia":[{"embeddable":true,"href":"https:\/\/stonehouse.se\/en\/wp-json\/wp\/v2\/media\/84938"}],"wp:attachment":[{"href":"https:\/\/stonehouse.se\/en\/wp-json\/wp\/v2\/media?parent=34353"}],"wp:term":[{"taxonomy":"product_brand","embeddable":true,"href":"https:\/\/stonehouse.se\/en\/wp-json\/wp\/v2\/product_brand?post=34353"},{"taxonomy":"product_cat","embeddable":true,"href":"https:\/\/stonehouse.se\/en\/wp-json\/wp\/v2\/product_cat?post=34353"},{"taxonomy":"product_tag","embeddable":true,"href":"https:\/\/stonehouse.se\/en\/wp-json\/wp\/v2\/product_tag?post=34353"}],"curies":[{"name":"wp","href":"https:\/\/api.w.org\/{rel}","templated":true}]}}