
{"id":34365,"date":"2022-03-10T16:21:00","date_gmt":"2022-03-10T15:21:00","guid":{"rendered":"https:\/\/stonehouse.se\/produkt\/oppnaknapp-exklusive-beroringsfri-12-26-v-ac-dc\/"},"modified":"2025-12-31T19:58:47","modified_gmt":"2025-12-31T18:58:47","slug":"oppnaknapp-exklusive-beroringsfri-12-26-v-ac-dc","status":"publish","type":"product","link":"https:\/\/stonehouse.se\/en\/product\/oppnaknapp-exklusive-beroringsfri-12-26-v-ac-dc\/","title":{"rendered":"\u00d6ppnaknapp Exklusive Ber\u00f6ringsfri (12-26 V AC\/DC)"},"content":{"rendered":"<p><u>Diameter f&ouml;r skruvarna &auml;r 60 mm och passar f&ouml;r montage i apparatdosa <\/u><\/p>\n<p>M&aring;tt: 86 x 86 x 7 (mm)<\/p>\n<p>Material: Tempererarat glas samt metall<\/p>\n<p>Effekt: DC 12-36 Volt AC\/DC polaritets oberoende.<\/p>\n<p>V&auml;xlande rel&auml;: NO \/ NC \/ COM<\/p>\n<p>Driftstemperatur: -10 \/ + 70 C<\/p>\n<p>Luftfuktighet: 10-90% (relativ luftfuktighet)<\/p>\n<p>K&auml;nslighetsavst&aring;nd: 1-15 cm (Justerbart)<\/p>\n<p>LED-indikator: Bl&aring; LED (op&aring;verkad) och gr&ouml;n vid ber&ouml;ring.<\/p>\n<p>Vikt: 125 gram<\/p>\n<p>Stonehouse logo p&aring; i f&ouml;rsta serien.<\/p>","protected":false},"excerpt":{"rendered":"<p>Tryckknappar \/ \u00d6ppningsknappar f\u00f6r d\u00f6rrar eller andra funktioner &#8211; Ber\u00f6ringsfri  s\u00e5 ingen kontakt beh\u00f6vs p\u00e5 ytan<\/p>","protected":false},"featured_media":93814,"template":"","meta":{"_acf_changed":false},"product_brand":[],"product_cat":[2599],"product_tag":[2505,2260,2304],"class_list":{"0":"post-34365","1":"product","2":"type-product","3":"status-publish","4":"has-post-thumbnail","6":"product_cat-oppnaknappar","7":"product_tag-oppnaknapp-beroringsfria","8":"product_tag-oppnaknappar","9":"product_tag-stonehouse-produkt","10":"product_shipping_class-postnord-varubrev","11":"pa_brands-stonehouse-security","12":"pa_sakerhetssystem-larmtillbehor-elektronik","13":"tm-no-options","15":"first","16":"instock","17":"sale","18":"featured","19":"taxable","20":"shipping-taxable","21":"product-type-simple"},"acf":[],"_links":{"self":[{"href":"https:\/\/stonehouse.se\/en\/wp-json\/wp\/v2\/product\/34365","targetHints":{"allow":["GET"]}}],"collection":[{"href":"https:\/\/stonehouse.se\/en\/wp-json\/wp\/v2\/product"}],"about":[{"href":"https:\/\/stonehouse.se\/en\/wp-json\/wp\/v2\/types\/product"}],"wp:featuredmedia":[{"embeddable":true,"href":"https:\/\/stonehouse.se\/en\/wp-json\/wp\/v2\/media\/93814"}],"wp:attachment":[{"href":"https:\/\/stonehouse.se\/en\/wp-json\/wp\/v2\/media?parent=34365"}],"wp:term":[{"taxonomy":"product_brand","embeddable":true,"href":"https:\/\/stonehouse.se\/en\/wp-json\/wp\/v2\/product_brand?post=34365"},{"taxonomy":"product_cat","embeddable":true,"href":"https:\/\/stonehouse.se\/en\/wp-json\/wp\/v2\/product_cat?post=34365"},{"taxonomy":"product_tag","embeddable":true,"href":"https:\/\/stonehouse.se\/en\/wp-json\/wp\/v2\/product_tag?post=34365"}],"curies":[{"name":"wp","href":"https:\/\/api.w.org\/{rel}","templated":true}]}}