
{"id":34378,"date":"2022-03-10T16:20:00","date_gmt":"2022-03-10T15:20:00","guid":{"rendered":"https:\/\/stonehouse.se\/produkt\/oppnaknapp-12-24-v-beroringsfri-std\/"},"modified":"2026-03-29T13:43:12","modified_gmt":"2026-03-29T11:43:12","slug":"oppnaknapp-12-24-v-beroringsfri-std","status":"publish","type":"product","link":"https:\/\/stonehouse.se\/en\/product\/oppnaknapp-12-24-v-beroringsfri-std\/","title":{"rendered":"\u00d6ppnaknapp Easy 12-24 V Ber\u00f6ringsfri (Std) K4"},"content":{"rendered":"<div>\n<div>\n<div>\n<div>\n<h1>\u00d6ppnaknapp Easy 12-24 V Ber\u00f6ringsfri (Std)<\/h1>\n<p>Denna ber\u00f6ringsfria knapp \u00e4r en smidig och effektiv l\u00f6sning f\u00f6r att minska kontakt med ytor och d\u00e4rmed minska risken f\u00f6r smittspridning. Med en storlek p\u00e5 86L<em>86W<\/em>20H mm \u00e4r den kompakt och l\u00e4tt att placera i olika milj\u00f6er.<\/p>\n<p>Med en str\u00f6mf\u00f6rs\u00f6rjning p\u00e5 DC12-24V \u00e4r den m\u00e5ngsidig och kan anslutas till olika str\u00f6mk\u00e4llor.<\/p>\n<p>Dess output-kontakt kan konfigureras som NO (normalt \u00f6ppen), NC (normalt st\u00e4ngd) eller COM (gemensam) f\u00f6r att passa olika anv\u00e4ndningsbehov.<\/p>\n<p>Den ber\u00f6ringsk\u00e4nsliga avst\u00e5ndet \u00e4r justerbart mellan 5-20 cm, vilket g\u00f6r det m\u00f6jligt att anpassa den efter olika anv\u00e4ndares behov. Tidsf\u00f6rdr\u00f6jningen kan ocks\u00e5 justeras fr\u00e5n 0-30 sekunder f\u00f6r att passa olika situationer.<\/p>\n<p>En LED-indikator visar tydligt enhetens status, med en r\u00f6d standby-lampa och en gr\u00f6n responslampa. F\u00e4rgerna p\u00e5 LED-lamporna kan anpassas efter \u00f6nskem\u00e5l.<\/p>\n<p>Tillverkad av h\u00e5llbart ABS-material \u00e4r den h\u00e4r knappen b\u00e5de robust och p\u00e5litlig f\u00f6r l\u00e5ngvarig anv\u00e4ndning. Dess panellogo \u00e4r ocks\u00e5 anpassningsbar f\u00f6r att passa olika varum\u00e4rkesbehov och milj\u00f6er.<\/p>\n<p><u>Nu med ingjuten elektronik och st\u00e4llbar tid.<\/u><\/p>\n<p>M\u00e5tt: 86 x 55 x 20 (mm)<\/p>\n<p>Milj\u00f6: IP67<\/p>\n<p>Material: PC + ABS<\/p>\n<p>Effekt: DC 12 \/ 24V<\/p>\n<p>V\u00e4xlande rel\u00e4: NO \/ NC \/ COM<\/p>\n<p>Mekanisk livsl\u00e4ngd: 500000 g\u00e5nger<\/p>\n<p>Driftstemperatur: -20 \/ + 55 C<\/p>\n<p>Luftfuktighet: 0-95% (relativ luftfuktighet)<\/p>\n<p>K\u00e4nslighetsavst\u00e5nd: 3-15 cm (Justerbart)<\/p>\n<p>Tid f\u00f6r \u00f6ppet rel\u00e4: 0 ~ 30s\u00a0 (Justerbar)<\/p>\n<p>LED-indikator: R\u00f6d LED (op\u00e5verkad) och gr\u00f6n vid ber\u00f6ring.<\/p>\n<p>Vikt: 83 g<\/p>\n<p><u>Nu med ingjuten elektronik och st\u00e4llbar tid.<\/u><\/p>\n<p>Du p\u00e5verkar knappen p\u00e5 ett valfritt avst\u00e5nd p\u00e5 3 &#8211; 15 centimeter vilket g\u00f6r passagen s\u00e4ker p\u00e5 alla s\u00e4tt.<\/p>\n<p>Du st\u00e4ller \u00e4ven tiden som rel\u00e4et \u00e4r v\u00e4xlande<\/p>\n<p>Passar bra d\u00e4r man passerar ofta och man slipper problem med fj\u00e4drar som g\u00e5r s\u00f6nder.<\/p>\n<p>Indikeringen v\u00e4xlar fr\u00e5n r\u00f6tt till gr\u00f6nt n\u00e4r d\u00f6rren \u00f6ppnas<span style=\"color: #999999;font-size: 16px\">.<\/span><\/p>\n<p><span style=\"color: #999999;font-size: 16px\"><u>\u00a0\u00a0\u00a0\u00a0\u00a0\u00a0\u00a0\u00a0\u00a0\u00a0\u00a0\u00a0\u00a0\u00a0\u00a0\u00a0\u00a0\u00a0\u00a0\u00a0\u00a0\u00a0\u00a0\u00a0\u00a0\u00a0\u00a0\u00a0\u00a0\u00a0\u00a0\u00a0\u00a0\u00a0\u00a0\u00a0\u00a0\u00a0\u00a0\u00a0\u00a0\u00a0\u00a0\u00a0\u00a0\u00a0\u00a0\u00a0\u00a0\u00a0\u00a0\u00a0\u00a0\u00a0\u00a0\u00a0\u00a0\u00a0\u00a0\u00a0\u00a0\u00a0\u00a0\u00a0\u00a0\u00a0\u00a0\u00a0\u00a0\u00a0\u00a0\u00a0\u00a0\u00a0\u00a0\u00a0\u00a0\u00a0\u00a0\u00a0\u00a0\u00a0\u00a0\u00a0\u00a0\u00a0\u00a0\u00a0\u00a0\u00a0\u00a0\u00a0\u00a0\u00a0\u00a0\u00a0\u00a0\u00a0\u00a0\u00a0\u00a0\u00a0\u00a0\u00a0\u00a0\u00a0\u00a0\u00a0\u00a0\u00a0\u00a0\u00a0\u00a0\u00a0\u00a0\u00a0 <\/u><\/span><\/p>\n<p>M\u00e5tt: 86 x 86 x 20 (mm)<\/p>\n<p>Milj\u00f6: IP67<\/p>\n<p>Material: PC + ABS<\/p>\n<p>Effekt: DC 12 \/ 24V<\/p>\n<p>V\u00e4xlande rel\u00e4: NO \/ NC \/ COM<\/p>\n<p>Mekanisk livsl\u00e4ngd: 500000 g\u00e5nger<\/p>\n<p>Driftstemperatur: -20 \/ + 55 C<\/p>\n<p>Luftfuktighet: 0-95% (relativ luftfuktighet)<\/p>\n<p>K\u00e4nslighetsavst\u00e5nd: 3-15 cm (Justerbart)<\/p>\n<p>Tid f\u00f6r \u00f6ppet rel\u00e4: 0 ~ 30s\u00a0 (Justerbar)<\/p>\n<p>LED-indikator: R\u00f6d LED (op\u00e5verkad) och gr\u00f6n vid ber\u00f6ring.<\/p>\n<p>Vikt: 122 g<\/p>\n<\/div>\n<\/div>\n<\/div>\n<\/div>","protected":false},"excerpt":{"rendered":"<h1>\u00d6ppnaknapp Easy 12-24 V Ber\u00f6ringsfri (Std)<\/h1>\n<p>Denna ber\u00f6ringsfria knapp \u00e4r en smidig och effektiv l\u00f6sning f\u00f6r att minska kontakt med ytor och d\u00e4rmed minska risken f\u00f6r smittspridning. Med en storlek p\u00e5 86L86<em>W<\/em>20H mm \u00e4r den kompakt och l\u00e4tt att placera i olika milj\u00f6er.<\/p>\n<p>Med en str\u00f6mf\u00f6rs\u00f6rjning p\u00e5 DC12-24V \u00e4r den m\u00e5ngsidig och kan anslutas till olika str\u00f6mk\u00e4llor.<\/p>","protected":false},"featured_media":93810,"template":"","meta":{"_acf_changed":false},"product_brand":[],"product_cat":[2599],"product_tag":[2505,2260,2304],"class_list":{"0":"post-34378","1":"product","2":"type-product","3":"status-publish","4":"has-post-thumbnail","6":"product_cat-oppnaknappar","7":"product_tag-oppnaknapp-beroringsfria","8":"product_tag-oppnaknappar","9":"product_tag-stonehouse-produkt","10":"product_shipping_class-postnord-varubrev","11":"pa_brands-stonehouse-security","12":"pa_sakerhetssystem-larmtillbehor-elektronik","13":"tm-no-options","15":"first","16":"instock","17":"sale","18":"featured","19":"taxable","20":"shipping-taxable","21":"product-type-simple"},"acf":[],"_links":{"self":[{"href":"https:\/\/stonehouse.se\/en\/wp-json\/wp\/v2\/product\/34378","targetHints":{"allow":["GET"]}}],"collection":[{"href":"https:\/\/stonehouse.se\/en\/wp-json\/wp\/v2\/product"}],"about":[{"href":"https:\/\/stonehouse.se\/en\/wp-json\/wp\/v2\/types\/product"}],"wp:featuredmedia":[{"embeddable":true,"href":"https:\/\/stonehouse.se\/en\/wp-json\/wp\/v2\/media\/93810"}],"wp:attachment":[{"href":"https:\/\/stonehouse.se\/en\/wp-json\/wp\/v2\/media?parent=34378"}],"wp:term":[{"taxonomy":"product_brand","embeddable":true,"href":"https:\/\/stonehouse.se\/en\/wp-json\/wp\/v2\/product_brand?post=34378"},{"taxonomy":"product_cat","embeddable":true,"href":"https:\/\/stonehouse.se\/en\/wp-json\/wp\/v2\/product_cat?post=34378"},{"taxonomy":"product_tag","embeddable":true,"href":"https:\/\/stonehouse.se\/en\/wp-json\/wp\/v2\/product_tag?post=34378"}],"curies":[{"name":"wp","href":"https:\/\/api.w.org\/{rel}","templated":true}]}}