
{"id":34397,"date":"2022-03-10T16:16:00","date_gmt":"2022-03-10T15:16:00","guid":{"rendered":"https:\/\/stonehouse.se\/produkt\/tagg-abs-pro-mifare-desfire-ev2-farg-rod-minnestorlek-2k\/"},"modified":"2026-03-31T17:11:56","modified_gmt":"2026-03-31T15:11:56","slug":"tagg-mifare-desfire-ev2-2k-uranus-pro-rod","status":"publish","type":"product","link":"https:\/\/stonehouse.se\/en\/product\/tagg-mifare-desfire-ev2-2k-uranus-pro-rod\/","title":{"rendered":"Uranus Pro &#8211; MIFARE DESFire &#8211; EV2 2K &#8211; R\u00f6d"},"content":{"rendered":"<h1><strong>Tagg Mifare DESFire Uranus Pro- H\u00f6gre s\u00e4kerhet\u00a0<\/strong><\/h1>\n<h3>Denna tagg fungerar i system som anv\u00e4nder DESFire teknik.<\/h3>\n<p><span style=\"text-decoration: underline\"><strong>RCO, Bewator\/Vanderbilt, Aptus, ASSA ARX, \u00a0bes\u00f6kssystem &amp; inloggning.<\/strong><\/span><\/p>\n<p>Observera att taggen ej \u00e4r programmerad med RAID f\u00f6r RCO utan levereras med standard chip.<\/p>\n<p>V\u00e5r &#8220;Uranus Pro&#8221; Tagg Mifare DESFire \u00e4r skapad f\u00f6r att m\u00f6ta de mest kr\u00e4vande behoven inom s\u00e4kerhet och identifiering.<\/p>\n<p>Med sin robusta konstruktion i ABS-material och tunna profil p\u00e5 endast 2,9 mm, erbjuder den en perfekt balans mellan h\u00e5llbarhet och elegans.<\/p>\n<p>Dess stilrena yta g\u00f6r den idealisk f\u00f6r att graveras med standardnummer eller inkludera din logotyp, antingen genom graverat eller f\u00e4rgat utf\u00f6rande.<\/p>\n<p>V\u00e5ra taggar passar f\u00f6r passersystem, bes\u00f6kssystem, Bokning, larm, billaddare, lagerhantering\u00a0 eller andra till\u00e4mpningar<\/p>\n<p>Tagg &#8220;Uranus Pro&#8221; med Tagg Mifare DESFire chip ger h\u00f6gre s\u00e4kerhet \u00e4n Mifare Classic.<\/p>\n<p>Den finns i m\u00e5nga varianter av Tagg Mifare DESFire och vi kan \u00e4ven tillverka den med ditt eget val av chip.<\/p>\n<p>Standard idag idag f\u00f6r passerbrickor \u00e4r: EM4200, Mifare1k, kombitaggar samt DESFire, oavsett s\u00e5 kan vi skr\u00e4ddarsy taggen f\u00f6r Er.<\/p>\n<p>Vi f\u00f6rst\u00e5r vikten av att leverera h\u00f6gkvalitativa RFID-taggar som uppfyller dagens krav och f\u00f6rv\u00e4ntningar.<\/p>\n<p>D\u00e4rf\u00f6r str\u00e4var vi efter att erbjuda den b\u00e4sta tekniken och kompatibiliteten f\u00f6r att f\u00f6rb\u00e4ttra s\u00e4kerheten och effektiviteten i dina system.<\/p>\n<p><strong><span style=\"text-decoration: underline\">Anpassad f\u00f6r unika projekt &#8211; Tagg Mifare DESFire Uranus Pro<\/span><\/strong><\/p>\n<p>F\u00f6rdelarna med v\u00e5ra RFID tags inkluderar kompatibilitet med olika system\/tekniker samt m\u00f6jligheten att skr\u00e4ddarsy taggarna f\u00f6r unika projekt.<\/p>\n<p>Vi kan programmera och integrera olika chip f\u00f6r att m\u00f6ta specifika applikationskrav och skapa anpassade l\u00f6sningar.<\/p>\n<p>Kontakta oss idag f\u00f6r att diskutera dina projektid\u00e9er och f\u00e5 en skr\u00e4ddarsydd RFID-taggl\u00f6sning f\u00f6r dina behov.<\/p>\n<p><strong>Snabb leverans och alltid lagerf\u00f6rd &#8211; Tagg Mifare DESFire finns i olika versioner\u00a0<\/strong><\/p>\n<p>&#8220;Uranus Pro&#8221; RFID nyckelbricka finns alltid i lager med \u00f6ver 80 000 enheter i 6 f\u00e4rger (R\u00f6d, Bl\u00e5, Vit, Svart, Gr\u00f6n, Gul) och med olika chip.<\/p>\n<p>Med hj\u00e4lp av v\u00e5ra lasermaskiner och programvaror kan du v\u00e4lja logo &amp; unika nummer f\u00f6r gravering med leverans inom 1-3 dagar.<\/p>\n<p>Som alltid! Tagg Mifare DESFire med Originalchip fr\u00e5n<a href=\"https:\/\/www.nxp.com\/\" target=\"_blank\" rel=\"noopener\"> NXP<\/a><\/p>\n<p><strong>Passar till allt och alla &#8211;\u00a0 Tagg Mifare DESFire<\/strong><\/p>\n<ul>\n<li>Access control system<\/li>\n<li>Bes\u00f6kssystem<\/li>\n<li>Bokning<\/li>\n<li>Larm och s\u00e4kerhetssystem<\/li>\n<\/ul>\n<p><strong>F\u00f6rdelar med &#8220;Uranus Pro&#8221; &#8211; Tagg Mifare DESFire<\/strong><\/p>\n<ul>\n<li>Robust konstruktion i ABS-material<\/li>\n<li>Tunn profil p\u00e5 endast 2,9 mm<\/li>\n<li>M\u00f6jlighet att gravera standardnummer eller inkludera logotyp<\/li>\n<li>Stort utbud av chipvarianter f\u00f6r att passa olika behov och alltid lagerf\u00f6rd.<\/li>\n<\/ul>\n<ul>\n<li>Stort utbud av chipvarianter f\u00f6r att passa olika behov och alltid lagerf\u00f6rd.<\/li>\n<\/ul>","protected":false},"excerpt":{"rendered":"<p>V\u00e5r popul\u00e4raste RFID tag &#8220;Uranus Pro&#8221; &#8211; den perfekta l\u00f6sningen f\u00f6r s\u00e4kerhets- och identifieringssystem.<br \/>\nH\u00e4r med DESFIRE chip.<br \/>\nDu kan v\u00e4lja till graverade nummer exempevis l\u00f6pnummer.<\/p>","protected":false},"featured_media":95064,"template":"","meta":{"_acf_changed":false},"product_brand":[],"product_cat":[3543,360],"product_tag":[1661,2678,2636,1284,3793,3403,1287,2304],"class_list":{"0":"post-34397","1":"product","2":"type-product","3":"status-publish","4":"has-post-thumbnail","6":"product_cat-alla-taggar-i-butiken","7":"product_cat-rfid-tagg-pro","8":"product_tag-desfire-lop-logo","9":"product_tag-desfire-ev2-2k","10":"product_tag-desfire-taggar-kort","11":"product_tag-ej-lagerfraga","12":"product_tag-fungerar-ej-till-yale","13":"product_tag-nxp","14":"product_tag-rfid-500","15":"product_tag-stonehouse-produkt","16":"product_shipping_class-postnord-varubrev","17":"pa_brands-stonehouse-security","18":"pa_chip-teknik-mifare-desfire-2k-minne","19":"pa_farg-rod","20":"pa_sakerhetssystem-rfid-taggar","21":"pa_tagg-abs-pro-2-9-mm-tagg-abs-pro","22":"tm-no-options","24":"first","25":"onbackorder","26":"sale","27":"featured","28":"taxable","29":"shipping-taxable","30":"product-type-simple"},"acf":[],"_links":{"self":[{"href":"https:\/\/stonehouse.se\/en\/wp-json\/wp\/v2\/product\/34397","targetHints":{"allow":["GET"]}}],"collection":[{"href":"https:\/\/stonehouse.se\/en\/wp-json\/wp\/v2\/product"}],"about":[{"href":"https:\/\/stonehouse.se\/en\/wp-json\/wp\/v2\/types\/product"}],"wp:featuredmedia":[{"embeddable":true,"href":"https:\/\/stonehouse.se\/en\/wp-json\/wp\/v2\/media\/95064"}],"wp:attachment":[{"href":"https:\/\/stonehouse.se\/en\/wp-json\/wp\/v2\/media?parent=34397"}],"wp:term":[{"taxonomy":"product_brand","embeddable":true,"href":"https:\/\/stonehouse.se\/en\/wp-json\/wp\/v2\/product_brand?post=34397"},{"taxonomy":"product_cat","embeddable":true,"href":"https:\/\/stonehouse.se\/en\/wp-json\/wp\/v2\/product_cat?post=34397"},{"taxonomy":"product_tag","embeddable":true,"href":"https:\/\/stonehouse.se\/en\/wp-json\/wp\/v2\/product_tag?post=34397"}],"curies":[{"name":"wp","href":"https:\/\/api.w.org\/{rel}","templated":true}]}}